{"id":290808,"date":"2026-02-25T12:26:09","date_gmt":"2026-02-25T11:26:09","guid":{"rendered":"https:\/\/megacase.com\/?post_type=product&#038;p=290808"},"modified":"2026-03-11T11:58:40","modified_gmt":"2026-03-11T10:58:40","slug":"epson-eb-l690su-draagtas-met-vakken","status":"publish","type":"product","link":"https:\/\/megacase.com\/nl\/product\/epson-eb-l690su-draagtas-met-vakken\/","title":{"rendered":"Epson EB-L690SU draagtas met vakken"},"content":{"rendered":"<p>Robuuste en perfect passende transportkoffer voor de Epson EB-L690SU projector. Het apparaat wordt stevig op zijn plaats gehouden door hoogwaardige schuimvulling en optimaal beschermd tegen stoten en beschadigingen tijdens transport. Twee ge\u00efntegreerde accessoirevakken bieden extra ruimte voor kabels, afstandsbediening of andere apparatuur.<\/p>\n<p>De stevige constructie van fenolhars multiplex en hoogwaardige beslag maakt de koffer ideaal voor professioneel gebruik bij evenementen, installaties en tournees.<\/p>\n<p>Kenmerken:<br \/>\n6,8 mm bruin fenolhars multiplex<br \/>\n30 \u00d7 30 mm aluminium profiel<br \/>\n4 middelgrote L-hoeken<br \/>\n2 middelgrote vlindersluitingen<br \/>\n2 grote vergrendelbare scharnieren<br \/>\n3 middelgrote inklapbare handgrepen<br \/>\n4 middelgrote stalen kogelhoeken<br \/>\n4 stalen kogelhoeken met L-vormige hoeken<br \/>\nOp maat gemaakte schuimvulling<br \/>\n2 accessoirevakken<\/p>\n<p>Gemaakt in Duitsland<br \/>\nBuitenafmetingen (B \u00d7 D \u00d7 H): ca. 780 \u00d7 410 \u00d7 238 mm<br \/>\nGewicht: ca. 10,3 kg<\/p>\n","protected":false},"excerpt":{"rendered":"<p>Robuuste en perfect passende transportkoffer voor de Epson EB-L690SU projector. Het apparaat wordt stevig op zijn plaats gehouden door hoogwaardige<\/p>\n","protected":false},"featured_media":290765,"template":"","meta":{"_acf_changed":false},"product_brand":[],"product_cat":[16372],"product_tag":[],"class_list":{"0":"post-290808","1":"product","2":"type-product","3":"status-publish","4":"has-post-thumbnail","6":"product_cat-cases-fuer-video-equipment-nl","8":"first","9":"instock","10":"taxable","11":"shipping-taxable","12":"purchasable","13":"product-type-simple"},"acf":[],"_links":{"self":[{"href":"https:\/\/megacase.com\/nl\/wp-json\/wp\/v2\/product\/290808","targetHints":{"allow":["GET"]}}],"collection":[{"href":"https:\/\/megacase.com\/nl\/wp-json\/wp\/v2\/product"}],"about":[{"href":"https:\/\/megacase.com\/nl\/wp-json\/wp\/v2\/types\/product"}],"wp:featuredmedia":[{"embeddable":true,"href":"https:\/\/megacase.com\/nl\/wp-json\/wp\/v2\/media\/290765"}],"wp:attachment":[{"href":"https:\/\/megacase.com\/nl\/wp-json\/wp\/v2\/media?parent=290808"}],"wp:term":[{"taxonomy":"product_brand","embeddable":true,"href":"https:\/\/megacase.com\/nl\/wp-json\/wp\/v2\/product_brand?post=290808"},{"taxonomy":"product_cat","embeddable":true,"href":"https:\/\/megacase.com\/nl\/wp-json\/wp\/v2\/product_cat?post=290808"},{"taxonomy":"product_tag","embeddable":true,"href":"https:\/\/megacase.com\/nl\/wp-json\/wp\/v2\/product_tag?post=290808"}],"curies":[{"name":"wp","href":"https:\/\/api.w.org\/{rel}","templated":true}]}}