{"id":279433,"date":"2026-03-26T10:14:48","date_gmt":"2026-03-26T09:14:48","guid":{"rendered":"https:\/\/megacase.com\/?post_type=product&#038;p=279433"},"modified":"2026-03-26T10:14:48","modified_gmt":"2026-03-26T09:14:48","slug":"professionele-koffer-met-een-deur-voor-weense-pauken-met-oprijplaat","status":"publish","type":"product","link":"https:\/\/megacase.com\/nl\/product\/professionele-koffer-met-een-deur-voor-weense-pauken-met-oprijplaat\/","title":{"rendered":"Professionele koffer met \u00e9\u00e9n deur voor Weense pauken met oprijplaat"},"content":{"rendered":"<p>Professionele koffer met \u00e9\u00e9n deur voor Weense pauken 80x82x95 cm BxDxH<br \/>\nAparte rolplank<br \/>\nVak voor reservekop<br \/>\nDeurscharnier rechts<\/p>\n<p>9 mm bruin fenolmultiplex<br \/>\n30\/30 aluminium rand<br \/>\n4 grote L-vormige hoeken<br \/>\n2 middelgrote L-vormige scharnieren<br \/>\n6 middelgrote inklapbare handgrepen<br \/>\n2 middelgrote vlinderscharnieren<br \/>\n6 scharnieren met 6 gaten<br \/>\n8 grote bolhoeken<br \/>\n5 zwenkwielen van 100 mm, waarvan 3 met rem<br \/>\n4 zwenkwielen van 80 mm voor rolplank<br \/>\nSchuimrubberen bekleding<\/p>\n<p>Gemaakt in Duitsland<br \/>\nBuitenafmetingen ca. BxDxH 1050x800x1300 mm<br \/>\nGewicht ca. 92,5 kg<\/p>\n","protected":false},"excerpt":{"rendered":"<p>Professionele koffer met \u00e9\u00e9n deur voor Weense pauken 80x82x95 cm BxDxH Aparte rolplank Vak voor reservekop Deurscharnier rechts 9 mm<\/p>\n","protected":false},"featured_media":279410,"template":"","meta":{"_acf_changed":false},"product_brand":[],"product_cat":[15043],"product_tag":[],"class_list":{"0":"post-279433","1":"product","2":"type-product","3":"status-publish","4":"has-post-thumbnail","6":"product_cat-uncategorized-de","8":"first","9":"instock","10":"taxable","11":"shipping-taxable","12":"purchasable","13":"product-type-simple"},"acf":[],"_links":{"self":[{"href":"https:\/\/megacase.com\/nl\/wp-json\/wp\/v2\/product\/279433","targetHints":{"allow":["GET"]}}],"collection":[{"href":"https:\/\/megacase.com\/nl\/wp-json\/wp\/v2\/product"}],"about":[{"href":"https:\/\/megacase.com\/nl\/wp-json\/wp\/v2\/types\/product"}],"wp:featuredmedia":[{"embeddable":true,"href":"https:\/\/megacase.com\/nl\/wp-json\/wp\/v2\/media\/279410"}],"wp:attachment":[{"href":"https:\/\/megacase.com\/nl\/wp-json\/wp\/v2\/media?parent=279433"}],"wp:term":[{"taxonomy":"product_brand","embeddable":true,"href":"https:\/\/megacase.com\/nl\/wp-json\/wp\/v2\/product_brand?post=279433"},{"taxonomy":"product_cat","embeddable":true,"href":"https:\/\/megacase.com\/nl\/wp-json\/wp\/v2\/product_cat?post=279433"},{"taxonomy":"product_tag","embeddable":true,"href":"https:\/\/megacase.com\/nl\/wp-json\/wp\/v2\/product_tag?post=279433"}],"curies":[{"name":"wp","href":"https:\/\/api.w.org\/{rel}","templated":true}]}}