{"id":275961,"date":"2025-07-01T09:52:14","date_gmt":"2025-07-01T07:52:14","guid":{"rendered":"https:\/\/megacase.com\/?post_type=product&#038;p=275961"},"modified":"2026-03-12T12:25:46","modified_gmt":"2026-03-12T11:25:46","slug":"schuifdeurkast-met-5-laden-wieluitsparingen-wielen","status":"publish","type":"product","link":"https:\/\/megacase.com\/nl\/product\/schuifdeurkast-met-5-laden-wieluitsparingen-wielen\/","title":{"rendered":"Schuifdeurkast met 5 laden + wieluitsparingen + wielen"},"content":{"rendered":"<p>Schuifdeurkast met 5 laden, wieluitsparingen en wielen<\/p>\n<p>Robuuste en veelzijdige schuifdeurkast, ideaal voor professioneel gebruik in tournee-, studio- of evenemententechniek. De schuifdeur aan de voorzijde biedt snelle toegang tot de 5 laden, terwijl de achterzijde vast blijft. Elke lade is voorzien van schuimrubberen inzetstukken en een tussenschot, voor optimale bescherming van gevoelige apparatuur.<\/p>\n<p>Binnenafmetingen laden (bruikbaar)<\/p>\n<p>B \u00d7 D: ca. 442 \u00d7 450 mm<\/p>\n<p>Hoogte: 1 \u00d7 101 mm, 2 \u00d7 148 mm, 2 \u00d7 212 mm<\/p>\n<p>Kenmerken:<br \/>\n9 mm gekleurd multiplex<br \/>\n&#8211; Kleur vrij te kiezen uit onze kleurenkaart!<br \/>\nStevige aluminium profielen van 30 x 30 mm<br \/>\n4 inklapbare handgrepen (medium)<br \/>\n2 Dockhouse sluitingen<br \/>\n3 zwarte scharnieren<br \/>\n8 platte kogelhoeken<br \/>\n1 labelhouder<br \/>\n4 zwenkwielen \u00d8 100 mm, waarvan 2 geremd<br \/>\n4 PVC wieldoppen<br \/>\n4 diepe wieluitsparingen<br \/>\nOp maat gemaakte schuimvulling voor veilige ondersteuning en bescherming van de inhoud<\/p>\n<p>Gemaakt in Duitsland<br \/>\nBuitenafmetingen ca. BxDxH 600x600x1387 mm<br \/>\nGewicht ca. 85,6 kg<\/p>\n","protected":false},"excerpt":{"rendered":"<p>Schuifdeurkast met 5 laden, wieluitsparingen en wielen Robuuste en veelzijdige schuifdeurkast, ideaal voor professioneel gebruik in tournee-, studio- of evenemententechniek.<\/p>\n","protected":false},"featured_media":275922,"template":"","meta":{"_acf_changed":false},"product_brand":[],"product_cat":[13814],"product_tag":[],"class_list":{"0":"post-275961","1":"product","2":"type-product","3":"status-publish","4":"has-post-thumbnail","6":"product_cat-case-zubehoer-nl","8":"first","9":"instock","10":"taxable","11":"shipping-taxable","12":"purchasable","13":"product-type-simple"},"acf":[],"_links":{"self":[{"href":"https:\/\/megacase.com\/nl\/wp-json\/wp\/v2\/product\/275961","targetHints":{"allow":["GET"]}}],"collection":[{"href":"https:\/\/megacase.com\/nl\/wp-json\/wp\/v2\/product"}],"about":[{"href":"https:\/\/megacase.com\/nl\/wp-json\/wp\/v2\/types\/product"}],"wp:featuredmedia":[{"embeddable":true,"href":"https:\/\/megacase.com\/nl\/wp-json\/wp\/v2\/media\/275922"}],"wp:attachment":[{"href":"https:\/\/megacase.com\/nl\/wp-json\/wp\/v2\/media?parent=275961"}],"wp:term":[{"taxonomy":"product_brand","embeddable":true,"href":"https:\/\/megacase.com\/nl\/wp-json\/wp\/v2\/product_brand?post=275961"},{"taxonomy":"product_cat","embeddable":true,"href":"https:\/\/megacase.com\/nl\/wp-json\/wp\/v2\/product_cat?post=275961"},{"taxonomy":"product_tag","embeddable":true,"href":"https:\/\/megacase.com\/nl\/wp-json\/wp\/v2\/product_tag?post=275961"}],"curies":[{"name":"wp","href":"https:\/\/api.w.org\/{rel}","templated":true}]}}