{"id":275894,"date":"2015-08-27T00:00:00","date_gmt":"2015-08-26T22:00:00","guid":{"rendered":"https:\/\/megacase.com\/product\/kist-voor-een-55-inch-tv-scherm-en-accessoires-in-een-compartiment\/"},"modified":"2015-08-27T00:00:00","modified_gmt":"2015-08-26T22:00:00","slug":"kist-voor-een-55-inch-tv-scherm-en-accessoires-in-een-compartiment","status":"publish","type":"product","link":"https:\/\/megacase.com\/nl\/product\/kist-voor-een-55-inch-tv-scherm-en-accessoires-in-een-compartiment\/","title":{"rendered":"Kist voor een 55-inch tv-scherm en accessoires in \u00e9\u00e9n compartiment"},"content":{"rendered":"<p>Kist voor een 55-inch tv-scherm en accessoires in \u00e9\u00e9n compartiment<\/p>\n<p>6,8 mm multiplex, fenolharscoating, bruin<br \/>\n30 x 30 mm aluminium rand<br \/>\n4 middelgrote vlindersloten<br \/>\n4 middelgrote inklapbare handgrepen<br \/>\n8 bolhoeken<br \/>\n4 zwenkwielen, waarvan 2 met rem<br \/>\nBinnenuitrusting<br \/>\nSchuimvulling + los schuim<\/p>\n<p>Gemaakt in Duitsland<br \/>\nBuitenafmetingen: B x D x H 1320 x 440 x 950 mm<br \/>\nGewicht: 39,60 kg<\/p>\n","protected":false},"excerpt":{"rendered":"<p>Kist voor een 55-inch tv-scherm en accessoires in \u00e9\u00e9n compartiment 6,8 mm multiplex, fenolharscoating, bruin 30 x 30 mm aluminium<\/p>\n","protected":false},"featured_media":95367,"template":"","meta":{"_acf_changed":false},"product_brand":[],"product_cat":[13664],"product_tag":[],"class_list":{"0":"post-275894","1":"product","2":"type-product","3":"status-publish","4":"has-post-thumbnail","6":"product_cat-plasma-cases-nl","8":"first","9":"instock","10":"taxable","11":"shipping-taxable","12":"purchasable","13":"product-type-simple"},"acf":[],"_links":{"self":[{"href":"https:\/\/megacase.com\/nl\/wp-json\/wp\/v2\/product\/275894","targetHints":{"allow":["GET"]}}],"collection":[{"href":"https:\/\/megacase.com\/nl\/wp-json\/wp\/v2\/product"}],"about":[{"href":"https:\/\/megacase.com\/nl\/wp-json\/wp\/v2\/types\/product"}],"wp:featuredmedia":[{"embeddable":true,"href":"https:\/\/megacase.com\/nl\/wp-json\/wp\/v2\/media\/95367"}],"wp:attachment":[{"href":"https:\/\/megacase.com\/nl\/wp-json\/wp\/v2\/media?parent=275894"}],"wp:term":[{"taxonomy":"product_brand","embeddable":true,"href":"https:\/\/megacase.com\/nl\/wp-json\/wp\/v2\/product_brand?post=275894"},{"taxonomy":"product_cat","embeddable":true,"href":"https:\/\/megacase.com\/nl\/wp-json\/wp\/v2\/product_cat?post=275894"},{"taxonomy":"product_tag","embeddable":true,"href":"https:\/\/megacase.com\/nl\/wp-json\/wp\/v2\/product_tag?post=275894"}],"curies":[{"name":"wp","href":"https:\/\/api.w.org\/{rel}","templated":true}]}}