{"id":275488,"date":"2026-03-26T10:14:58","date_gmt":"2026-03-26T09:14:58","guid":{"rendered":"https:\/\/megacase.com\/?post_type=product&#038;p=275488"},"modified":"2026-03-26T10:14:58","modified_gmt":"2026-03-26T09:14:58","slug":"behuizing-met-een-deur-27-inch-display","status":"publish","type":"product","link":"https:\/\/megacase.com\/nl\/product\/behuizing-met-een-deur-27-inch-display\/","title":{"rendered":"Behuizing met \u00e9\u00e9n deur 27-inch display"},"content":{"rendered":"<p>Behuizing met \u00e9\u00e9n deur, geschikt voor een 27-inch display.<br \/>\nDankzij de flens aan de onderkant kan de behuizing worden gebruikt als informatiezuil of klantendisplay.<\/p>\n<p>6,8 mm multiplex, gecoat met fenolhars<br \/>\nKleur: bruin<br \/>\n22 x 22 mm aluminium rand<br \/>\n2 kleine vlindersloten<br \/>\n1 middelgrote inklapbare handgreep<br \/>\n8 kleine bolhoeken<br \/>\n4 rubberen voetjes (25 x 15 mm)<br \/>\n1 serviceluik<br \/>\nLuidsprekerflens geschikt voor buisdiameters (filters) &#8211; 35 mm<br \/>\nRackrails met rubberbevestiging<br \/>\nMontageplaat met VESA-montagegaten van 100 mm<br \/>\nInclusief M4 x 15 schroeven<\/p>\n<p>Afmetingen B x D x H: 747 x 420 x 235 mm<br \/>\nGewicht: 9,5 kg<br \/>\nGemaakt in Duitsland<\/p>\n","protected":false},"excerpt":{"rendered":"<p>Behuizing met \u00e9\u00e9n deur, geschikt voor een 27-inch display. Dankzij de flens aan de onderkant kan de behuizing worden gebruikt<\/p>\n","protected":false},"featured_media":275457,"template":"","meta":{"_acf_changed":false},"product_brand":[],"product_cat":[16332],"product_tag":[],"class_list":{"0":"post-275488","1":"product","2":"type-product","3":"status-publish","4":"has-post-thumbnail","6":"product_cat-uncategorized-nl","8":"first","9":"instock","10":"taxable","11":"shipping-taxable","12":"purchasable","13":"product-type-simple"},"acf":[],"_links":{"self":[{"href":"https:\/\/megacase.com\/nl\/wp-json\/wp\/v2\/product\/275488","targetHints":{"allow":["GET"]}}],"collection":[{"href":"https:\/\/megacase.com\/nl\/wp-json\/wp\/v2\/product"}],"about":[{"href":"https:\/\/megacase.com\/nl\/wp-json\/wp\/v2\/types\/product"}],"wp:featuredmedia":[{"embeddable":true,"href":"https:\/\/megacase.com\/nl\/wp-json\/wp\/v2\/media\/275457"}],"wp:attachment":[{"href":"https:\/\/megacase.com\/nl\/wp-json\/wp\/v2\/media?parent=275488"}],"wp:term":[{"taxonomy":"product_brand","embeddable":true,"href":"https:\/\/megacase.com\/nl\/wp-json\/wp\/v2\/product_brand?post=275488"},{"taxonomy":"product_cat","embeddable":true,"href":"https:\/\/megacase.com\/nl\/wp-json\/wp\/v2\/product_cat?post=275488"},{"taxonomy":"product_tag","embeddable":true,"href":"https:\/\/megacase.com\/nl\/wp-json\/wp\/v2\/product_tag?post=275488"}],"curies":[{"name":"wp","href":"https:\/\/api.w.org\/{rel}","templated":true}]}}