{"id":216256,"date":"2021-05-10T11:55:42","date_gmt":"2021-05-10T09:55:42","guid":{"rendered":"https:\/\/megacase.com\/product\/rack-case-6u-12-ra\/"},"modified":"2026-04-09T13:11:16","modified_gmt":"2026-04-09T11:11:16","slug":"rack-case-6u-12-ra","status":"publish","type":"product","link":"https:\/\/megacase.com\/nl\/product\/rack-case-6u-12-ra\/","title":{"rendered":"6U ECO 19&#8243; Rack Case met verstelbare rackrails"},"content":{"rendered":"<p>Deze compacte en robuuste 19&#8243; rackcase met een inbouwdiepte van 6U is ideaal voor het plaatsen van mengtafels en andere 19&#8243; apparatuur.<\/p>\n<p>Dankzij de doordachte constructie is hij perfect voor zowel mobiel gebruik als permanente installaties.<\/p>\n<p>De verstelbare, traploos verstelbare rackrail zorgt voor een comfortabele bedieningspositie van de ge\u00efnstalleerde apparatuur.<\/p>\n<p>Het afneembare deksel garandeert snelle toegang en eenvoudige bediening tijdens gebruik.<\/p>\n<p>Kenmerken:<br \/>\n6,8 mm bruin fenolhars gecoat multiplex<br \/>\n22 \u00d7 22 mm aluminium randen<br \/>\n4 middelgrote L-hoeken<br \/>\n2 kliksluitingen met oogjes<br \/>\n1 handgreep<br \/>\n4 rubberen voetjes<br \/>\nVerstelbare, traploos verstelbare rackrail inclusief montagemateriaal<br \/>\nInbouwdiepte vanaf rackrail: 12 cm<br \/>\nAfneembaar deksel<\/p>\n<p>Gemaakt in Duitsland<br \/>\nBuitenafmetingen (B \u00d7 H \u00d7 D): 55,5 \u00d7 31,5 \u00d7 19,6 cm<br \/>\nGewicht: ca. 4,8 kg<\/p>\n<p>** Let op: Voor 19&#8243; rackkasten wordt aanbevolen een kast te kiezen die 2U groter is, zodat er voldoende ruimte is voor de aansluitingen en bekabeling van de mixer.<br \/>\nVoorbeeld: 6U mixer \u2192 8U kast<\/p>\n","protected":false},"excerpt":{"rendered":"<p>Ideaal voor het inbouwen van 19&#8243; mixers | 6HE Inbouwhoogte | Inbouwdiepte vanaf rackrail 12cm | Made in Germany<\/p>\n","protected":false},"featured_media":216237,"template":"","meta":{"_acf_changed":false},"product_brand":[],"product_cat":[13591],"product_tag":[],"class_list":{"0":"post-216256","1":"product","2":"type-product","3":"status-publish","4":"has-post-thumbnail","6":"product_cat-racks-nl","8":"first","9":"instock","10":"taxable","11":"shipping-taxable","12":"purchasable","13":"product-type-simple"},"acf":[],"_links":{"self":[{"href":"https:\/\/megacase.com\/nl\/wp-json\/wp\/v2\/product\/216256","targetHints":{"allow":["GET"]}}],"collection":[{"href":"https:\/\/megacase.com\/nl\/wp-json\/wp\/v2\/product"}],"about":[{"href":"https:\/\/megacase.com\/nl\/wp-json\/wp\/v2\/types\/product"}],"wp:featuredmedia":[{"embeddable":true,"href":"https:\/\/megacase.com\/nl\/wp-json\/wp\/v2\/media\/216237"}],"wp:attachment":[{"href":"https:\/\/megacase.com\/nl\/wp-json\/wp\/v2\/media?parent=216256"}],"wp:term":[{"taxonomy":"product_brand","embeddable":true,"href":"https:\/\/megacase.com\/nl\/wp-json\/wp\/v2\/product_brand?post=216256"},{"taxonomy":"product_cat","embeddable":true,"href":"https:\/\/megacase.com\/nl\/wp-json\/wp\/v2\/product_cat?post=216256"},{"taxonomy":"product_tag","embeddable":true,"href":"https:\/\/megacase.com\/nl\/wp-json\/wp\/v2\/product_tag?post=216256"}],"curies":[{"name":"wp","href":"https:\/\/api.w.org\/{rel}","templated":true}]}}