{"id":187953,"date":"2020-11-18T20:48:36","date_gmt":"2020-11-18T19:48:36","guid":{"rendered":"https:\/\/megacase.com\/product\/zubehoercase-60x40x40\/"},"modified":"2026-04-14T13:31:23","modified_gmt":"2026-04-14T11:31:23","slug":"zubehoercase-60x40x40","status":"publish","type":"product","link":"https:\/\/megacase.com\/nl\/product\/zubehoercase-60x40x40\/","title":{"rendered":"Accessory Case 60x40x40"},"content":{"rendered":"<h2>Accessory Chest<\/h2>\n<p><span class=\"HwtZe\" lang=\"nl\"><span class=\"jCAhz ChMk0b\"><span class=\"ryNqvb\">Geen wirwar van kabels, zoekgeraakt gereedschap en losse accessoires meer die ergens in je busje verdwijnen.<\/span><\/span> <span class=\"jCAhz ChMk0b\"><span class=\"ryNqvb\">Deze compacte transportkist brengt orde in je setup en houdt alles georganiseerd. Met afmetingen van 60 \u00d7 40 \u00d7 40 cm is hij groot genoeg voor al je essenti\u00eble spullen en compact genoeg om overal mee naartoe te nemen.<\/span><\/span> <span class=\"jCAhz ChMk0b\"><span class=\"ryNqvb\">Robuust gebouwd om de eisen van dagelijks gebruik te weerstaan \u200b\u200b\u2013 of je nu op tournee bent, in de studio werkt of op de bouwplaats bent. Kabels, gereedschap, adapters, kleine onderdelen: alles heeft zijn eigen plek.<\/span><\/span> <span class=\"jCAhz ChMk0b\"><span class=\"ryNqvb\">Alles is direct toegankelijk voor de volgende klus.<\/span><\/span> <span class=\"jCAhz ChMk0b\"><span class=\"ryNqvb\">Geen zoeken, geen tijdverlies, geen gedoe.<\/span><\/span><\/span><\/p>\n<ul>\n<li>6,5 mm berkenmultiplex<\/li>\n<li>Fenolhars gecoat bruin<\/li>\n<li>30&#215;30 mm aluminium randafwerking<\/li>\n<li>2 veerbelaste vlindersluitingen<\/li>\n<li>4 inklapbare handgrepen<\/li>\n<li>4 stalen kogelhoeken<\/li>\n<li>4 stapelbare stalen kogelhoeken (onderkant)<\/li>\n<li>Vergrendelbare scharnieren<\/li>\n<li>Buitenafmetingen (BxDxH): 640x440x440 mm<\/li>\n<li>Gewicht: 10,5 kg<\/li>\n<li>Een optionele scheidingswandset is verkrijgbaar onder artikelnummer 251870.<\/li>\n<\/ul>\n","protected":false},"excerpt":{"rendered":"<p>Accessory Chest Geen wirwar van kabels, zoekgeraakt gereedschap en losse accessoires meer die ergens in je busje verdwijnen. Deze compacte<\/p>\n","protected":false},"featured_media":188136,"template":"","meta":{"_acf_changed":false},"product_brand":[],"product_cat":[13665],"product_tag":[],"class_list":{"0":"post-187953","1":"product","2":"type-product","3":"status-publish","4":"has-post-thumbnail","6":"product_cat-truhen-cases-nl","8":"first","9":"instock","10":"taxable","11":"shipping-taxable","12":"purchasable","13":"product-type-simple"},"acf":[],"_links":{"self":[{"href":"https:\/\/megacase.com\/nl\/wp-json\/wp\/v2\/product\/187953","targetHints":{"allow":["GET"]}}],"collection":[{"href":"https:\/\/megacase.com\/nl\/wp-json\/wp\/v2\/product"}],"about":[{"href":"https:\/\/megacase.com\/nl\/wp-json\/wp\/v2\/types\/product"}],"wp:featuredmedia":[{"embeddable":true,"href":"https:\/\/megacase.com\/nl\/wp-json\/wp\/v2\/media\/188136"}],"wp:attachment":[{"href":"https:\/\/megacase.com\/nl\/wp-json\/wp\/v2\/media?parent=187953"}],"wp:term":[{"taxonomy":"product_brand","embeddable":true,"href":"https:\/\/megacase.com\/nl\/wp-json\/wp\/v2\/product_brand?post=187953"},{"taxonomy":"product_cat","embeddable":true,"href":"https:\/\/megacase.com\/nl\/wp-json\/wp\/v2\/product_cat?post=187953"},{"taxonomy":"product_tag","embeddable":true,"href":"https:\/\/megacase.com\/nl\/wp-json\/wp\/v2\/product_tag?post=187953"}],"curies":[{"name":"wp","href":"https:\/\/api.w.org\/{rel}","templated":true}]}}