{"id":114142,"date":"2018-06-27T13:21:46","date_gmt":"2018-06-27T11:21:46","guid":{"rendered":"https:\/\/megacase.com\/product\/live-truhencase-mit-eckrollen-fuer-ipad-staender-gebogen\/"},"modified":"2026-03-25T15:34:28","modified_gmt":"2026-03-25T14:34:28","slug":"live-truhencase-mit-eckrollen-fuer-ipad-staender-gebogen","status":"publish","type":"product","link":"https:\/\/megacase.com\/nl\/product\/live-truhencase-mit-eckrollen-fuer-ipad-staender-gebogen\/","title":{"rendered":"Live Truhencase mit Eckrollen f\u00fcr Ipad St\u00e4nder gebogen"},"content":{"rendered":"<p>Einsch\u00fcbe f\u00fcr 2 Halterungen und dazugeh\u00f6rige Tablets<br \/>\nTruhe<br \/>\n7mm Birke schiefergrau beschichtet RAL 7015,<br \/>\n30\/30 Alukante,<br \/>\n2x Butterfly mittel,<br \/>\n2x Deckelscharnier,<br \/>\n2x Klappgriff,<br \/>\n4x Stahleck flach,<br \/>\n2x Rutschleiste,<br \/>\nSchaumstoffpolsterung,<br \/>\n2x Eckeinbaurolle 48mm,<br \/>\nInnenausbau,<br \/>\nohne MegaCase Logo,<br \/>\nHergestellt in Deutschland<\/p>\n","protected":false},"excerpt":{"rendered":"<p>Einsch\u00fcbe f\u00fcr 2 Halterungen und dazugeh\u00f6rige Tablets Truhe 7mm Birke schiefergrau beschichtet RAL 7015, 30\/30 Alukante, 2x Butterfly mittel, 2x<\/p>\n","protected":false},"featured_media":0,"template":"","meta":{"_acf_changed":false},"product_brand":[],"product_cat":[13798,13969],"product_tag":[],"class_list":{"0":"post-114142","1":"product","2":"type-product","3":"status-publish","5":"product_cat-it-cases-nl","6":"product_cat-netbook-koffer-nl","8":"first","9":"instock","10":"sale","11":"taxable","12":"shipping-taxable","13":"purchasable","14":"product-type-simple"},"acf":[],"_links":{"self":[{"href":"https:\/\/megacase.com\/nl\/wp-json\/wp\/v2\/product\/114142","targetHints":{"allow":["GET"]}}],"collection":[{"href":"https:\/\/megacase.com\/nl\/wp-json\/wp\/v2\/product"}],"about":[{"href":"https:\/\/megacase.com\/nl\/wp-json\/wp\/v2\/types\/product"}],"wp:attachment":[{"href":"https:\/\/megacase.com\/nl\/wp-json\/wp\/v2\/media?parent=114142"}],"wp:term":[{"taxonomy":"product_brand","embeddable":true,"href":"https:\/\/megacase.com\/nl\/wp-json\/wp\/v2\/product_brand?post=114142"},{"taxonomy":"product_cat","embeddable":true,"href":"https:\/\/megacase.com\/nl\/wp-json\/wp\/v2\/product_cat?post=114142"},{"taxonomy":"product_tag","embeddable":true,"href":"https:\/\/megacase.com\/nl\/wp-json\/wp\/v2\/product_tag?post=114142"}],"curies":[{"name":"wp","href":"https:\/\/api.w.org\/{rel}","templated":true}]}}