{"id":110480,"date":"2018-05-09T12:50:21","date_gmt":"2018-05-09T10:50:21","guid":{"rendered":"https:\/\/megacase.com\/product\/truhencase-fuer-inlay-mit-diversen-messgeraeten-gross-v2\/"},"modified":"2026-03-26T14:07:08","modified_gmt":"2026-03-26T13:07:08","slug":"truhencase-fuer-inlay-mit-diversen-messgeraeten-gross-v2","status":"publish","type":"product","link":"https:\/\/megacase.com\/nl\/product\/truhencase-fuer-inlay-mit-diversen-messgeraeten-gross-v2\/","title":{"rendered":"Truhencase f\u00fcr Inlay mit diversen Messger\u00e4ten gro\u00df V2"},"content":{"rendered":"<p>Truhe<br \/>\n7mm Birke schwarz RAL 9004<br \/>\n30\/30 Alukante<br \/>\n2x Butterfly mittel mit \u00d6se<br \/>\n2x Feststellscharnier<br \/>\n3x Klappgriff<br \/>\n2x Kugelecke medium<br \/>\n4x Kugelecke mit integrierter L-Ecke medium<br \/>\nSchaumstoffinlay<br \/>\n2x Eckeinbaurolle Skater 75mm rechts<br \/>\n4x Plastikfu\u00df AH4946<\/p>\n","protected":false},"excerpt":{"rendered":"<p>Truhe 7mm Birke schwarz RAL 9004 30\/30 Alukante 2x Butterfly mittel mit \u00d6se 2x Feststellscharnier 3x Klappgriff 2x Kugelecke medium<\/p>\n","protected":false},"featured_media":80234,"template":"","meta":{"_acf_changed":false},"product_brand":[],"product_cat":[13981],"product_tag":[],"class_list":{"0":"post-110480","1":"product","2":"type-product","3":"status-publish","4":"has-post-thumbnail","6":"product_cat-unkategorisiert","8":"first","9":"instock","10":"taxable","11":"shipping-taxable","12":"purchasable","13":"product-type-simple"},"acf":[],"_links":{"self":[{"href":"https:\/\/megacase.com\/nl\/wp-json\/wp\/v2\/product\/110480","targetHints":{"allow":["GET"]}}],"collection":[{"href":"https:\/\/megacase.com\/nl\/wp-json\/wp\/v2\/product"}],"about":[{"href":"https:\/\/megacase.com\/nl\/wp-json\/wp\/v2\/types\/product"}],"wp:featuredmedia":[{"embeddable":true,"href":"https:\/\/megacase.com\/nl\/wp-json\/wp\/v2\/media\/80234"}],"wp:attachment":[{"href":"https:\/\/megacase.com\/nl\/wp-json\/wp\/v2\/media?parent=110480"}],"wp:term":[{"taxonomy":"product_brand","embeddable":true,"href":"https:\/\/megacase.com\/nl\/wp-json\/wp\/v2\/product_brand?post=110480"},{"taxonomy":"product_cat","embeddable":true,"href":"https:\/\/megacase.com\/nl\/wp-json\/wp\/v2\/product_cat?post=110480"},{"taxonomy":"product_tag","embeddable":true,"href":"https:\/\/megacase.com\/nl\/wp-json\/wp\/v2\/product_tag?post=110480"}],"curies":[{"name":"wp","href":"https:\/\/api.w.org\/{rel}","templated":true}]}}