{"id":102138,"date":"2018-02-12T10:20:25","date_gmt":"2018-02-12T09:20:25","guid":{"rendered":"https:\/\/megacase.com\/product\/display-case-auf-rollen-samsung-43-zoll-4-in-1-fach\/"},"modified":"2026-03-25T15:37:23","modified_gmt":"2026-03-25T14:37:23","slug":"display-case-auf-rollen-samsung-43-zoll-4-in-1-fach","status":"publish","type":"product","link":"https:\/\/megacase.com\/nl\/product\/display-case-auf-rollen-samsung-43-zoll-4-in-1-fach\/","title":{"rendered":"Display Case auf Rollen Samsung 32 Zoll 4 in 1 + Fach"},"content":{"rendered":"<p>2 Displays jeweils Bildfl\u00e4che an Bildfl\u00e4che gestellt<br \/>\nTiefe mit Halterung 100mm<br \/>\nBreite 740mm<br \/>\nH\u00f6he 420mm<br \/>\nTruhe<br \/>\n7 mm Birke phenol<br \/>\n30\/30 Alukante<br \/>\n4 x Butterfly mittel<br \/>\n6 x Klappgriff<br \/>\n8 x Kugelecke medium<br \/>\nSchaumstoffpolsterung<br \/>\n4 x Lenkrolle (2xgebremst)<br \/>\nInnenausbau<\/p>\n","protected":false},"excerpt":{"rendered":"<p>2 Displays jeweils Bildfl\u00e4che an Bildfl\u00e4che gestellt Tiefe mit Halterung 100mm Breite 740mm H\u00f6he 420mm Truhe 7 mm Birke phenol<\/p>\n","protected":false},"featured_media":102135,"template":"","meta":{"_acf_changed":false},"product_brand":[],"product_cat":[13662],"product_tag":[],"class_list":{"0":"post-102138","1":"product","2":"type-product","3":"status-publish","4":"has-post-thumbnail","6":"product_cat-display-monitor-nl","8":"first","9":"instock","10":"taxable","11":"shipping-taxable","12":"purchasable","13":"product-type-simple"},"acf":[],"_links":{"self":[{"href":"https:\/\/megacase.com\/nl\/wp-json\/wp\/v2\/product\/102138","targetHints":{"allow":["GET"]}}],"collection":[{"href":"https:\/\/megacase.com\/nl\/wp-json\/wp\/v2\/product"}],"about":[{"href":"https:\/\/megacase.com\/nl\/wp-json\/wp\/v2\/types\/product"}],"wp:featuredmedia":[{"embeddable":true,"href":"https:\/\/megacase.com\/nl\/wp-json\/wp\/v2\/media\/102135"}],"wp:attachment":[{"href":"https:\/\/megacase.com\/nl\/wp-json\/wp\/v2\/media?parent=102138"}],"wp:term":[{"taxonomy":"product_brand","embeddable":true,"href":"https:\/\/megacase.com\/nl\/wp-json\/wp\/v2\/product_brand?post=102138"},{"taxonomy":"product_cat","embeddable":true,"href":"https:\/\/megacase.com\/nl\/wp-json\/wp\/v2\/product_cat?post=102138"},{"taxonomy":"product_tag","embeddable":true,"href":"https:\/\/megacase.com\/nl\/wp-json\/wp\/v2\/product_tag?post=102138"}],"curies":[{"name":"wp","href":"https:\/\/api.w.org\/{rel}","templated":true}]}}