{"id":99660,"date":"2018-01-04T09:42:44","date_gmt":"2018-01-04T08:42:44","guid":{"rendered":"https:\/\/megacase.com\/product\/5he-live-winkel-rack-55-ra\/"},"modified":"2020-03-25T15:15:48","modified_gmt":"2020-03-25T14:15:48","slug":"5he-live-winkel-rack-55-ra","status":"publish","type":"product","link":"https:\/\/megacase.com\/fr\/produit\/5he-live-winkel-rack-55-ra\/","title":{"rendered":"5HE Live Winkel Rack 55 +RA"},"content":{"rendered":"<p>Rails de fixation fixes en face avant<br \/>\n4 unit\u00e9s de hauteur<br \/>\nRails de fixation inclinables en face sup\u00e9rieure<br \/>\n10 unit\u00e9s profondeur d&rsquo;installation<br \/>\nEn multiplex de bouleau 7 mm<br \/>\nCorni\u00e8res en aluminium profil\u00e9 25 x 25 mm<br \/>\nRails de fixation type glissi\u00e8re avec joints en caoutchouc<br \/>\nVis de fixation incl.<br \/>\n2 poign\u00e9es rabattables<br \/>\n5 fermetures type papillon<br \/>\nTrappe de service en face arri\u00e8re<br \/>\nCoins \u00e0 boule<br \/>\n2 couvercles<br \/>\nProfondeur utile: 45 cm<br \/>\nFinition: R\u00e9sine ph\u00e9nolique marron<br \/>\nFabriqu\u00e9 en Allemagne<\/p>\n","protected":false},"excerpt":{"rendered":"<p>Rails de fixation fixes en face avant 4 unit\u00e9s de hauteur Rails de fixation inclinables en face sup\u00e9rieure 10 unit\u00e9s<\/p>\n","protected":false},"featured_media":99358,"template":"","meta":{"_acf_changed":false},"product_brand":[],"product_cat":[13593],"product_tag":[],"class_list":{"0":"post-99660","1":"product","2":"type-product","3":"status-publish","4":"has-post-thumbnail","6":"product_cat-racks-fr","8":"first","9":"instock","10":"taxable","11":"shipping-taxable","12":"purchasable","13":"product-type-simple"},"acf":[],"_links":{"self":[{"href":"https:\/\/megacase.com\/fr\/wp-json\/wp\/v2\/product\/99660","targetHints":{"allow":["GET"]}}],"collection":[{"href":"https:\/\/megacase.com\/fr\/wp-json\/wp\/v2\/product"}],"about":[{"href":"https:\/\/megacase.com\/fr\/wp-json\/wp\/v2\/types\/product"}],"wp:featuredmedia":[{"embeddable":true,"href":"https:\/\/megacase.com\/fr\/wp-json\/wp\/v2\/media\/99358"}],"wp:attachment":[{"href":"https:\/\/megacase.com\/fr\/wp-json\/wp\/v2\/media?parent=99660"}],"wp:term":[{"taxonomy":"product_brand","embeddable":true,"href":"https:\/\/megacase.com\/fr\/wp-json\/wp\/v2\/product_brand?post=99660"},{"taxonomy":"product_cat","embeddable":true,"href":"https:\/\/megacase.com\/fr\/wp-json\/wp\/v2\/product_cat?post=99660"},{"taxonomy":"product_tag","embeddable":true,"href":"https:\/\/megacase.com\/fr\/wp-json\/wp\/v2\/product_tag?post=99660"}],"curies":[{"name":"wp","href":"https:\/\/api.w.org\/{rel}","templated":true}]}}