{"id":72168,"date":"2017-09-13T13:16:51","date_gmt":"2017-09-13T11:16:51","guid":{"rendered":"https:\/\/megacase.com\/product\/economy-koffer\/"},"modified":"2026-04-09T16:20:30","modified_gmt":"2026-04-09T14:20:30","slug":"valise-economy","status":"publish","type":"product","link":"https:\/\/megacase.com\/fr\/produit\/valise-economy\/","title":{"rendered":"Valise Economy"},"content":{"rendered":"<h3>La valise pouvant contenir du mat\u00e9riel jusqu&rsquo;\u00e0 15 kg<\/h3>\n<ul>\n<li>Un \u00e9quilibre optimal entre le poids, la stabilit\u00e9 et le prix<\/li>\n<li>Parfaitement adapt\u00e9 pour le transport personnel<\/li>\n<li>Rembourrage en mousse synth\u00e9tique de diff\u00e9rentes \u00e9paisseurs<\/li>\n<li>Plus de 20 diff\u00e9rentes couleurs disponibles<\/li>\n<li>Couvercle amovible (optionnel)<\/li>\n<\/ul>\n","protected":false},"excerpt":{"rendered":"<h3>Jusqu&rsquo;\u00e0 10 kg<\/h3>\n","protected":false},"featured_media":50606,"template":"","meta":{"_acf_changed":false},"product_brand":[],"product_cat":[13419],"product_tag":[],"class_list":{"0":"post-72168","1":"product","2":"type-product","3":"status-publish","4":"has-post-thumbnail","6":"product_cat-valises","8":"first","9":"instock","10":"taxable","11":"shipping-taxable","12":"purchasable","13":"product-type-simple"},"acf":[],"_links":{"self":[{"href":"https:\/\/megacase.com\/fr\/wp-json\/wp\/v2\/product\/72168","targetHints":{"allow":["GET"]}}],"collection":[{"href":"https:\/\/megacase.com\/fr\/wp-json\/wp\/v2\/product"}],"about":[{"href":"https:\/\/megacase.com\/fr\/wp-json\/wp\/v2\/types\/product"}],"wp:featuredmedia":[{"embeddable":true,"href":"https:\/\/megacase.com\/fr\/wp-json\/wp\/v2\/media\/50606"}],"wp:attachment":[{"href":"https:\/\/megacase.com\/fr\/wp-json\/wp\/v2\/media?parent=72168"}],"wp:term":[{"taxonomy":"product_brand","embeddable":true,"href":"https:\/\/megacase.com\/fr\/wp-json\/wp\/v2\/product_brand?post=72168"},{"taxonomy":"product_cat","embeddable":true,"href":"https:\/\/megacase.com\/fr\/wp-json\/wp\/v2\/product_cat?post=72168"},{"taxonomy":"product_tag","embeddable":true,"href":"https:\/\/megacase.com\/fr\/wp-json\/wp\/v2\/product_tag?post=72168"}],"curies":[{"name":"wp","href":"https:\/\/api.w.org\/{rel}","templated":true}]}}