{"id":69944,"date":"2017-05-18T16:15:20","date_gmt":"2017-05-18T14:15:20","guid":{"rendered":"https:\/\/megacase.com\/product\/6he-live-rack-40-pvc\/"},"modified":"2020-03-25T15:15:50","modified_gmt":"2020-03-25T14:15:50","slug":"6he-live-rack-40-pvc","status":"publish","type":"product","link":"https:\/\/megacase.com\/fr\/produit\/6he-live-rack-40-pvc\/","title":{"rendered":"6HE Live Rack 40 PVC ::FR"},"content":{"rendered":"<p>Nutzh\u00f6he 6HE  40cm Nutztiefe  2 Deckel  7mm PP Hohlkammerplatte  25\/25mm Alukante  4 gefederte Butterflyverschl\u00fcsse  2 Klappgriffe  4 Gummif\u00fc\u00dfe  stufenlose Rackschiene mit Gummikeder  incl. Schraubensatz  Stahlkugelecken    Au\u00dfenma\u00dfe   BxHxT   55&#215;32,5&#215;54,5cm  Gewicht                       10,4kg    Abbildung zeigt Bauweise in Birkenmultipley *Aufschlag &#8211; 15%*<\/p>\n","protected":false},"excerpt":{"rendered":"<p>Nutzh\u00f6he 6HE 40cm Nutztiefe 2 Deckel 7mm PP Hohlkammerplatte 25\/25mm Alukante 4 gefederte Butterflyverschl\u00fcsse 2 Klappgriffe 4 Gummif\u00fc\u00dfe stufenlose Rackschiene<\/p>\n","protected":false},"featured_media":36779,"template":"","meta":{"_acf_changed":false},"product_brand":[],"product_cat":[13593],"product_tag":[],"class_list":{"0":"post-69944","1":"product","2":"type-product","3":"status-publish","4":"has-post-thumbnail","6":"product_cat-racks-fr","8":"first","9":"instock","10":"taxable","11":"shipping-taxable","12":"purchasable","13":"product-type-simple"},"acf":[],"_links":{"self":[{"href":"https:\/\/megacase.com\/fr\/wp-json\/wp\/v2\/product\/69944","targetHints":{"allow":["GET"]}}],"collection":[{"href":"https:\/\/megacase.com\/fr\/wp-json\/wp\/v2\/product"}],"about":[{"href":"https:\/\/megacase.com\/fr\/wp-json\/wp\/v2\/types\/product"}],"wp:featuredmedia":[{"embeddable":true,"href":"https:\/\/megacase.com\/fr\/wp-json\/wp\/v2\/media\/36779"}],"wp:attachment":[{"href":"https:\/\/megacase.com\/fr\/wp-json\/wp\/v2\/media?parent=69944"}],"wp:term":[{"taxonomy":"product_brand","embeddable":true,"href":"https:\/\/megacase.com\/fr\/wp-json\/wp\/v2\/product_brand?post=69944"},{"taxonomy":"product_cat","embeddable":true,"href":"https:\/\/megacase.com\/fr\/wp-json\/wp\/v2\/product_cat?post=69944"},{"taxonomy":"product_tag","embeddable":true,"href":"https:\/\/megacase.com\/fr\/wp-json\/wp\/v2\/product_tag?post=69944"}],"curies":[{"name":"wp","href":"https:\/\/api.w.org\/{rel}","templated":true}]}}