{"id":53908,"date":"2016-01-27T00:00:00","date_gmt":"2016-01-26T23:00:00","guid":{"rendered":"https:\/\/mcx.sunlab.eu\/product\/bodeneffektcase-boss-fc-200\/"},"modified":"2026-03-26T12:21:37","modified_gmt":"2026-03-26T11:21:37","slug":"bodeneffektcase-boss-fc-200","status":"publish","type":"product","link":"https:\/\/megacase.com\/fr\/produit\/bodeneffektcase-boss-fc-200\/","title":{"rendered":"Bodeneffektcase Boss FC-200"},"content":{"rendered":"<p>Haubencase mit Schaumsoffpolsterung f\u00fcr ein Boss FC-200; 7mm Birke phenol, 22 x 22mm Alukante, Schaumstoffpolsterung 2 Butterflys klein, 1 Koffergriff, 4 Gummif\u00fc\u00dfe, 8 Stahlkugelecken, hergestellt in Deutschland. Au\u00dfenma\u00dfe: BxTxH 665x325x140 mm Gewicht: 4,8 kg<\/p>\n","protected":false},"excerpt":{"rendered":"<p>Haubencase mit Schaumsoffpolsterung f\u00fcr ein Boss FC-200; 7mm Birke phenol, 22 x 22mm Alukante, Schaumstoffpolsterung 2 Butterflys klein, 1 Koffergriff,<\/p>\n","protected":false},"featured_media":91938,"template":"","meta":{"_acf_changed":false},"product_brand":[],"product_cat":[13528],"product_tag":[],"class_list":{"0":"post-53908","1":"product","2":"type-product","3":"status-publish","4":"has-post-thumbnail","6":"product_cat-custom-cases-utilisation","8":"first","9":"instock","10":"taxable","11":"shipping-taxable","12":"purchasable","13":"product-type-simple"},"acf":[],"_links":{"self":[{"href":"https:\/\/megacase.com\/fr\/wp-json\/wp\/v2\/product\/53908","targetHints":{"allow":["GET"]}}],"collection":[{"href":"https:\/\/megacase.com\/fr\/wp-json\/wp\/v2\/product"}],"about":[{"href":"https:\/\/megacase.com\/fr\/wp-json\/wp\/v2\/types\/product"}],"wp:featuredmedia":[{"embeddable":true,"href":"https:\/\/megacase.com\/fr\/wp-json\/wp\/v2\/media\/91938"}],"wp:attachment":[{"href":"https:\/\/megacase.com\/fr\/wp-json\/wp\/v2\/media?parent=53908"}],"wp:term":[{"taxonomy":"product_brand","embeddable":true,"href":"https:\/\/megacase.com\/fr\/wp-json\/wp\/v2\/product_brand?post=53908"},{"taxonomy":"product_cat","embeddable":true,"href":"https:\/\/megacase.com\/fr\/wp-json\/wp\/v2\/product_cat?post=53908"},{"taxonomy":"product_tag","embeddable":true,"href":"https:\/\/megacase.com\/fr\/wp-json\/wp\/v2\/product_tag?post=53908"}],"curies":[{"name":"wp","href":"https:\/\/api.w.org\/{rel}","templated":true}]}}