{"id":53904,"date":"2015-06-22T00:00:00","date_gmt":"2015-06-21T22:00:00","guid":{"rendered":"https:\/\/mcx.sunlab.eu\/product\/double-door-case-for-4x-pc-d-link-io-gear-screen-keyboard-mouse-and-cables\/"},"modified":"2026-03-26T12:21:40","modified_gmt":"2026-03-26T11:21:40","slug":"double-door-case-for-4x-pc-d-link-io-gear-screen-keyboard-mouse-and-cables","status":"publish","type":"product","link":"https:\/\/megacase.com\/fr\/produit\/double-door-case-for-4x-pc-d-link-io-gear-screen-keyboard-mouse-and-cables\/","title":{"rendered":"Double Door Case for 4x PC, D-link, io gear, screen, keyboard mouse and cables"},"content":{"rendered":"<p>9mm filmfaced birchplywood  8x Butterfly locks  4x reccessed flip sprung handle  every compartment with at least 1cm foam padding  4x Blue wheels (2xwith brakes)  steelcorners  made in Germany  Rack f\u00fcr zwei PCs und diversem Zubeh\u00f6r  D-Link + io gear + Screen  aus 9 mm Birkenmultiplex phenol Profi Qualit\u00e4t,  30 x 30 mm Alu Kante  8 x Butterfly Verschl\u00fcsse medium mit \u00d6se  4x Klappgriffe medium  8x Kugelecken gro\u00df  Schaumstoffpolsterung in allen F\u00e4chern  4 x 100 mm Lenkrollen (2xgebremst) Blue Wheels  Rollbrett  Au\u00dfenma\u00dfe:  BxTxH 675x550x1265 mm  Gewicht: ca. 49 kg<\/p>\n","protected":false},"excerpt":{"rendered":"<p>9mm filmfaced birchplywood 8x Butterfly locks 4x reccessed flip sprung handle every compartment with at least 1cm foam padding 4x<\/p>\n","protected":false},"featured_media":93918,"template":"","meta":{"_acf_changed":false},"product_brand":[],"product_cat":[13526],"product_tag":[],"class_list":{"0":"post-53904","1":"product","2":"type-product","3":"status-publish","4":"has-post-thumbnail","6":"product_cat-racks-utilisation","8":"first","9":"instock","10":"taxable","11":"shipping-taxable","12":"purchasable","13":"product-type-simple"},"acf":[],"_links":{"self":[{"href":"https:\/\/megacase.com\/fr\/wp-json\/wp\/v2\/product\/53904","targetHints":{"allow":["GET"]}}],"collection":[{"href":"https:\/\/megacase.com\/fr\/wp-json\/wp\/v2\/product"}],"about":[{"href":"https:\/\/megacase.com\/fr\/wp-json\/wp\/v2\/types\/product"}],"wp:featuredmedia":[{"embeddable":true,"href":"https:\/\/megacase.com\/fr\/wp-json\/wp\/v2\/media\/93918"}],"wp:attachment":[{"href":"https:\/\/megacase.com\/fr\/wp-json\/wp\/v2\/media?parent=53904"}],"wp:term":[{"taxonomy":"product_brand","embeddable":true,"href":"https:\/\/megacase.com\/fr\/wp-json\/wp\/v2\/product_brand?post=53904"},{"taxonomy":"product_cat","embeddable":true,"href":"https:\/\/megacase.com\/fr\/wp-json\/wp\/v2\/product_cat?post=53904"},{"taxonomy":"product_tag","embeddable":true,"href":"https:\/\/megacase.com\/fr\/wp-json\/wp\/v2\/product_tag?post=53904"}],"curies":[{"name":"wp","href":"https:\/\/api.w.org\/{rel}","templated":true}]}}