{"id":53901,"date":"2015-02-24T00:00:00","date_gmt":"2015-02-23T23:00:00","guid":{"rendered":"https:\/\/mcx.sunlab.eu\/product\/flightcase-for-polivoks-79-x-51-x-22-cm-wxdxh\/"},"modified":"2026-03-26T12:21:43","modified_gmt":"2026-03-26T11:21:43","slug":"flightcase-for-polivoks-79-x-51-x-22-cm-wxdxh","status":"publish","type":"product","link":"https:\/\/megacase.com\/fr\/produit\/flightcase-for-polivoks-79-x-51-x-22-cm-wxdxh\/","title":{"rendered":"Flightcase for Polivoks 79 x 51 x 22 cm wxdxh"},"content":{"rendered":"<p>Haubencase f\u00fcr Polivox Synth   7 mm Birkenmultiplex,   Farbe Phenol  4 x Butterfly medium mit \u00d6se,   2 x Klappgriff  1 x Ledergriff  1 cm Schaumstoffpolsterung  2 x Eckeinbaurolle PENN  hergestellt in Deutschland  Au\u00dfenma\u00dfe:  BxTxH 900 x 615 x 305 mm  Innenma\u00dfe:  BxTxh 790 x 510 x 220 mm  Gewicht: 12,6 kg<\/p>\n","protected":false},"excerpt":{"rendered":"<p>Haubencase f\u00fcr Polivox Synth 7 mm Birkenmultiplex, Farbe Phenol 4 x Butterfly medium mit \u00d6se, 2 x Klappgriff 1 x<\/p>\n","protected":false},"featured_media":25127,"template":"","meta":{"_acf_changed":false},"product_brand":[],"product_cat":[13523],"product_tag":[],"class_list":{"0":"post-53901","1":"product","2":"type-product","3":"status-publish","4":"has-post-thumbnail","6":"product_cat-universal-flightcases-utilisation","8":"first","9":"instock","10":"taxable","11":"shipping-taxable","12":"purchasable","13":"product-type-simple"},"acf":[],"_links":{"self":[{"href":"https:\/\/megacase.com\/fr\/wp-json\/wp\/v2\/product\/53901","targetHints":{"allow":["GET"]}}],"collection":[{"href":"https:\/\/megacase.com\/fr\/wp-json\/wp\/v2\/product"}],"about":[{"href":"https:\/\/megacase.com\/fr\/wp-json\/wp\/v2\/types\/product"}],"wp:featuredmedia":[{"embeddable":true,"href":"https:\/\/megacase.com\/fr\/wp-json\/wp\/v2\/media\/25127"}],"wp:attachment":[{"href":"https:\/\/megacase.com\/fr\/wp-json\/wp\/v2\/media?parent=53901"}],"wp:term":[{"taxonomy":"product_brand","embeddable":true,"href":"https:\/\/megacase.com\/fr\/wp-json\/wp\/v2\/product_brand?post=53901"},{"taxonomy":"product_cat","embeddable":true,"href":"https:\/\/megacase.com\/fr\/wp-json\/wp\/v2\/product_cat?post=53901"},{"taxonomy":"product_tag","embeddable":true,"href":"https:\/\/megacase.com\/fr\/wp-json\/wp\/v2\/product_tag?post=53901"}],"curies":[{"name":"wp","href":"https:\/\/api.w.org\/{rel}","templated":true}]}}