{"id":53897,"date":"2015-01-21T00:00:00","date_gmt":"2015-01-20T23:00:00","guid":{"rendered":"https:\/\/mcx.sunlab.eu\/product\/accessory-case-110-x-35-x-70cm-w-x-d-x-h\/"},"modified":"2026-03-26T12:21:45","modified_gmt":"2026-03-26T11:21:45","slug":"accessory-case-110-x-35-x-70cm-w-x-d-x-h","status":"publish","type":"product","link":"https:\/\/megacase.com\/fr\/produit\/accessory-case-110-x-35-x-70cm-w-x-d-x-h\/","title":{"rendered":"Accessory case 110 x 35 x 70cm w x d x h"},"content":{"rendered":"<p>Truhencase auf Rollen (2x gebremst) ohne Schaumstoffpolsterung und klappbarem Deckel  und den Innenma\u00dfen von 1100 x 350 x 700 mm f\u00fcr Zubeh\u00f6r  aus 7 mm Birkenmultiplex,   Farbe phenol,   30 x 30 mm Alukante,   2 x Butterfly,   2 x Klappgriff,   3 x Feststellscharniere,  Stahlkugelecken,  4 Lenkrollen davon 2 gebremst  hergestellt in Deutschland,   Au\u00dfenma\u00dfe: BxTxH 1145 x 395 x 890 mm,   Gewicht: 23,2 kg<\/p>\n","protected":false},"excerpt":{"rendered":"<p>Truhencase auf Rollen (2x gebremst) ohne Schaumstoffpolsterung und klappbarem Deckel und den Innenma\u00dfen von 1100 x 350 x 700 mm<\/p>\n","protected":false},"featured_media":25220,"template":"","meta":{"_acf_changed":false},"product_brand":[],"product_cat":[13523],"product_tag":[],"class_list":{"0":"post-53897","1":"product","2":"type-product","3":"status-publish","4":"has-post-thumbnail","6":"product_cat-universal-flightcases-utilisation","8":"first","9":"instock","10":"taxable","11":"shipping-taxable","12":"purchasable","13":"product-type-simple"},"acf":[],"_links":{"self":[{"href":"https:\/\/megacase.com\/fr\/wp-json\/wp\/v2\/product\/53897","targetHints":{"allow":["GET"]}}],"collection":[{"href":"https:\/\/megacase.com\/fr\/wp-json\/wp\/v2\/product"}],"about":[{"href":"https:\/\/megacase.com\/fr\/wp-json\/wp\/v2\/types\/product"}],"wp:featuredmedia":[{"embeddable":true,"href":"https:\/\/megacase.com\/fr\/wp-json\/wp\/v2\/media\/25220"}],"wp:attachment":[{"href":"https:\/\/megacase.com\/fr\/wp-json\/wp\/v2\/media?parent=53897"}],"wp:term":[{"taxonomy":"product_brand","embeddable":true,"href":"https:\/\/megacase.com\/fr\/wp-json\/wp\/v2\/product_brand?post=53897"},{"taxonomy":"product_cat","embeddable":true,"href":"https:\/\/megacase.com\/fr\/wp-json\/wp\/v2\/product_cat?post=53897"},{"taxonomy":"product_tag","embeddable":true,"href":"https:\/\/megacase.com\/fr\/wp-json\/wp\/v2\/product_tag?post=53897"}],"curies":[{"name":"wp","href":"https:\/\/api.w.org\/{rel}","templated":true}]}}