{"id":34543,"date":"2016-11-24T09:46:40","date_gmt":"2016-11-24T08:46:40","guid":{"rendered":"http:\/\/megacase.dev\/product\/economy-19-rack\/"},"modified":"2026-04-10T02:23:13","modified_gmt":"2026-04-10T00:23:13","slug":"rack-19-economy","status":"publish","type":"product","link":"https:\/\/megacase.com\/fr\/produit\/rack-19-economy\/","title":{"rendered":"Rack 19\" Economy"},"content":{"rendered":"<h3>Le rack 19&Prime; pour un faible poids de remplissage et un transport personnel<\/h3>\n<ul>\n<li>Couvercle amovible \u00e0 l&rsquo;avant et \u00e0 l&rsquo;arri\u00e8re (profondeur du couvercle 3,2cm)<\/li>\n<li>7mm d&rsquo;\u00e9paisseur de mat\u00e9riau<\/li>\n<li>Protection des bords 22x22mm<\/li>\n<li>Rail de rack r\u00e9glable en continu<\/li>\n<li>Diff\u00e9rentes petites fermetures au choix<\/li>\n<li>Diff\u00e9rents petits coins au choix<\/li>\n<li>Diff\u00e9rentes poign\u00e9es moyennes au choix<\/li>\n<\/ul>\n","protected":false},"excerpt":{"rendered":"<h3>Pour les poids faibles<\/h3>\n","protected":false},"featured_media":50622,"template":"","meta":{"_acf_changed":false},"product_brand":[],"product_cat":[13410],"product_tag":[],"class_list":{"0":"post-34543","1":"product","2":"type-product","3":"status-publish","4":"has-post-thumbnail","6":"product_cat-19-rack-fr","8":"first","9":"instock","10":"taxable","11":"shipping-taxable","12":"purchasable","13":"product-type-simple"},"acf":[],"_links":{"self":[{"href":"https:\/\/megacase.com\/fr\/wp-json\/wp\/v2\/product\/34543","targetHints":{"allow":["GET"]}}],"collection":[{"href":"https:\/\/megacase.com\/fr\/wp-json\/wp\/v2\/product"}],"about":[{"href":"https:\/\/megacase.com\/fr\/wp-json\/wp\/v2\/types\/product"}],"wp:featuredmedia":[{"embeddable":true,"href":"https:\/\/megacase.com\/fr\/wp-json\/wp\/v2\/media\/50622"}],"wp:attachment":[{"href":"https:\/\/megacase.com\/fr\/wp-json\/wp\/v2\/media?parent=34543"}],"wp:term":[{"taxonomy":"product_brand","embeddable":true,"href":"https:\/\/megacase.com\/fr\/wp-json\/wp\/v2\/product_brand?post=34543"},{"taxonomy":"product_cat","embeddable":true,"href":"https:\/\/megacase.com\/fr\/wp-json\/wp\/v2\/product_cat?post=34543"},{"taxonomy":"product_tag","embeddable":true,"href":"https:\/\/megacase.com\/fr\/wp-json\/wp\/v2\/product_tag?post=34543"}],"curies":[{"name":"wp","href":"https:\/\/api.w.org\/{rel}","templated":true}]}}