{"id":34527,"date":"2016-11-24T10:02:58","date_gmt":"2016-11-24T09:02:58","guid":{"rendered":"http:\/\/megacase.dev\/product\/profi-zubehoer-case\/"},"modified":"2026-04-16T17:56:36","modified_gmt":"2026-04-16T15:56:36","slug":"malle-pro","status":"publish","type":"product","link":"https:\/\/megacase.com\/fr\/produit\/malle-pro\/","title":{"rendered":"Malle Pro"},"content":{"rendered":"<h3>Le polyvalent<\/h3>\n<ul>\n<li>pour poids moyens \u00e0 \u00e9lev\u00e9s<\/li>\n<li>Multiplex ou polyboard 9 mm<\/li>\n<li>Profil\u00e9s en aluminium 30\u00d730 mm<\/li>\n<li>en option avec de la mousse<\/li>\n<li>Disponible avec bandes coulissantes ou roues<\/li>\n<li>disponible dans de nombreuses couleurs<\/li>\n<li>Divisions par sujet possibles sur demande<\/li>\n<\/ul>\n","protected":false},"excerpt":{"rendered":"<h3>Le polyvalent<\/h3>\n<ul>\n<li>pour poids moyens \u00e0 \u00e9lev\u00e9s<\/li>\n<li>Multiplex ou polyboard 9 mm<\/li>\n<li>Profil\u00e9s en aluminium 30\u00d730 mm<\/li>\n<li>en option avec de la mousse<\/li>\n<li>Disponible avec bandes coulissantes ou roues<\/li>\n<li>disponible dans de nombreuses couleurs<\/li>\n<li>Divisions par sujet possibles sur demande<\/li>\n<\/ul>\n","protected":false},"featured_media":50594,"template":"","meta":{"_acf_changed":false},"product_brand":[],"product_cat":[13416],"product_tag":[],"class_list":{"0":"post-34527","1":"product","2":"type-product","3":"status-publish","4":"has-post-thumbnail","6":"product_cat-malles","8":"first","9":"instock","10":"taxable","11":"shipping-taxable","12":"purchasable","13":"product-type-simple"},"acf":[],"_links":{"self":[{"href":"https:\/\/megacase.com\/fr\/wp-json\/wp\/v2\/product\/34527","targetHints":{"allow":["GET"]}}],"collection":[{"href":"https:\/\/megacase.com\/fr\/wp-json\/wp\/v2\/product"}],"about":[{"href":"https:\/\/megacase.com\/fr\/wp-json\/wp\/v2\/types\/product"}],"wp:featuredmedia":[{"embeddable":true,"href":"https:\/\/megacase.com\/fr\/wp-json\/wp\/v2\/media\/50594"}],"wp:attachment":[{"href":"https:\/\/megacase.com\/fr\/wp-json\/wp\/v2\/media?parent=34527"}],"wp:term":[{"taxonomy":"product_brand","embeddable":true,"href":"https:\/\/megacase.com\/fr\/wp-json\/wp\/v2\/product_brand?post=34527"},{"taxonomy":"product_cat","embeddable":true,"href":"https:\/\/megacase.com\/fr\/wp-json\/wp\/v2\/product_cat?post=34527"},{"taxonomy":"product_tag","embeddable":true,"href":"https:\/\/megacase.com\/fr\/wp-json\/wp\/v2\/product_tag?post=34527"}],"curies":[{"name":"wp","href":"https:\/\/api.w.org\/{rel}","templated":true}]}}