{"id":34523,"date":"2016-11-24T10:12:06","date_gmt":"2016-11-24T09:12:06","guid":{"rendered":"http:\/\/megacase.dev\/product\/standard-keyboard-case\/"},"modified":"2026-03-26T12:35:42","modified_gmt":"2026-03-26T11:35:42","slug":"flightcase-clavier-standard","status":"publish","type":"product","link":"https:\/\/megacase.com\/fr\/produit\/flightcase-clavier-standard\/?keys=61","title":{"rendered":"Flightcase Clavier Standard"},"content":{"rendered":"<h3>Notre best-seller, adapt\u00e9 \u00e0 tous les claviers l\u00e9gers et moyennement lourds<\/h3>\n<ul>\n<li>Mallette de transport pour clavier<\/li>\n<li>Bords en aluminium de 25 mm<\/li>\n<li>Plastique multiplex ou nid d&rsquo;abeille de 6,8 mm<\/li>\n<li>options s\u00e9lectionnables, compartiment accessoires ou fonction chariot<\/li>\n<li>Rembourrage en mousse adapt\u00e9 \u00e0 votre mod\u00e8le<\/li>\n<li>disponible dans de nombreuses couleurs<\/li>\n<\/ul>\n","protected":false},"excerpt":{"rendered":"<h3>Notre best-seller, adapt\u00e9 \u00e0 tous les claviers l\u00e9gers et moyennement lourds<\/h3>\n","protected":false},"featured_media":50630,"template":"","meta":{"_acf_changed":false},"product_brand":[],"product_cat":[13413],"product_tag":[],"class_list":{"0":"post-34523","1":"product","2":"type-product","3":"status-publish","4":"has-post-thumbnail","6":"product_cat-flight-cases-claviers","8":"first","9":"instock","10":"taxable","11":"shipping-taxable","12":"purchasable","13":"product-type-simple"},"acf":[],"_links":{"self":[{"href":"https:\/\/megacase.com\/fr\/wp-json\/wp\/v2\/product\/34523","targetHints":{"allow":["GET"]}}],"collection":[{"href":"https:\/\/megacase.com\/fr\/wp-json\/wp\/v2\/product"}],"about":[{"href":"https:\/\/megacase.com\/fr\/wp-json\/wp\/v2\/types\/product"}],"wp:featuredmedia":[{"embeddable":true,"href":"https:\/\/megacase.com\/fr\/wp-json\/wp\/v2\/media\/50630"}],"wp:attachment":[{"href":"https:\/\/megacase.com\/fr\/wp-json\/wp\/v2\/media?parent=34523"}],"wp:term":[{"taxonomy":"product_brand","embeddable":true,"href":"https:\/\/megacase.com\/fr\/wp-json\/wp\/v2\/product_brand?post=34523"},{"taxonomy":"product_cat","embeddable":true,"href":"https:\/\/megacase.com\/fr\/wp-json\/wp\/v2\/product_cat?post=34523"},{"taxonomy":"product_tag","embeddable":true,"href":"https:\/\/megacase.com\/fr\/wp-json\/wp\/v2\/product_tag?post=34523"}],"curies":[{"name":"wp","href":"https:\/\/api.w.org\/{rel}","templated":true}]}}