{"id":34512,"date":"2016-11-24T10:15:15","date_gmt":"2016-11-24T09:15:15","guid":{"rendered":"http:\/\/megacase.dev\/product\/live-hauben-case\/"},"modified":"2026-03-26T12:35:41","modified_gmt":"2026-03-26T11:35:41","slug":"cloche-live","status":"publish","type":"product","link":"https:\/\/megacase.com\/fr\/produit\/cloche-live\/","title":{"rendered":"Cloche Live"},"content":{"rendered":"<h3>Adapt\u00e9 pour les machines \u00e0 caf\u00e9\/distributeurs, imprimantes, et autres&#8230;<\/h3>\n<ul>\n<li><span class=\"HwtZe\" lang=\"fr\"><span class=\"jCAhz ChMk0b\"><span class=\"ryNqvb\">Contreplaqu\u00e9 de 6,8 mm ou plastique nid d&rsquo;abeille<\/span><\/span> <\/span><\/li>\n<li><span class=\"HwtZe\" lang=\"fr\"><span class=\"jCAhz ChMk0b\"><span class=\"ryNqvb\">Hauteur du sol 50 mm sans mousse<\/span><\/span> <\/span><\/li>\n<li><span class=\"HwtZe\" lang=\"fr\"><span class=\"jCAhz ChMk0b\"><span class=\"ryNqvb\">Corni\u00e8re en aluminium 25&#215;25 \/ 30x30mm<\/span><\/span> <\/span><\/li>\n<li><span class=\"HwtZe\" lang=\"fr\"><span class=\"jCAhz ChMk0b\"><span class=\"ryNqvb\">rembourrage en mousse en option<\/span><\/span> <\/span><\/li>\n<li><span class=\"HwtZe\" lang=\"fr\"><span class=\"jCAhz ChMk0b\"><span class=\"ryNqvb\">Coins de balle moyens<\/span><\/span> <\/span><\/li>\n<li><span class=\"HwtZe\" lang=\"fr\"><span class=\"jCAhz ChMk0b\"><span class=\"ryNqvb\">Coins moyens en forme de L<\/span><\/span> <\/span><\/li>\n<li><span class=\"HwtZe\" lang=\"fr\"><span class=\"jCAhz ChMk0b\"><span class=\"ryNqvb\">Fermetures type papillon <\/span><\/span><\/span><\/li>\n<li><span class=\"HwtZe\" lang=\"fr\"><span class=\"jCAhz ChMk0b\"><span class=\"ryNqvb\">moyen<\/span><\/span> <span class=\"jCAhz ChMk0b\"><span class=\"ryNqvb\">Poign\u00e9es <\/span><\/span><\/span><\/li>\n<li><span class=\"HwtZe\" lang=\"fr\"><span class=\"jCAhz ChMk0b\"><span class=\"ryNqvb\">pliantes<\/span><\/span> <span class=\"jCAhz ChMk0b\"><span class=\"ryNqvb\">Pieds ou roues en caoutchouc<\/span><\/span><\/span><\/li>\n<\/ul>\n","protected":false},"excerpt":{"rendered":"<h3>Adapt\u00e9 pour les machines \u00e0 caf\u00e9\/distributeurs, imprimantes, et autres<\/h3>\n<ul>\n<li><span class=\"HwtZe\" lang=\"fr\"><span class=\"jCAhz ChMk0b\"><span class=\"ryNqvb\">Contreplaqu\u00e9 de 6,8 mm ou plastique nid d&rsquo;abeille<\/span><\/span> <\/span><\/li>\n<li><span class=\"HwtZe\" lang=\"fr\"><span class=\"jCAhz ChMk0b\"><span class=\"ryNqvb\">Hauteur du sol 50 mm sans mousse<\/span><\/span> <\/span><\/li>\n<li><span class=\"HwtZe\" lang=\"fr\"><span class=\"jCAhz ChMk0b\"><span class=\"ryNqvb\">Corni\u00e8re en aluminium 25&#215;25 \/ 30x30mm<\/span><\/span> <\/span><\/li>\n<li><span class=\"HwtZe\" lang=\"fr\"><span class=\"jCAhz ChMk0b\"><span class=\"ryNqvb\">rembourrage en mousse en option<\/span><\/span> <\/span><\/li>\n<li><span class=\"HwtZe\" lang=\"fr\"><span class=\"jCAhz ChMk0b\"><span class=\"ryNqvb\">Coins de balle moyens<\/span><\/span> <\/span><\/li>\n<li><span class=\"HwtZe\" lang=\"fr\"><span class=\"jCAhz ChMk0b\"><span class=\"ryNqvb\">Coins moyens en forme de L<\/span><\/span> <\/span><\/li>\n<li><span class=\"HwtZe\" lang=\"fr\"><span class=\"jCAhz ChMk0b\"><span class=\"ryNqvb\">Fermetures type papillon <\/span><\/span><\/span><\/li>\n<li><span class=\"HwtZe\" lang=\"fr\"><span class=\"jCAhz ChMk0b\"><span class=\"ryNqvb\">moyen<\/span><\/span> <span class=\"jCAhz ChMk0b\"><span class=\"ryNqvb\">Poign\u00e9es <\/span><\/span><\/span><\/li>\n<li><span class=\"HwtZe\" lang=\"fr\"><span class=\"jCAhz ChMk0b\"><span class=\"ryNqvb\">pliantes<\/span><\/span> <span class=\"jCAhz ChMk0b\"><span class=\"ryNqvb\">Pieds ou roues en caoutchouc<\/span><\/span><\/span><\/li>\n<\/ul>\n","protected":false},"featured_media":50582,"template":"","meta":{"_acf_changed":false},"product_brand":[],"product_cat":[13407],"product_tag":[],"class_list":{"0":"post-34512","1":"product","2":"type-product","3":"status-publish","4":"has-post-thumbnail","6":"product_cat-cloches","8":"first","9":"instock","10":"taxable","11":"shipping-taxable","12":"purchasable","13":"product-type-simple"},"acf":[],"_links":{"self":[{"href":"https:\/\/megacase.com\/fr\/wp-json\/wp\/v2\/product\/34512","targetHints":{"allow":["GET"]}}],"collection":[{"href":"https:\/\/megacase.com\/fr\/wp-json\/wp\/v2\/product"}],"about":[{"href":"https:\/\/megacase.com\/fr\/wp-json\/wp\/v2\/types\/product"}],"wp:featuredmedia":[{"embeddable":true,"href":"https:\/\/megacase.com\/fr\/wp-json\/wp\/v2\/media\/50582"}],"wp:attachment":[{"href":"https:\/\/megacase.com\/fr\/wp-json\/wp\/v2\/media?parent=34512"}],"wp:term":[{"taxonomy":"product_brand","embeddable":true,"href":"https:\/\/megacase.com\/fr\/wp-json\/wp\/v2\/product_brand?post=34512"},{"taxonomy":"product_cat","embeddable":true,"href":"https:\/\/megacase.com\/fr\/wp-json\/wp\/v2\/product_cat?post=34512"},{"taxonomy":"product_tag","embeddable":true,"href":"https:\/\/megacase.com\/fr\/wp-json\/wp\/v2\/product_tag?post=34512"}],"curies":[{"name":"wp","href":"https:\/\/api.w.org\/{rel}","templated":true}]}}