{"id":34508,"date":"2016-11-24T10:18:20","date_gmt":"2016-11-24T09:18:20","guid":{"rendered":"http:\/\/megacase.dev\/product\/heavy-hauben-case\/"},"modified":"2026-03-26T12:35:41","modified_gmt":"2026-03-26T11:35:41","slug":"cloche-heavy","status":"publish","type":"product","link":"https:\/\/megacase.com\/fr\/produit\/cloche-heavy\/","title":{"rendered":"Cloche Heavy"},"content":{"rendered":"<h3><span class=\"HwtZe\" lang=\"fr\"><span class=\"jCAhz ChMk0b\"><span class=\"ryNqvb\">Notre recommandation pour les \u00e9quipements lourds destin\u00e9s aux op\u00e9rations de transport exigeantes<\/span><\/span><\/span><\/h3>\n<ul>\n<li><span class=\"HwtZe\" lang=\"fr\"><span class=\"jCAhz ChMk0b\"><span class=\"ryNqvb\">Multiplex 9 mm<\/span><\/span> <\/span><\/li>\n<li><span class=\"HwtZe\" lang=\"fr\"><span class=\"jCAhz ChMk0b\"><span class=\"ryNqvb\">Partie inf\u00e9rieure 72mm hors mousse<\/span><\/span> <\/span><\/li>\n<li><span class=\"HwtZe\" lang=\"fr\"><span class=\"jCAhz ChMk0b\"><span class=\"ryNqvb\">Bord en aluminium 35x35x3 mm avec rainure pour rivet<\/span><\/span> <\/span><\/li>\n<li><span class=\"HwtZe\" lang=\"fr\"><span class=\"jCAhz ChMk0b\"><span class=\"ryNqvb\">rembourrage en mousse en option<\/span><\/span> <\/span><\/li>\n<li><span class=\"HwtZe\" lang=\"fr\"><span class=\"jCAhz ChMk0b\"><span class=\"ryNqvb\">Grands coins sph\u00e9riques \u00e9tag\u00e9s pour bords en aluminium de 35 mm<\/span><\/span> <\/span><\/li>\n<li><span class=\"HwtZe\" lang=\"fr\"><span class=\"jCAhz ChMk0b\"><span class=\"ryNqvb\">Grands coins en L \u00e0 6 trous<\/span><\/span> <\/span><\/li>\n<li><span class=\"HwtZe\" lang=\"fr\"><span class=\"jCAhz ChMk0b\"><span class=\"ryNqvb\">Profil de fermeture M\u00e2le\/Femelle 9mm<\/span><\/span> <\/span><\/li>\n<li><span class=\"HwtZe\" lang=\"fr\"><span class=\"jCAhz ChMk0b\"><span class=\"ryNqvb\">Grand papillon avec ressort de pression<\/span><\/span> <\/span><\/li>\n<li><span class=\"HwtZe\" lang=\"fr\"><span class=\"jCAhz ChMk0b\"><span class=\"ryNqvb\">Grandes poign\u00e9es rabattables<\/span><\/span> <\/span><\/li>\n<li><span class=\"HwtZe\" lang=\"fr\"><span class=\"jCAhz ChMk0b\"><span class=\"ryNqvb\">Rouleaux ou bandes coulissantes<\/span><\/span><\/span><\/li>\n<\/ul>\n","protected":false},"excerpt":{"rendered":"<h3><span class=\"HwtZe\" lang=\"fr\"><span class=\"jCAhz ChMk0b\"><span class=\"ryNqvb\">Notre recommandation pour les \u00e9quipements lourds destin\u00e9s aux op\u00e9rations de transport exigeantes<\/span><\/span><\/span><\/h3>\n<ul>\n<li><span class=\"HwtZe\" lang=\"fr\"><span class=\"jCAhz ChMk0b\"><span class=\"ryNqvb\">Multiplex 9 mm<\/span><\/span> <\/span><\/li>\n<li><span class=\"HwtZe\" lang=\"fr\"><span class=\"jCAhz ChMk0b\"><span class=\"ryNqvb\">Partie inf\u00e9rieure 72mm hors mousse<\/span><\/span> <\/span><\/li>\n<li><span class=\"HwtZe\" lang=\"fr\"><span class=\"jCAhz ChMk0b\"><span class=\"ryNqvb\">Bord en aluminium 35x35x3 mm avec rainure pour rivet<\/span><\/span> <\/span><\/li>\n<li><span class=\"HwtZe\" lang=\"fr\"><span class=\"jCAhz ChMk0b\"><span class=\"ryNqvb\">rembourrage en mousse en option<\/span><\/span> <\/span><\/li>\n<li><span class=\"HwtZe\" lang=\"fr\"><span class=\"jCAhz ChMk0b\"><span class=\"ryNqvb\">Grands coins sph\u00e9riques \u00e9tag\u00e9s pour bords en aluminium de 35 mm<\/span><\/span> <\/span><\/li>\n<li><span class=\"HwtZe\" lang=\"fr\"><span class=\"jCAhz ChMk0b\"><span class=\"ryNqvb\">Grands coins en L \u00e0 6 trous<\/span><\/span> <\/span><\/li>\n<li><span class=\"HwtZe\" lang=\"fr\"><span class=\"jCAhz ChMk0b\"><span class=\"ryNqvb\">Profil de fermeture M\u00e2le\/Femelle 9mm<\/span><\/span> <\/span><\/li>\n<li><span class=\"HwtZe\" lang=\"fr\"><span class=\"jCAhz ChMk0b\"><span class=\"ryNqvb\">Grand papillon avec ressort de pression<\/span><\/span> <\/span><\/li>\n<li><span class=\"HwtZe\" lang=\"fr\"><span class=\"jCAhz ChMk0b\"><span class=\"ryNqvb\">Grandes poign\u00e9es rabattables<\/span><\/span> <\/span><\/li>\n<li><span class=\"HwtZe\" lang=\"fr\"><span class=\"jCAhz ChMk0b\"><span class=\"ryNqvb\">Rouleaux ou bandes coulissantes<\/span><\/span><\/span><\/li>\n<\/ul>\n<h3><span class=\"HwtZe\" lang=\"fr\"><span class=\"jCAhz ChMk0b\"><span class=\"ryNqvb\">\u00a0<\/span><\/span><\/span><\/h3>\n","protected":false},"featured_media":50574,"template":"","meta":{"_acf_changed":false},"product_brand":[],"product_cat":[13407],"product_tag":[],"class_list":{"0":"post-34508","1":"product","2":"type-product","3":"status-publish","4":"has-post-thumbnail","6":"product_cat-cloches","8":"first","9":"instock","10":"taxable","11":"shipping-taxable","12":"purchasable","13":"product-type-simple"},"acf":[],"_links":{"self":[{"href":"https:\/\/megacase.com\/fr\/wp-json\/wp\/v2\/product\/34508","targetHints":{"allow":["GET"]}}],"collection":[{"href":"https:\/\/megacase.com\/fr\/wp-json\/wp\/v2\/product"}],"about":[{"href":"https:\/\/megacase.com\/fr\/wp-json\/wp\/v2\/types\/product"}],"wp:featuredmedia":[{"embeddable":true,"href":"https:\/\/megacase.com\/fr\/wp-json\/wp\/v2\/media\/50574"}],"wp:attachment":[{"href":"https:\/\/megacase.com\/fr\/wp-json\/wp\/v2\/media?parent=34508"}],"wp:term":[{"taxonomy":"product_brand","embeddable":true,"href":"https:\/\/megacase.com\/fr\/wp-json\/wp\/v2\/product_brand?post=34508"},{"taxonomy":"product_cat","embeddable":true,"href":"https:\/\/megacase.com\/fr\/wp-json\/wp\/v2\/product_cat?post=34508"},{"taxonomy":"product_tag","embeddable":true,"href":"https:\/\/megacase.com\/fr\/wp-json\/wp\/v2\/product_tag?post=34508"}],"curies":[{"name":"wp","href":"https:\/\/api.w.org\/{rel}","templated":true}]}}