{"id":298368,"date":"2026-05-12T09:56:18","date_gmt":"2026-05-12T07:56:18","guid":{"rendered":"https:\/\/megacase.com\/product\/flight-case-a-capot-basculant-renforce-pour-midas-heritage-d-hd96-24\/"},"modified":"2026-05-12T09:56:18","modified_gmt":"2026-05-12T07:56:18","slug":"flight-case-a-capot-basculant-renforce-pour-midas-heritage-d-hd96-24","status":"publish","type":"product","link":"https:\/\/megacase.com\/fr\/produit\/flight-case-a-capot-basculant-renforce-pour-midas-heritage-d-hd96-24\/","title":{"rendered":"Flight case \u00e0 capot basculant renforc\u00e9 pour Midas Heritage-D HD96-24"},"content":{"rendered":"<p>Nous fabriquons un flight case \u00e0 capot basculant, particuli\u00e8rement robuste et con\u00e7u pour la tourn\u00e9e, destin\u00e9 \u00e0 la console de mixage Midas Heritage-D HD96-24-CC. Cet \u00e9tui renforc\u00e9 est con\u00e7u pour r\u00e9pondre aux exigences rigoureuses du secteur professionnel des tourn\u00e9es et de l&rsquo;\u00e9v\u00e9nementiel live.<\/p>\n<p>Le flight case int\u00e8gre un berceau pour la console offrant une flexibilit\u00e9 op\u00e9rationnelle maximale. La console de mixage peut \u00eatre utilis\u00e9e en toute s\u00e9curit\u00e9 tout en restant \u00e0 l&rsquo;int\u00e9rieur du flight case, ou bien \u00eatre rapidement retir\u00e9e pour une utilisation autonome.<\/p>\n<p>Un compartiment \u00e0 c\u00e2bles spacieux et verrouillable est int\u00e9gr\u00e9 \u00e0 la partie arri\u00e8re du flight case. Ce compartiment est dot\u00e9 de fentes d&rsquo;a\u00e9ration ainsi que de passages de c\u00e2bles lat\u00e9raux, garantissant \u00e0 la fois un c\u00e2blage ordonn\u00e9 et une circulation d&rsquo;air optimale \u2014 une caract\u00e9ristique id\u00e9ale pour une utilisation continue en conditions live. De plus, des supports pour \u00e9crans de contr\u00f4le sont mont\u00e9s sur les c\u00f4t\u00e9s gauche et droit du berceau de la console, facilitant l&rsquo;int\u00e9gration pratique de solutions de monitoring.<\/p>\n<p>Pour une manipulation ais\u00e9e, le flight case est \u00e9quip\u00e9 de poign\u00e9es lat\u00e9rales encastr\u00e9es ainsi que d&rsquo;un total de huit grandes poign\u00e9es rabattables, assurant un transport s\u00fbr m\u00eame sous de lourdes charges. Par ailleurs, un porte-\u00e9tiquette est int\u00e9gr\u00e9 au couvercle pour permettre une identification claire et rapide, indispensable face aux contraintes de la vie en tourn\u00e9e.<\/p>\n<p>Les panneaux d&rsquo;acc\u00e8s sont chacun \u00e9quip\u00e9s de compartiments pratiques pour accessoires, offrant un espace de rangement suppl\u00e9mentaire pour les c\u00e2bles, adaptateurs ou autres \u00e9quipements. Une mobilit\u00e9 maximale est assur\u00e9e par de robustes roulettes pivotantes de 100 mm \u2014 dont deux sont \u00e9quip\u00e9es de freins de blocage \u2014 garantissant une stabilit\u00e9 et un ancrage parfaits une fois le flight case positionn\u00e9 sur le lieu de l&rsquo;\u00e9v\u00e9nement.<\/p>\n<p>L&rsquo;int\u00e9rieur est dot\u00e9 de cales lat\u00e9rales sur mesure et d&rsquo;un rembourrage en mousse d\u00e9coup\u00e9 avec pr\u00e9cision, assurant que la console de mixage reste parfaitement cal\u00e9e et prot\u00e9g\u00e9e de mani\u00e8re fiable contre les chocs, les vibrations et les dommages li\u00e9s au transport. Ce flight case \u00e0 capot basculant renforc\u00e9 constitue la solution id\u00e9ale pour les utilisateurs professionnels exigeant les plus hauts standards en mati\u00e8re de protection, de fonctionnalit\u00e9 et de durabilit\u00e9. <\/p>\n<p>Caract\u00e9ristiques :<br \/>\nContreplaqu\u00e9 noir de 9 mm (RAL 9004)<br \/>\nProfil\u00e9 en aluminium de 35 x 35 mm<br \/>\n10 grands coins en L<br \/>\n4 grandes fermetures papillon<br \/>\n2 charni\u00e8res en L robustes<br \/>\n6 charni\u00e8res \u00e0 six trous<br \/>\n8 grandes poign\u00e9es encastr\u00e9es \u00e0 ressort<br \/>\n2 poign\u00e9es de bord encastr\u00e9es<br \/>\n2 adaptateurs pour moniteur<br \/>\n1 porte-\u00e9tiquette de tourn\u00e9e<br \/>\n8 grands coins \u00e0 boule \u00e9tag\u00e9s<br \/>\n2 verrous \u00e0 p\u00eane + plaques de finition<br \/>\n4 charni\u00e8res \u00e0 visser<br \/>\n4 roulettes pivotantes (dont 2 avec frein)<br \/>\nRembourrage en mousse<\/p>\n<p>** Remarque : L&rsquo;\u00e9quipement pr\u00e9sent\u00e9 est fourni \u00e0 titre d&rsquo;illustration uniquement et n&rsquo;est PAS inclus dans cette offre.<\/p>\n<p>Fabriqu\u00e9 en Allemagne<br \/>\nDimensions ext\u00e9rieures : env. 1290 x 557 x 1155 mm (L x P x H)<br \/>\nPoids : env. 104,7 kg<\/p>\n","protected":false},"excerpt":{"rendered":"<p>Nous fabriquons un flight case \u00e0 capot basculant, particuli\u00e8rement robuste et con\u00e7u pour la tourn\u00e9e, destin\u00e9 \u00e0 la console de<\/p>\n","protected":false},"featured_media":298304,"template":"","meta":{"_acf_changed":false},"product_brand":[],"product_cat":[13828],"product_tag":[],"class_list":{"0":"post-298368","1":"product","2":"type-product","3":"status-publish","4":"has-post-thumbnail","6":"product_cat-mischpult-cases-fr","8":"first","9":"instock","10":"taxable","11":"shipping-taxable","12":"purchasable","13":"product-type-simple"},"acf":[],"_links":{"self":[{"href":"https:\/\/megacase.com\/fr\/wp-json\/wp\/v2\/product\/298368","targetHints":{"allow":["GET"]}}],"collection":[{"href":"https:\/\/megacase.com\/fr\/wp-json\/wp\/v2\/product"}],"about":[{"href":"https:\/\/megacase.com\/fr\/wp-json\/wp\/v2\/types\/product"}],"wp:featuredmedia":[{"embeddable":true,"href":"https:\/\/megacase.com\/fr\/wp-json\/wp\/v2\/media\/298304"}],"wp:attachment":[{"href":"https:\/\/megacase.com\/fr\/wp-json\/wp\/v2\/media?parent=298368"}],"wp:term":[{"taxonomy":"product_brand","embeddable":true,"href":"https:\/\/megacase.com\/fr\/wp-json\/wp\/v2\/product_brand?post=298368"},{"taxonomy":"product_cat","embeddable":true,"href":"https:\/\/megacase.com\/fr\/wp-json\/wp\/v2\/product_cat?post=298368"},{"taxonomy":"product_tag","embeddable":true,"href":"https:\/\/megacase.com\/fr\/wp-json\/wp\/v2\/product_tag?post=298368"}],"curies":[{"name":"wp","href":"https:\/\/api.w.org\/{rel}","templated":true}]}}