{"id":298108,"date":"2026-04-30T09:35:01","date_gmt":"2026-04-30T07:35:01","guid":{"rendered":"https:\/\/megacase.com\/product\/boitier-de-capot-waves-emotion-lv1-control\/"},"modified":"2026-04-30T09:35:01","modified_gmt":"2026-04-30T07:35:01","slug":"boitier-de-capot-waves-emotion-lv1-control","status":"publish","type":"product","link":"https:\/\/megacase.com\/fr\/produit\/boitier-de-capot-waves-emotion-lv1-control\/","title":{"rendered":"Bo\u00eetier de capot Waves eMotion LV1 Control"},"content":{"rendered":"<p>Un \u00e9tui rigide robuste et pratique, sp\u00e9cialement con\u00e7u pour l&rsquo;extension de faders du syst\u00e8me de contr\u00f4le Waves eMotion LV1. Cet \u00e9tui offre une protection optimale et une manipulation ais\u00e9e pour les performances live et les tourn\u00e9es.<\/p>\n<p>Fabriqu\u00e9 en polypropyl\u00e8ne noir r\u00e9sistant et renforc\u00e9 par des profil\u00e9s en aluminium robustes, l&rsquo;\u00e9tui est dot\u00e9 de fermetures papillon et de coins \u00e0 billes robustes, certains associ\u00e9s \u00e0 des coins en L renforc\u00e9s, pour une s\u00e9curit\u00e9 accrue.<\/p>\n<p>Un passage de c\u00e2ble int\u00e9gr\u00e9 de 10 cm \u00e0 l&rsquo;arri\u00e8re de l&rsquo;unit\u00e9 permet un c\u00e2blage propre et facile, sans g\u00eaner la configuration pendant le transport ou l&rsquo;utilisation.<\/p>\n<p>Pour une manipulation ais\u00e9e, l&rsquo;\u00e9tui est \u00e9quip\u00e9 d&rsquo;une poign\u00e9e pliante robuste, tandis que des pieds en caoutchouc assurent sa stabilit\u00e9. Un rembourrage en mousse interne offre une protection optimale du mat\u00e9riel contre les chocs et les vibrations.<\/p>\n<p>Caract\u00e9ristiques :<br \/>\nPanneau en polypropyl\u00e8ne noir de 6,5 mm<br \/>\nProfil\u00e9s en aluminium 30 x 30 mm<br \/>\n4 \u00e9querres moyennes<br \/>\n4 \u00e9querres moyennes<br \/>\n4 \u00e9querres moyennes avec \u00e9querre<br \/>\n4 \u00e9querres moyennes avec \u00e9querre<br \/>\n4 fermetures papillon moyennes<br \/>\n1 poign\u00e9e pliante moyenne<br \/>\n4 pieds en caoutchouc<br \/>\nRembourrage en mousse<\/p>\n<p>** Remarque : Les \u00e9quipements pr\u00e9sent\u00e9s sont \u00e0 titre indicatif uniquement et ne sont PAS inclus dans l&rsquo;offre.<\/p>\n<p>Fabriqu\u00e9 en Allemagne<br \/>\nDimensions ext\u00e9rieures (L x P x H) : 635 x 555 x 230 mm<br \/>\nPoids : 9,8 kg<\/p>\n","protected":false},"excerpt":{"rendered":"<p>Un \u00e9tui rigide robuste et pratique, sp\u00e9cialement con\u00e7u pour l&rsquo;extension de faders du syst\u00e8me de contr\u00f4le Waves eMotion LV1. Cet<\/p>\n","protected":false},"featured_media":298100,"template":"","meta":{"_acf_changed":false},"product_brand":[],"product_cat":[13828],"product_tag":[],"class_list":{"0":"post-298108","1":"product","2":"type-product","3":"status-publish","4":"has-post-thumbnail","6":"product_cat-mischpult-cases-fr","8":"first","9":"instock","10":"taxable","11":"shipping-taxable","12":"purchasable","13":"product-type-simple"},"acf":[],"_links":{"self":[{"href":"https:\/\/megacase.com\/fr\/wp-json\/wp\/v2\/product\/298108","targetHints":{"allow":["GET"]}}],"collection":[{"href":"https:\/\/megacase.com\/fr\/wp-json\/wp\/v2\/product"}],"about":[{"href":"https:\/\/megacase.com\/fr\/wp-json\/wp\/v2\/types\/product"}],"wp:featuredmedia":[{"embeddable":true,"href":"https:\/\/megacase.com\/fr\/wp-json\/wp\/v2\/media\/298100"}],"wp:attachment":[{"href":"https:\/\/megacase.com\/fr\/wp-json\/wp\/v2\/media?parent=298108"}],"wp:term":[{"taxonomy":"product_brand","embeddable":true,"href":"https:\/\/megacase.com\/fr\/wp-json\/wp\/v2\/product_brand?post=298108"},{"taxonomy":"product_cat","embeddable":true,"href":"https:\/\/megacase.com\/fr\/wp-json\/wp\/v2\/product_cat?post=298108"},{"taxonomy":"product_tag","embeddable":true,"href":"https:\/\/megacase.com\/fr\/wp-json\/wp\/v2\/product_tag?post=298108"}],"curies":[{"name":"wp","href":"https:\/\/api.w.org\/{rel}","templated":true}]}}