{"id":298018,"date":"2026-04-28T11:10:37","date_gmt":"2026-04-28T09:10:37","guid":{"rendered":"https:\/\/megacase.com\/product\/etui-de-transport-pour-korg-kaoss-pad-v\/"},"modified":"2026-04-28T11:10:37","modified_gmt":"2026-04-28T09:10:37","slug":"etui-de-transport-pour-korg-kaoss-pad-v","status":"publish","type":"product","link":"https:\/\/megacase.com\/fr\/produit\/etui-de-transport-pour-korg-kaoss-pad-v\/","title":{"rendered":"\u00c9tui de transport pour Korg Kaoss Pad V"},"content":{"rendered":"<p>\u00c9tui de transport compact et robuste pour le transport en toute s\u00e9curit\u00e9 de votre processeur d&rsquo;effets Korg Kaoss Pad V. Sa conception permet un acc\u00e8s direct \u00e0 la base de l&rsquo;appareil pour une utilisation rapide et efficace sur sc\u00e8ne ou en studio.<\/p>\n<p>Un passage de c\u00e2bles int\u00e9gr\u00e9 d&rsquo;environ 10 cm offre un espace suffisant pour les c\u00e2bles connect\u00e9s, leur permettant de rester branch\u00e9s et simplifiant consid\u00e9rablement l&rsquo;installation. Le rembourrage en mousse sur mesure prot\u00e8ge efficacement l&rsquo;appareil des chocs et des vibrations. Quatre pieds en caoutchouc assurent une stabilit\u00e9 optimale.<\/p>\n<p>Fabriqu\u00e9 en polyboard noir robuste et renforc\u00e9 par des profil\u00e9s en aluminium et des coins de protection, cet \u00e9tui est id\u00e9al pour une utilisation nomade.<\/p>\n<p>Caract\u00e9ristiques :<br \/>\nPolyboard noir de 6,5 mm<br \/>\nRang\u00e9es en aluminium 22 x 22 mm<br \/>\n2 fermetures papillon (mini)<br \/>\n1 poign\u00e9e de transport robuste<br \/>\n4 coins \u00e0 rotule<br \/>\n4 coins \u00e0 rotule avec angles en L<br \/>\n4 pieds en caoutchouc (25 x 15 mm)<br \/>\nRembourrage en mousse<\/p>\n<p>** Remarque : Les appareils pr\u00e9sent\u00e9s sont \u00e0 titre d&rsquo;illustration uniquement et ne sont PAS inclus dans l&rsquo;offre.<\/p>\n<p>Fabriqu\u00e9 en Allemagne<br \/>\nDimensions ext\u00e9rieures (L x P x H) : 1277 x 385 x 148 mm<br \/>\nPoids : 3 kg<\/p>\n","protected":false},"excerpt":{"rendered":"<p>\u00c9tui de transport compact et robuste pour le transport en toute s\u00e9curit\u00e9 de votre processeur d&rsquo;effets Korg Kaoss Pad V.<\/p>\n","protected":false},"featured_media":298011,"template":"","meta":{"_acf_changed":false},"product_brand":[],"product_cat":[16365],"product_tag":[],"class_list":{"0":"post-298018","1":"product","2":"type-product","3":"status-publish","4":"has-post-thumbnail","6":"product_cat-pedalcase-fr","8":"first","9":"instock","10":"taxable","11":"shipping-taxable","12":"purchasable","13":"product-type-simple"},"acf":[],"_links":{"self":[{"href":"https:\/\/megacase.com\/fr\/wp-json\/wp\/v2\/product\/298018","targetHints":{"allow":["GET"]}}],"collection":[{"href":"https:\/\/megacase.com\/fr\/wp-json\/wp\/v2\/product"}],"about":[{"href":"https:\/\/megacase.com\/fr\/wp-json\/wp\/v2\/types\/product"}],"wp:featuredmedia":[{"embeddable":true,"href":"https:\/\/megacase.com\/fr\/wp-json\/wp\/v2\/media\/298011"}],"wp:attachment":[{"href":"https:\/\/megacase.com\/fr\/wp-json\/wp\/v2\/media?parent=298018"}],"wp:term":[{"taxonomy":"product_brand","embeddable":true,"href":"https:\/\/megacase.com\/fr\/wp-json\/wp\/v2\/product_brand?post=298018"},{"taxonomy":"product_cat","embeddable":true,"href":"https:\/\/megacase.com\/fr\/wp-json\/wp\/v2\/product_cat?post=298018"},{"taxonomy":"product_tag","embeddable":true,"href":"https:\/\/megacase.com\/fr\/wp-json\/wp\/v2\/product_tag?post=298018"}],"curies":[{"name":"wp","href":"https:\/\/api.w.org\/{rel}","templated":true}]}}