{"id":297955,"date":"2026-04-28T10:57:34","date_gmt":"2026-04-28T08:57:34","guid":{"rendered":"https:\/\/megacase.com\/product\/etui-de-transport-pour-table-de-mixage-ecler-nuo-4-nuo-5\/"},"modified":"2026-04-28T10:57:34","modified_gmt":"2026-04-28T08:57:34","slug":"etui-de-transport-pour-table-de-mixage-ecler-nuo-4-nuo-5","status":"publish","type":"product","link":"https:\/\/megacase.com\/fr\/produit\/etui-de-transport-pour-table-de-mixage-ecler-nuo-4-nuo-5\/","title":{"rendered":"\u00c9tui de transport pour table de mixage Ecler Nuo 4 \/ Nuo 5"},"content":{"rendered":"<p>Un \u00e9tui de transport robuste et pratique pour une utilisation en toute s\u00e9curit\u00e9 de votre table de mixage DJ Ecler Nuo 4 ou Nuo 5. Con\u00e7u pour les performances live et les tourn\u00e9es, cet \u00e9tui permet une installation rapide et une utilisation imm\u00e9diate de la table de mixage dans son compartiment inf\u00e9rieur \u2013 id\u00e9al pour les DJs qui privil\u00e9gient l&rsquo;efficacit\u00e9 et la protection.<\/p>\n<p>La table de mixage peut \u00eatre utilis\u00e9e en position verticale dans l&rsquo;\u00e9tui, ce qui r\u00e9duit consid\u00e9rablement les temps d&rsquo;installation et de d\u00e9montage. \u00c0 l&rsquo;arri\u00e8re, un compartiment de rangement int\u00e9gr\u00e9 d&rsquo;environ 10 cm de profondeur offre un espace suffisant pour les c\u00e2bles et accessoires, tout en assurant une gestion propre des c\u00e2bles.<\/p>\n<p>Deux fermetures papillon de taille moyenne garantissent un verrouillage s\u00e9curis\u00e9, tandis qu&rsquo;une poign\u00e9e de transport robuste facilite le transport. Quatre pieds en caoutchouc assurent une adh\u00e9rence optimale. \u00c0 l&rsquo;int\u00e9rieur, un rembourrage en mousse sur mesure prot\u00e8ge efficacement des chocs et des vibrations.<\/p>\n<p>Caract\u00e9ristiques :<br \/>\nContreplaqu\u00e9 de 6,8 mm, rev\u00eatement en r\u00e9sine ph\u00e9nolique (brun)<br \/>\nCh\u00e2ssis en aluminium 25 x 25 mm<br \/>\n2 fermetures papillon (taille moyenne)<br \/>\n1 poign\u00e9e de transport<br \/>\n4 \u00e9querres d&rsquo;angle (taille moyenne)<br \/>\n4 \u00e9querres d&rsquo;angle \u00e0 rotule (taille moyenne)<br \/>\n4 \u00e9querres d&rsquo;angle \u00e0 rotule (taille moyenne) avec \u00e9querre d&rsquo;angle<br \/>\n4 pieds en caoutchouc (25 x 15 mm)<br \/>\nRembourrage en mousse<\/p>\n<p>Fabriqu\u00e9 en Allemagne<br \/>\nDimensions ext\u00e9rieures (L x P x H) : 390 x 550 x 195 mm<br \/>\nPoids : 5,5 kg<\/p>\n","protected":false},"excerpt":{"rendered":"<p>Un \u00e9tui de transport robuste et pratique pour une utilisation en toute s\u00e9curit\u00e9 de votre table de mixage DJ Ecler<\/p>\n","protected":false},"featured_media":297912,"template":"","meta":{"_acf_changed":false},"product_brand":[],"product_cat":[13730],"product_tag":[],"class_list":{"0":"post-297955","1":"product","2":"type-product","3":"status-publish","4":"has-post-thumbnail","6":"product_cat-dj-cases-fr","8":"first","9":"instock","10":"taxable","11":"shipping-taxable","12":"purchasable","13":"product-type-simple"},"acf":[],"_links":{"self":[{"href":"https:\/\/megacase.com\/fr\/wp-json\/wp\/v2\/product\/297955","targetHints":{"allow":["GET"]}}],"collection":[{"href":"https:\/\/megacase.com\/fr\/wp-json\/wp\/v2\/product"}],"about":[{"href":"https:\/\/megacase.com\/fr\/wp-json\/wp\/v2\/types\/product"}],"wp:featuredmedia":[{"embeddable":true,"href":"https:\/\/megacase.com\/fr\/wp-json\/wp\/v2\/media\/297912"}],"wp:attachment":[{"href":"https:\/\/megacase.com\/fr\/wp-json\/wp\/v2\/media?parent=297955"}],"wp:term":[{"taxonomy":"product_brand","embeddable":true,"href":"https:\/\/megacase.com\/fr\/wp-json\/wp\/v2\/product_brand?post=297955"},{"taxonomy":"product_cat","embeddable":true,"href":"https:\/\/megacase.com\/fr\/wp-json\/wp\/v2\/product_cat?post=297955"},{"taxonomy":"product_tag","embeddable":true,"href":"https:\/\/megacase.com\/fr\/wp-json\/wp\/v2\/product_tag?post=297955"}],"curies":[{"name":"wp","href":"https:\/\/api.w.org\/{rel}","templated":true}]}}