{"id":297903,"date":"2026-04-28T10:42:54","date_gmt":"2026-04-28T08:42:54","guid":{"rendered":"https:\/\/megacase.com\/product\/etui-de-transport-pour-2-enceintes-fohhn-audio-xm-4\/"},"modified":"2026-04-28T10:42:54","modified_gmt":"2026-04-28T08:42:54","slug":"etui-de-transport-pour-2-enceintes-fohhn-audio-xm-4","status":"publish","type":"product","link":"https:\/\/megacase.com\/fr\/produit\/etui-de-transport-pour-2-enceintes-fohhn-audio-xm-4\/","title":{"rendered":"\u00c9tui de transport pour 2 enceintes Fohhn Audio XM-4"},"content":{"rendered":"<p>Un \u00e9tui de transport robuste et adapt\u00e9 aux tourn\u00e9es pour le transport s\u00e9curis\u00e9 de deux enceintes Fohhn Audio XM-4. Sa conception est sp\u00e9cialement \u00e9tudi\u00e9e pour une utilisation professionnelle en sonorisation, \u00e9v\u00e9nementiel et tourn\u00e9es, offrant une protection optimale tout en conservant une excellente praticit\u00e9 au quotidien.<\/p>\n<p>\u00c0 l&rsquo;int\u00e9rieur, une cloison rembourr\u00e9e assure la s\u00e9paration des deux enceintes et \u00e9vite qu&rsquo;elles ne s&rsquo;entrechoquent pendant le transport. L&rsquo;int\u00e9rieur sur mesure, avec son rembourrage en mousse, offre une protection suppl\u00e9mentaire contre les chocs et les dommages.<\/p>\n<p>Pour une manipulation ais\u00e9e, l&rsquo;\u00e9tui est \u00e9quip\u00e9 de quatre poign\u00e9es rabattables. Quatre roulettes pivotantes de 100 mm, dont deux avec frein, permettent un transport facile et s\u00fbr, m\u00eame avec des charges lourdes.<\/p>\n<p>Caract\u00e9ristiques :<br \/>\nContreplaqu\u00e9 ph\u00e9nolique brun de 6,8 mm<br \/>\nCh\u00e2ssis en aluminium 30 x 30 mm<br \/>\n8 \u00e9querres d&rsquo;angle moyennes<br \/>\n4 fermetures papillon moyennes<br \/>\n4 poign\u00e9es pliantes moyennes<br \/>\n8 \u00e9querres d&rsquo;angle moyennes<br \/>\n4 roulettes pivotantes (100 mm), dont 2 avec frein<\/p>\n<p>Fabriqu\u00e9 en Allemagne<br \/>\nDimensions ext\u00e9rieures (L x P x H) : 791 x 521 x 807 mm<br \/>\nPoids : 25,7 kg<\/p>\n","protected":false},"excerpt":{"rendered":"<p>Un \u00e9tui de transport robuste et adapt\u00e9 aux tourn\u00e9es pour le transport s\u00e9curis\u00e9 de deux enceintes Fohhn Audio XM-4. Sa<\/p>\n","protected":false},"featured_media":297900,"template":"","meta":{"_acf_changed":false},"product_brand":[],"product_cat":[16320],"product_tag":[],"class_list":{"0":"post-297903","1":"product","2":"type-product","3":"status-publish","4":"has-post-thumbnail","6":"product_cat-audio-cases-fr","8":"first","9":"instock","10":"taxable","11":"shipping-taxable","12":"purchasable","13":"product-type-simple"},"acf":[],"_links":{"self":[{"href":"https:\/\/megacase.com\/fr\/wp-json\/wp\/v2\/product\/297903","targetHints":{"allow":["GET"]}}],"collection":[{"href":"https:\/\/megacase.com\/fr\/wp-json\/wp\/v2\/product"}],"about":[{"href":"https:\/\/megacase.com\/fr\/wp-json\/wp\/v2\/types\/product"}],"wp:featuredmedia":[{"embeddable":true,"href":"https:\/\/megacase.com\/fr\/wp-json\/wp\/v2\/media\/297900"}],"wp:attachment":[{"href":"https:\/\/megacase.com\/fr\/wp-json\/wp\/v2\/media?parent=297903"}],"wp:term":[{"taxonomy":"product_brand","embeddable":true,"href":"https:\/\/megacase.com\/fr\/wp-json\/wp\/v2\/product_brand?post=297903"},{"taxonomy":"product_cat","embeddable":true,"href":"https:\/\/megacase.com\/fr\/wp-json\/wp\/v2\/product_cat?post=297903"},{"taxonomy":"product_tag","embeddable":true,"href":"https:\/\/megacase.com\/fr\/wp-json\/wp\/v2\/product_tag?post=297903"}],"curies":[{"name":"wp","href":"https:\/\/api.w.org\/{rel}","templated":true}]}}