{"id":297858,"date":"2026-04-28T10:25:23","date_gmt":"2026-04-28T08:25:23","guid":{"rendered":"https:\/\/megacase.com\/product\/pedalcase-g66-eu-flight-case-pour-2-fractal-vp4-am4-avec-pedales-dexpression\/"},"modified":"2026-04-28T10:32:27","modified_gmt":"2026-04-28T08:32:27","slug":"pedalcase-g66-eu-flight-case-pour-2-fractal-vp4-am4-avec-pedales-dexpression","status":"publish","type":"product","link":"https:\/\/megacase.com\/fr\/produit\/pedalcase-g66-eu-flight-case-pour-2-fractal-vp4-am4-avec-pedales-dexpression\/","title":{"rendered":"Pedalcase G66.eu \u2013 Flight case pour 2 Fractal VP4 \/ AM4 + 2x EV-1\/EV-2"},"content":{"rendered":"<p>Flight case professionnel sur mesure pour le transport s\u00e9curis\u00e9 et l&rsquo;utilisation pratique de deux unit\u00e9s Fractal VP4 ou AM4, avec deux p\u00e9dales d&rsquo;expression (EV-1 ou EV-2). Sa conception est optimis\u00e9e pour une efficacit\u00e9 maximale en live et en studio.<\/p>\n<p>Deux p\u00e9daliers int\u00e9gr\u00e9s avec passe-c\u00e2bles \u00e0 l&rsquo;arri\u00e8re permettent un c\u00e2blage organis\u00e9 et prot\u00e9g\u00e9. Tous les appareils sont accessibles directement depuis la partie inf\u00e9rieure du flight case, ce qui r\u00e9duit consid\u00e9rablement le temps d&rsquo;installation. Le couvercle amovible offre un acc\u00e8s rapide et une protection optimale pendant le transport.<\/p>\n<p>\u00c0 l&rsquo;int\u00e9rieur, une mousse sur mesure prot\u00e8ge efficacement le mat\u00e9riel des chocs et des vibrations.<\/p>\n<p>Caract\u00e9ristiques :<br \/>\nContreplaqu\u00e9 6,8 mm, orange (RAL 2008)<br \/>\nCh\u00e2ssis en aluminium 22 x 22 mm<br \/>\n4 fermetures papillon (mini)<br \/>\n1 poign\u00e9e en cuir<br \/>\n4 \u00e9querres d&rsquo;angle (moyennes)<br \/>\n4 petites \u00e9querres d&rsquo;angle sph\u00e9riques<br \/>\n4 petites \u00e9querres d&rsquo;angle sph\u00e9riques avec \u00e9querres d&rsquo;angle en L<br \/>\n6 pieds en caoutchouc (38 x 10 mm)<br \/>\nRembourrage en mousse<\/p>\n<p>Fabriqu\u00e9 en Allemagne<br \/>\nDimensions ext\u00e9rieures (L x P x H) : 917 x 445 x 174 mm<br \/>\nPoids : 10,7 kg<\/p>\n","protected":false},"excerpt":{"rendered":"<p>Flight case professionnel sur mesure pour le transport s\u00e9curis\u00e9 et l&rsquo;utilisation pratique de deux unit\u00e9s Fractal VP4 ou AM4, avec<\/p>\n","protected":false},"featured_media":297855,"template":"","meta":{"_acf_changed":false},"product_brand":[],"product_cat":[16365],"product_tag":[],"class_list":{"0":"post-297858","1":"product","2":"type-product","3":"status-publish","4":"has-post-thumbnail","6":"product_cat-pedalcase-fr","8":"first","9":"instock","10":"taxable","11":"shipping-taxable","12":"purchasable","13":"product-type-simple"},"acf":[],"_links":{"self":[{"href":"https:\/\/megacase.com\/fr\/wp-json\/wp\/v2\/product\/297858","targetHints":{"allow":["GET"]}}],"collection":[{"href":"https:\/\/megacase.com\/fr\/wp-json\/wp\/v2\/product"}],"about":[{"href":"https:\/\/megacase.com\/fr\/wp-json\/wp\/v2\/types\/product"}],"wp:featuredmedia":[{"embeddable":true,"href":"https:\/\/megacase.com\/fr\/wp-json\/wp\/v2\/media\/297855"}],"wp:attachment":[{"href":"https:\/\/megacase.com\/fr\/wp-json\/wp\/v2\/media?parent=297858"}],"wp:term":[{"taxonomy":"product_brand","embeddable":true,"href":"https:\/\/megacase.com\/fr\/wp-json\/wp\/v2\/product_brand?post=297858"},{"taxonomy":"product_cat","embeddable":true,"href":"https:\/\/megacase.com\/fr\/wp-json\/wp\/v2\/product_cat?post=297858"},{"taxonomy":"product_tag","embeddable":true,"href":"https:\/\/megacase.com\/fr\/wp-json\/wp\/v2\/product_tag?post=297858"}],"curies":[{"name":"wp","href":"https:\/\/api.w.org\/{rel}","templated":true}]}}