{"id":297786,"date":"2026-04-28T10:07:25","date_gmt":"2026-04-28T08:07:25","guid":{"rendered":"https:\/\/megacase.com\/product\/pedalcase-g66-eu-flightcase-fur-fractal-vp4-am4\/"},"modified":"2026-04-28T10:07:25","modified_gmt":"2026-04-28T08:07:25","slug":"pedalcase-g66-eu-flightcase-fur-fractal-vp4-am4","status":"publish","type":"product","link":"https:\/\/megacase.com\/fr\/produit\/pedalcase-g66-eu-flightcase-fur-fractal-vp4-am4\/","title":{"rendered":"Pedalcase G66.eu \u2013 Flightcase f\u00fcr Fractal VP4 \/ AM4"},"content":{"rendered":"<p>Un flight case robuste et pratique pour p\u00e9dales Fractal VP4 ou AM4. Sa conception est sp\u00e9cialement \u00e9tudi\u00e9e pour une installation rapide et un transport s\u00e9curis\u00e9, ce qui le rend id\u00e9al pour la sc\u00e8ne, le studio et les tourn\u00e9es.<\/p>\n<p>Un passage de c\u00e2bles int\u00e9gr\u00e9 \u00e0 l&rsquo;arri\u00e8re assure une gestion propre et prot\u00e9g\u00e9e des c\u00e2bles. Le p\u00e9dalier peut \u00eatre utilis\u00e9 directement dans la partie inf\u00e9rieure du flight case, \u00e9liminant ainsi les fastidieuses op\u00e9rations d&rsquo;installation et de d\u00e9montage. Le couvercle amovible permet un acc\u00e8s rapide \u00e0 l&rsquo;ensemble du mat\u00e9riel.<\/p>\n<p>Fabriqu\u00e9 en contreplaqu\u00e9 durable de 6,8 mm orange (RAL 2008) et renforc\u00e9 par des chants robustes en aluminium 22\/22, ce flight case offre une durabilit\u00e9 exceptionnelle. Des accessoires de haute qualit\u00e9, tels que des fermetures papillon, des coins \u00e0 rotule et des \u00e9querres, assurent une stabilit\u00e9 et une long\u00e9vit\u00e9 accrues pour une utilisation quotidienne.<\/p>\n<p>Une poign\u00e9e ergonomique en cuir facilite le transport, tandis que des pieds en caoutchouc garantissent la stabilit\u00e9. \u00c0 l&rsquo;int\u00e9rieur, une mousse sur mesure prot\u00e8ge efficacement des chocs et des vibrations.<\/p>\n<p>Charact\u00e9ristiques :<br \/>\nPanneaux en bois multiplex orange 6,8 mm (RAL 2008)<br \/>\nCh\u00e2ssis en aluminium 22 x 22 mm<br \/>\n4 fermoirs papillon (mini)<br \/>\n1 poign\u00e9e en cuir<br \/>\n4 \u00e9querres moyennes en L<br \/>\n4 \u00e9querres rondes petites<br \/>\n4 \u00e9querres rondes petites avec \u00e9querres en L<br \/>\n4 pieds en caoutchouc (38 x 10 mm)<br \/>\nRembourrage en mousse<\/p>\n<p>**Remarque : Les \u00e9l\u00e9ments pr\u00e9sent\u00e9s sont \u00e0 titre indicatif uniquement et ne sont PAS inclus dans l&rsquo;offre.<\/p>\n<p>Fabriqu\u00e9 en Allemagne<br \/>\nDimensions ext\u00e9rieures (L x P x H) : 325 x 345 x 120 mm<br \/>\nPoids : 2,9 kg<\/p>\n","protected":false},"excerpt":{"rendered":"<p>Un flight case robuste et pratique pour p\u00e9dales Fractal VP4 ou AM4. Sa conception est sp\u00e9cialement \u00e9tudi\u00e9e pour une installation<\/p>\n","protected":false},"featured_media":297783,"template":"","meta":{"_acf_changed":false},"product_brand":[],"product_cat":[16365],"product_tag":[],"class_list":{"0":"post-297786","1":"product","2":"type-product","3":"status-publish","4":"has-post-thumbnail","6":"product_cat-pedalcase-fr","8":"first","9":"instock","10":"taxable","11":"shipping-taxable","12":"purchasable","13":"product-type-simple"},"acf":[],"_links":{"self":[{"href":"https:\/\/megacase.com\/fr\/wp-json\/wp\/v2\/product\/297786","targetHints":{"allow":["GET"]}}],"collection":[{"href":"https:\/\/megacase.com\/fr\/wp-json\/wp\/v2\/product"}],"about":[{"href":"https:\/\/megacase.com\/fr\/wp-json\/wp\/v2\/types\/product"}],"wp:featuredmedia":[{"embeddable":true,"href":"https:\/\/megacase.com\/fr\/wp-json\/wp\/v2\/media\/297783"}],"wp:attachment":[{"href":"https:\/\/megacase.com\/fr\/wp-json\/wp\/v2\/media?parent=297786"}],"wp:term":[{"taxonomy":"product_brand","embeddable":true,"href":"https:\/\/megacase.com\/fr\/wp-json\/wp\/v2\/product_brand?post=297786"},{"taxonomy":"product_cat","embeddable":true,"href":"https:\/\/megacase.com\/fr\/wp-json\/wp\/v2\/product_cat?post=297786"},{"taxonomy":"product_tag","embeddable":true,"href":"https:\/\/megacase.com\/fr\/wp-json\/wp\/v2\/product_tag?post=297786"}],"curies":[{"name":"wp","href":"https:\/\/api.w.org\/{rel}","templated":true}]}}