{"id":297663,"date":"2026-04-27T15:40:17","date_gmt":"2026-04-27T13:40:17","guid":{"rendered":"https:\/\/megacase.com\/product\/6u-live-rack-40-backrail\/"},"modified":"2026-04-27T15:40:17","modified_gmt":"2026-04-27T13:40:17","slug":"6u-live-rack-40-backrail","status":"publish","type":"product","link":"https:\/\/megacase.com\/fr\/produit\/6u-live-rack-40-backrail\/","title":{"rendered":"6U Live RAck 40 + Backrail"},"content":{"rendered":"<p>Rack 6U Live \u2013 Profondeur 40 cm<\/p>\n<p>Rack 19&Prime; compact et robuste pour applications live \u2013 id\u00e9al pour une utilisation mobile sur sc\u00e8ne ou en studio. Avec une profondeur utile de 37 cm entre les rails, il offre un espace g\u00e9n\u00e9reux pour les \u00e9quipements rack standard. Deux panneaux amovibles permettent un acc\u00e8s rapide par l&rsquo;avant et l&rsquo;arri\u00e8re. Les rails de rack sans palier, avec bordures en caoutchouc \u00e0 l&rsquo;avant et \u00e0 l&rsquo;arri\u00e8re, assurent un maintien s\u00fbr et prot\u00e8gent les \u00e9quipements install\u00e9s. Fabriqu\u00e9 en Allemagne.<\/p>\n<p>Caract\u00e9ristiques :<br \/>\n&#8211; Hauteur utile : 6U<br \/>\n&#8211; Profondeur du ch\u00e2ssis : 40 cm | Profondeur utile : 37 cm<br \/>\n&#8211; 2 panneaux amovibles<br \/>\n&#8211; Rails de rack sans palier avec bordures en caoutchouc \u00e0 l&rsquo;avant et \u00e0 l&rsquo;arri\u00e8re, vis incluses<br \/>\n&#8211; Ch\u00e2ssis en contreplaqu\u00e9 de 6,8 mm recouvert de r\u00e9sine ph\u00e9nolique brune<br \/>\n&#8211; Bordures en aluminium 25 x 25 mm<br \/>\n&#8211; Coins \u00e0 billes en acier<br \/>\n&#8211; 4 fermetures papillon \u00e0 ressort<br \/>\n&#8211; 2 poign\u00e9es rabattables<br \/>\n&#8211; 4 pieds en caoutchouc<\/p>\n<p>Dimensions externes : 555 x 555 mm Dimensions : 415 mm (L x P x H) | Poids : 10,4 kg<\/p>\n","protected":false},"excerpt":{"rendered":"<p>Rack 6U Live \u2013 Profondeur 40 cm Rack 19&Prime; compact et robuste pour applications live \u2013 id\u00e9al pour une utilisation<\/p>\n","protected":false},"featured_media":297660,"template":"","meta":{"_acf_changed":false},"product_brand":[],"product_cat":[13593],"product_tag":[],"class_list":{"0":"post-297663","1":"product","2":"type-product","3":"status-publish","4":"has-post-thumbnail","6":"product_cat-racks-fr","8":"first","9":"instock","10":"taxable","11":"shipping-taxable","12":"purchasable","13":"product-type-simple"},"acf":[],"_links":{"self":[{"href":"https:\/\/megacase.com\/fr\/wp-json\/wp\/v2\/product\/297663","targetHints":{"allow":["GET"]}}],"collection":[{"href":"https:\/\/megacase.com\/fr\/wp-json\/wp\/v2\/product"}],"about":[{"href":"https:\/\/megacase.com\/fr\/wp-json\/wp\/v2\/types\/product"}],"wp:featuredmedia":[{"embeddable":true,"href":"https:\/\/megacase.com\/fr\/wp-json\/wp\/v2\/media\/297660"}],"wp:attachment":[{"href":"https:\/\/megacase.com\/fr\/wp-json\/wp\/v2\/media?parent=297663"}],"wp:term":[{"taxonomy":"product_brand","embeddable":true,"href":"https:\/\/megacase.com\/fr\/wp-json\/wp\/v2\/product_brand?post=297663"},{"taxonomy":"product_cat","embeddable":true,"href":"https:\/\/megacase.com\/fr\/wp-json\/wp\/v2\/product_cat?post=297663"},{"taxonomy":"product_tag","embeddable":true,"href":"https:\/\/megacase.com\/fr\/wp-json\/wp\/v2\/product_tag?post=297663"}],"curies":[{"name":"wp","href":"https:\/\/api.w.org\/{rel}","templated":true}]}}