{"id":297466,"date":"2026-04-27T11:46:25","date_gmt":"2026-04-27T09:46:25","guid":{"rendered":"https:\/\/megacase.com\/product\/etui-rigide-noir-sur-mesure-pour-la-table-de-mixage-pioneer-djm-s7\/"},"modified":"2026-04-27T11:46:25","modified_gmt":"2026-04-27T09:46:25","slug":"etui-rigide-noir-sur-mesure-pour-la-table-de-mixage-pioneer-djm-s7","status":"publish","type":"product","link":"https:\/\/megacase.com\/fr\/produit\/etui-rigide-noir-sur-mesure-pour-la-table-de-mixage-pioneer-djm-s7\/","title":{"rendered":"\u00c9tui rigide noir sur mesure pour la table de mixage Pioneer DJM-S7"},"content":{"rendered":"<p>Cet \u00e9tui robuste est con\u00e7u pour transporter et prot\u00e9ger efficacement votre table de mixage Pioneer DJM-S7. Sa construction robuste est id\u00e9ale pour les DJ et les tourn\u00e9es.<\/p>\n<p>L&rsquo;int\u00e9rieur de l&rsquo;\u00e9tui est dot\u00e9 d&rsquo;un rembourrage en mousse haute densit\u00e9 qui prot\u00e8ge efficacement la table de mixage des chocs et des vibrations. Un espace de rangement suppl\u00e9mentaire de 10 cm \u00e0 l&rsquo;arri\u00e8re offre suffisamment de place pour les c\u00e2bles et les accessoires. Un porte-\u00e9tiquette int\u00e9gr\u00e9 au couvercle permet une identification facile en milieu professionnel.<\/p>\n<p>Fabriqu\u00e9 en contreplaqu\u00e9 durable laqu\u00e9 noir et renforc\u00e9 par des profil\u00e9s en aluminium robustes et des coins de protection, cet \u00e9tui offre une long\u00e9vit\u00e9 et une stabilit\u00e9 exceptionnelles. Id\u00e9al pour les DJ et les soci\u00e9t\u00e9s de location qui recherchent une protection fiable et des solutions de transport professionnelles.<\/p>\n<p>Cet \u00e9tui est con\u00e7u pour les DJ et les soci\u00e9t\u00e9s de location qui recherchent une protection fiable et des solutions de transport professionnelles. <\/p>\n<p>Caract\u00e9ristiques :<br \/>\nVerre noir multiplex 6,8 mm (RAL 9004)<br \/>\nBords en aluminium 25 x 25 mm<br \/>\n2 fermetures papillon (moyennes)<br \/>\n1 poign\u00e9e avant<br \/>\n4 \u00e9querres en L (moyennes)<br \/>\n4 \u00e9querres sph\u00e9riques (moyennes)<br \/>\n4 \u00e9querres sph\u00e9riques avec \u00e9querres en L (moyennes)<br \/>\n4 pieds en caoutchouc (25 x 15 mm) pour une meilleure stabilit\u00e9<br \/>\n1 porte-\u00e9tiquette int\u00e9gr\u00e9 au couvercle<br \/>\nRembourrage en mousse<\/p>\n<p>**Remarque : Le mat\u00e9riel pr\u00e9sent\u00e9 est \u00e0 titre indicatif uniquement et n&rsquo;est PAS inclus dans l&rsquo;offre.<\/p>\n<p>Fabriqu\u00e9 en Allemagne<br \/>\nDimensions ext\u00e9rieures (L x P x H) : 444 x 332 x 201 mm<br \/>\nPoids : 5,9 kg<\/p>\n","protected":false},"excerpt":{"rendered":"<p>Cet \u00e9tui robuste est con\u00e7u pour transporter et prot\u00e9ger efficacement votre table de mixage Pioneer DJM-S7. Sa construction robuste est<\/p>\n","protected":false},"featured_media":297463,"template":"","meta":{"_acf_changed":false},"product_brand":[],"product_cat":[13730],"product_tag":[],"class_list":{"0":"post-297466","1":"product","2":"type-product","3":"status-publish","4":"has-post-thumbnail","6":"product_cat-dj-cases-fr","8":"first","9":"instock","10":"taxable","11":"shipping-taxable","12":"purchasable","13":"product-type-simple"},"acf":[],"_links":{"self":[{"href":"https:\/\/megacase.com\/fr\/wp-json\/wp\/v2\/product\/297466","targetHints":{"allow":["GET"]}}],"collection":[{"href":"https:\/\/megacase.com\/fr\/wp-json\/wp\/v2\/product"}],"about":[{"href":"https:\/\/megacase.com\/fr\/wp-json\/wp\/v2\/types\/product"}],"wp:featuredmedia":[{"embeddable":true,"href":"https:\/\/megacase.com\/fr\/wp-json\/wp\/v2\/media\/297463"}],"wp:attachment":[{"href":"https:\/\/megacase.com\/fr\/wp-json\/wp\/v2\/media?parent=297466"}],"wp:term":[{"taxonomy":"product_brand","embeddable":true,"href":"https:\/\/megacase.com\/fr\/wp-json\/wp\/v2\/product_brand?post=297466"},{"taxonomy":"product_cat","embeddable":true,"href":"https:\/\/megacase.com\/fr\/wp-json\/wp\/v2\/product_cat?post=297466"},{"taxonomy":"product_tag","embeddable":true,"href":"https:\/\/megacase.com\/fr\/wp-json\/wp\/v2\/product_tag?post=297466"}],"curies":[{"name":"wp","href":"https:\/\/api.w.org\/{rel}","templated":true}]}}