{"id":297324,"date":"2026-04-27T10:26:59","date_gmt":"2026-04-27T08:26:59","guid":{"rendered":"https:\/\/megacase.com\/product\/etui-pour-pedale-headrush-flex-prime\/"},"modified":"2026-04-27T10:26:59","modified_gmt":"2026-04-27T08:26:59","slug":"etui-pour-pedale-headrush-flex-prime","status":"publish","type":"product","link":"https:\/\/megacase.com\/fr\/produit\/etui-pour-pedale-headrush-flex-prime\/","title":{"rendered":"\u00c9tui pour p\u00e9dale Headrush Flex Prime"},"content":{"rendered":"<p>Cet \u00e9tui de haute qualit\u00e9, dot\u00e9 d&rsquo;un couvercle amovible, a \u00e9t\u00e9 sp\u00e9cialement con\u00e7u pour la p\u00e9dale Headrush Flex Prime. Il offre une protection optimale et une fonctionnalit\u00e9 maximale sur sc\u00e8ne, en studio et en r\u00e9p\u00e9tition.<\/p>\n<p>La p\u00e9dale peut \u00eatre utilis\u00e9e directement dans le fond de l&rsquo;\u00e9tui, permettant une installation rapide sans d\u00e9brancher ni retirer de c\u00e2bles. Un large passage de c\u00e2bles de 10 cm \u00e0 l&rsquo;arri\u00e8re de la p\u00e9dale assure une gestion soign\u00e9e des c\u00e2bles et garantit un acc\u00e8s facile \u00e0 toutes les connexions.<\/p>\n<p>\u00c0 l&rsquo;int\u00e9rieur, un rembourrage en mousse sur mesure offre un soutien optimal et prot\u00e8ge efficacement la p\u00e9dale des chocs et des vibrations. Quatre pieds en caoutchouc assurent une stabilit\u00e9 parfaite sur toutes les surfaces.<\/p>\n<p>Caract\u00e9ristiques :<br \/>\nContreplaqu\u00e9 de 6,8 mm avec rev\u00eatement ph\u00e9nolique (marron)<br \/>\nC\u00f4t\u00e9s en aluminium 22 x 22 mm<br \/>\n4 coins en L moyens<br \/>\n8 petits coins \u00e0 boule<br \/>\n2 mini-fermoirs papillon<br \/>\n1 poign\u00e9e de transport<br \/>\n4 pieds en caoutchouc (38 x 10 mm)<\/p>\n<p>**Remarque : Les p\u00e9dales pr\u00e9sent\u00e9es sont \u00e0 titre d&rsquo;illustration uniquement et ne sont PAS incluses.<\/p>\n<p>Fabriqu\u00e9 en Allemagne<br \/>\nDimensions ext\u00e9rieures : L x P x H 356 x 296 x 146 mm<br \/>\nPoids : 3,1 kg<\/p>\n","protected":false},"excerpt":{"rendered":"<p>Cet \u00e9tui de haute qualit\u00e9, dot\u00e9 d&rsquo;un couvercle amovible, a \u00e9t\u00e9 sp\u00e9cialement con\u00e7u pour la p\u00e9dale Headrush Flex Prime. Il<\/p>\n","protected":false},"featured_media":297317,"template":"","meta":{"_acf_changed":false},"product_brand":[],"product_cat":[16365],"product_tag":[],"class_list":{"0":"post-297324","1":"product","2":"type-product","3":"status-publish","4":"has-post-thumbnail","6":"product_cat-pedalcase-fr","8":"first","9":"instock","10":"taxable","11":"shipping-taxable","12":"purchasable","13":"product-type-simple"},"acf":[],"_links":{"self":[{"href":"https:\/\/megacase.com\/fr\/wp-json\/wp\/v2\/product\/297324","targetHints":{"allow":["GET"]}}],"collection":[{"href":"https:\/\/megacase.com\/fr\/wp-json\/wp\/v2\/product"}],"about":[{"href":"https:\/\/megacase.com\/fr\/wp-json\/wp\/v2\/types\/product"}],"wp:featuredmedia":[{"embeddable":true,"href":"https:\/\/megacase.com\/fr\/wp-json\/wp\/v2\/media\/297317"}],"wp:attachment":[{"href":"https:\/\/megacase.com\/fr\/wp-json\/wp\/v2\/media?parent=297324"}],"wp:term":[{"taxonomy":"product_brand","embeddable":true,"href":"https:\/\/megacase.com\/fr\/wp-json\/wp\/v2\/product_brand?post=297324"},{"taxonomy":"product_cat","embeddable":true,"href":"https:\/\/megacase.com\/fr\/wp-json\/wp\/v2\/product_cat?post=297324"},{"taxonomy":"product_tag","embeddable":true,"href":"https:\/\/megacase.com\/fr\/wp-json\/wp\/v2\/product_tag?post=297324"}],"curies":[{"name":"wp","href":"https:\/\/api.w.org\/{rel}","templated":true}]}}