{"id":297223,"date":"2026-04-22T11:44:03","date_gmt":"2026-04-22T09:44:03","guid":{"rendered":"https:\/\/megacase.com\/product\/etui-pour-pedales-darkglass-anagram\/"},"modified":"2026-04-22T11:44:03","modified_gmt":"2026-04-22T09:44:03","slug":"etui-pour-pedales-darkglass-anagram","status":"publish","type":"product","link":"https:\/\/megacase.com\/fr\/produit\/etui-pour-pedales-darkglass-anagram\/","title":{"rendered":"\u00c9tui pour p\u00e9dales Darkglass Anagram"},"content":{"rendered":"<p>Cet \u00e9tui de haute qualit\u00e9, dot\u00e9 d&rsquo;un couvercle amovible, a \u00e9t\u00e9 sp\u00e9cialement con\u00e7u pour les p\u00e9dales Darkglass Anagram. Il offre une protection optimale et une fonctionnalit\u00e9 maximale. Compact, robuste et pratique, il permet une utilisation simplifi\u00e9e.<\/p>\n<p>L&rsquo;appareil peut \u00eatre utilis\u00e9 directement dans sa base, pour une installation rapide et sans manipulation. Un passage de c\u00e2ble int\u00e9gr\u00e9 de 7 cm \u00e0 l&rsquo;arri\u00e8re assure une gestion soign\u00e9e des c\u00e2bles et un acc\u00e8s facile \u00e0 toutes les connexions.<\/p>\n<p>Fabriqu\u00e9 en bois multiplex avec des bords en aluminium et des coins \u00e0 billes en acier, l&rsquo;\u00e9tui offre stabilit\u00e9 et durabilit\u00e9, ce qui le rend id\u00e9al pour une utilisation nomade. Deux mini-fermoirs papillon garantissent une fermeture s\u00e9curis\u00e9e, tandis qu&rsquo;une poign\u00e9e de transport robuste facilite le transport.<\/p>\n<p>\u00c0 l&rsquo;int\u00e9rieur, un rembourrage en mousse sur mesure offre un soutien optimal et prot\u00e8ge efficacement l&rsquo;appareil des chocs. Quatre pieds en caoutchouc assurent une adh\u00e9rence parfaite sur toutes les surfaces.<\/p>\n<p>Caract\u00e9ristiques :<br \/>\nContreplaqu\u00e9 de 6,8 mm avec rev\u00eatement ph\u00e9nolique<br \/>\nChambre en aluminium 22 x 22 mm<br \/>\n4 \u00e9querres d&rsquo;angle en L<br \/>\n8 \u00e9querres d&rsquo;angle rondes (dont 4 inclin\u00e9es)<br \/>\n2 mini-fermoirs papillon<br \/>\n1 poign\u00e9e de transport<br \/>\n4 pieds en caoutchouc (25 x 15 mm)<br \/>\nRembourrage en mousse<\/p>\n<p>**Remarque : Les appareils pr\u00e9sent\u00e9s sont \u00e0 titre indicatif uniquement et ne sont PAS inclus dans l&rsquo;offre.<\/p>\n<p>Fabriqu\u00e9 en Allemagne<br \/>\nDimensions ext\u00e9rieures approximatives (L x P x H) : 310 x 228 x 115 mm<br \/>\nPoids approximatif : 1,9 kg<\/p>\n","protected":false},"excerpt":{"rendered":"<p>Cet \u00e9tui de haute qualit\u00e9, dot\u00e9 d&rsquo;un couvercle amovible, a \u00e9t\u00e9 sp\u00e9cialement con\u00e7u pour les p\u00e9dales Darkglass Anagram. Il offre<\/p>\n","protected":false},"featured_media":297208,"template":"","meta":{"_acf_changed":false},"product_brand":[],"product_cat":[16365],"product_tag":[],"class_list":{"0":"post-297223","1":"product","2":"type-product","3":"status-publish","4":"has-post-thumbnail","6":"product_cat-pedalcase-fr","8":"first","9":"instock","10":"taxable","11":"shipping-taxable","12":"purchasable","13":"product-type-simple"},"acf":[],"_links":{"self":[{"href":"https:\/\/megacase.com\/fr\/wp-json\/wp\/v2\/product\/297223","targetHints":{"allow":["GET"]}}],"collection":[{"href":"https:\/\/megacase.com\/fr\/wp-json\/wp\/v2\/product"}],"about":[{"href":"https:\/\/megacase.com\/fr\/wp-json\/wp\/v2\/types\/product"}],"wp:featuredmedia":[{"embeddable":true,"href":"https:\/\/megacase.com\/fr\/wp-json\/wp\/v2\/media\/297208"}],"wp:attachment":[{"href":"https:\/\/megacase.com\/fr\/wp-json\/wp\/v2\/media?parent=297223"}],"wp:term":[{"taxonomy":"product_brand","embeddable":true,"href":"https:\/\/megacase.com\/fr\/wp-json\/wp\/v2\/product_brand?post=297223"},{"taxonomy":"product_cat","embeddable":true,"href":"https:\/\/megacase.com\/fr\/wp-json\/wp\/v2\/product_cat?post=297223"},{"taxonomy":"product_tag","embeddable":true,"href":"https:\/\/megacase.com\/fr\/wp-json\/wp\/v2\/product_tag?post=297223"}],"curies":[{"name":"wp","href":"https:\/\/api.w.org\/{rel}","templated":true}]}}