{"id":297170,"date":"2026-04-22T11:03:27","date_gmt":"2026-04-22T09:03:27","guid":{"rendered":"https:\/\/megacase.com\/product\/boitier-de-capuche-chamsys-magicq-mini-connect\/"},"modified":"2026-04-22T11:03:27","modified_gmt":"2026-04-22T09:03:27","slug":"boitier-de-capuche-chamsys-magicq-mini-connect","status":"publish","type":"product","link":"https:\/\/megacase.com\/fr\/produit\/boitier-de-capuche-chamsys-magicq-mini-connect\/","title":{"rendered":"Bo\u00eetier de capuche ChamSys MagicQ Mini Connect"},"content":{"rendered":"<p>Cette valise Eco \u00e0 capuche a \u00e9t\u00e9 sp\u00e9cialement con\u00e7ue pour le ChamSys MagicQ Mini Connect et offre une combinaison optimale de protection, de fonctionnalit\u00e9 et de design efficace.<\/p>\n<p>L&rsquo;accessoire id\u00e9al pour votre \u00e9quipement \u00e9v\u00e9nementiel : compacte, pratique et s\u00e9curis\u00e9e !<\/p>\n<p>Le canal de c\u00e2ble int\u00e9gr\u00e9 \u00e0 l&rsquo;arri\u00e8re de l&rsquo;appareil permet une gestion propre des c\u00e2bles et garantit un acc\u00e8s facile aux connexions. L&rsquo;appareil peut \u00eatre utilis\u00e9 directement depuis le dessous de la valise, assurant un d\u00e9ploiement rapide et facile. Un rembourrage en mousse sur mesure offre un soutien optimal et une protection fiable contre les chocs et les vibrations.<\/p>\n<p>Caract\u00e9ristiques :<br \/>\nContreplaqu\u00e9 multiplex noir laqu\u00e9 de 6,8 mm, RAL 9004<br \/>\nRang\u00e9es en aluminium 22 x 22 mm<br \/>\n4 petites \u00e9querres en L (2 trous)<br \/>\n8 petites \u00e9querres \u00e0 billes en acier<br \/>\n2 mini-fermoirs papillon<br \/>\n1 poign\u00e9e de transport<br \/>\n4 pieds en caoutchouc (38 x 10 mm)<\/p>\n<p>**Remarque : Les appareils pr\u00e9sent\u00e9s sont \u00e0 titre d&rsquo;illustration uniquement et ne sont PAS inclus dans l&rsquo;offre.<\/p>\n<p>Fabriqu\u00e9 en Allemagne<br \/>\nDimensions ext\u00e9rieures approximatives : 394 x 335 x 122 mm<br \/>\nPoids approximatif : 3,5 kg<\/p>\n","protected":false},"excerpt":{"rendered":"<p>Cette valise Eco \u00e0 capuche a \u00e9t\u00e9 sp\u00e9cialement con\u00e7ue pour le ChamSys MagicQ Mini Connect et offre une combinaison optimale<\/p>\n","protected":false},"featured_media":297154,"template":"","meta":{"_acf_changed":false},"product_brand":[],"product_cat":[13828,16329],"product_tag":[],"class_list":{"0":"post-297170","1":"product","2":"type-product","3":"status-publish","4":"has-post-thumbnail","6":"product_cat-mischpult-cases-fr","7":"product_cat-cases-fuer-lichtequipment-fr","9":"first","10":"instock","11":"taxable","12":"shipping-taxable","13":"purchasable","14":"product-type-simple"},"acf":[],"_links":{"self":[{"href":"https:\/\/megacase.com\/fr\/wp-json\/wp\/v2\/product\/297170","targetHints":{"allow":["GET"]}}],"collection":[{"href":"https:\/\/megacase.com\/fr\/wp-json\/wp\/v2\/product"}],"about":[{"href":"https:\/\/megacase.com\/fr\/wp-json\/wp\/v2\/types\/product"}],"wp:featuredmedia":[{"embeddable":true,"href":"https:\/\/megacase.com\/fr\/wp-json\/wp\/v2\/media\/297154"}],"wp:attachment":[{"href":"https:\/\/megacase.com\/fr\/wp-json\/wp\/v2\/media?parent=297170"}],"wp:term":[{"taxonomy":"product_brand","embeddable":true,"href":"https:\/\/megacase.com\/fr\/wp-json\/wp\/v2\/product_brand?post=297170"},{"taxonomy":"product_cat","embeddable":true,"href":"https:\/\/megacase.com\/fr\/wp-json\/wp\/v2\/product_cat?post=297170"},{"taxonomy":"product_tag","embeddable":true,"href":"https:\/\/megacase.com\/fr\/wp-json\/wp\/v2\/product_tag?post=297170"}],"curies":[{"name":"wp","href":"https:\/\/api.w.org\/{rel}","templated":true}]}}