{"id":297117,"date":"2026-04-22T10:29:34","date_gmt":"2026-04-22T08:29:34","guid":{"rendered":"https:\/\/megacase.com\/product\/etui-de-protection-pour-blackmagic-atem-mini-extreme-iso-g2\/"},"modified":"2026-04-22T10:29:34","modified_gmt":"2026-04-22T08:29:34","slug":"etui-de-protection-pour-blackmagic-atem-mini-extreme-iso-g2","status":"publish","type":"product","link":"https:\/\/megacase.com\/fr\/produit\/etui-de-protection-pour-blackmagic-atem-mini-extreme-iso-g2\/","title":{"rendered":"\u00c9tui de protection pour Blackmagic ATEM Mini Extreme ISO G2"},"content":{"rendered":"<p>Cet \u00e9tui de protection sur mesure a \u00e9t\u00e9 sp\u00e9cialement con\u00e7u pour le Blackmagic ATEM Mini Extreme ISO G2 et allie protection fiable et fonctionnalit\u00e9 optimale.<\/p>\n<p>Son atout majeur r\u00e9side dans l&rsquo;espace de 90 mm int\u00e9gr\u00e9 \u00e0 l&rsquo;arri\u00e8re de l&rsquo;appareil. Ainsi, toutes les connexions restent facilement accessibles et l&rsquo;ATEM peut \u00eatre utilis\u00e9 directement par le dessous de l&rsquo;\u00e9tui, id\u00e9al pour une installation rapide en studio ou sur les plateaux de tournage.<\/p>\n<p>Fabriqu\u00e9 en contreplaqu\u00e9 robuste de 6,8 mm avec un rev\u00eatement noir durable, cet \u00e9tui offre une solution professionnelle et r\u00e9sistante pour un usage quotidien. Ses profil\u00e9s en aluminium robustes lui conf\u00e8rent une stabilit\u00e9 dimensionnelle accrue.<\/p>\n<p>Huit coins renforc\u00e9s en acier prot\u00e8gent efficacement l&rsquo;\u00e9tui des chocs et de l&rsquo;usure. Deux mini-fermoirs papillon assurent une fermeture s\u00e9curis\u00e9e, tandis qu&rsquo;une poign\u00e9e de transport robuste facilite le transport.<\/p>\n<p>\u00c0 l&rsquo;int\u00e9rieur, un rembourrage en mousse sur mesure offre un soutien optimal et prot\u00e8ge efficacement l&rsquo;appareil des chocs. Quatre pieds en caoutchouc assurent la stabilit\u00e9 et prot\u00e8gent les surfaces fragiles.<\/p>\n<p>Caract\u00e9ristiques :<br \/>\nPanneau en aluminium noir 6,8 mm (RAL 9004)<br \/>\nProfil\u00e9 aluminium 22 x 22 mm<br \/>\n4 \u00e9querres d&rsquo;angle<br \/>\n2 mini-fermoirs papillon<br \/>\n1 poign\u00e9e de transport<br \/>\n8 petites \u00e9querres d&rsquo;angle en acier<br \/>\n4 pieds en caoutchouc (25 x 15 mm)<br \/>\nRembourrage en mousse<\/p>\n<p>**Remarque : Les \u00e9quipements pr\u00e9sent\u00e9s sont \u00e0 titre indicatif uniquement et ne sont PAS inclus dans l&rsquo;offre.<\/p>\n<p>Fabriqu\u00e9 en Allemagne<br \/>\nDimensions ext\u00e9rieures (L x P x H) : 480 x 303 x 134 mm<br \/>\nPoids : 3,9 kg<\/p>\n","protected":false},"excerpt":{"rendered":"<p>Cet \u00e9tui de protection sur mesure a \u00e9t\u00e9 sp\u00e9cialement con\u00e7u pour le Blackmagic ATEM Mini Extreme ISO G2 et allie<\/p>\n","protected":false},"featured_media":297102,"template":"","meta":{"_acf_changed":false},"product_brand":[],"product_cat":[16376],"product_tag":[],"class_list":{"0":"post-297117","1":"product","2":"type-product","3":"status-publish","4":"has-post-thumbnail","6":"product_cat-cases-fuer-video-equipment-fr","8":"first","9":"instock","10":"taxable","11":"shipping-taxable","12":"purchasable","13":"product-type-simple"},"acf":[],"_links":{"self":[{"href":"https:\/\/megacase.com\/fr\/wp-json\/wp\/v2\/product\/297117","targetHints":{"allow":["GET"]}}],"collection":[{"href":"https:\/\/megacase.com\/fr\/wp-json\/wp\/v2\/product"}],"about":[{"href":"https:\/\/megacase.com\/fr\/wp-json\/wp\/v2\/types\/product"}],"wp:featuredmedia":[{"embeddable":true,"href":"https:\/\/megacase.com\/fr\/wp-json\/wp\/v2\/media\/297102"}],"wp:attachment":[{"href":"https:\/\/megacase.com\/fr\/wp-json\/wp\/v2\/media?parent=297117"}],"wp:term":[{"taxonomy":"product_brand","embeddable":true,"href":"https:\/\/megacase.com\/fr\/wp-json\/wp\/v2\/product_brand?post=297117"},{"taxonomy":"product_cat","embeddable":true,"href":"https:\/\/megacase.com\/fr\/wp-json\/wp\/v2\/product_cat?post=297117"},{"taxonomy":"product_tag","embeddable":true,"href":"https:\/\/megacase.com\/fr\/wp-json\/wp\/v2\/product_tag?post=297117"}],"curies":[{"name":"wp","href":"https:\/\/api.w.org\/{rel}","templated":true}]}}