{"id":296943,"date":"2026-03-19T08:21:59","date_gmt":"2026-03-19T07:21:59","guid":{"rendered":"https:\/\/megacase.com\/product\/flightcase-behringer-x-air-xr16-xr18\/"},"modified":"2026-03-19T08:21:59","modified_gmt":"2026-03-19T07:21:59","slug":"flightcase-behringer-x-air-xr16-xr18","status":"publish","type":"product","link":"https:\/\/megacase.com\/fr\/produit\/flightcase-behringer-x-air-xr16-xr18\/","title":{"rendered":"Flightcase Behringer X Air XR16 \/ XR18"},"content":{"rendered":"<p>Compatible avec la console Behringer X Air XR18<br \/>\nFabriqu\u00e9 en contreplaqu\u00e9 de 7 mm recouvert de r\u00e9sine ph\u00e9nolique<br \/>\nChambres en aluminium 22 x 22 mm<br \/>\n2 fermetures papillon<br \/>\n1 poign\u00e9e de transport<br \/>\n8 coins \u00e0 rotule<br \/>\n4 pieds en caoutchouc 25 x 15 mm<br \/>\nConnexions facilement accessibles<br \/>\nUtilisation possible de la console \u00e0 l&rsquo;int\u00e9rieur du flight case<br \/>\nRembourrage en mousse sur mesure avec syst\u00e8me de gestion des c\u00e2bles<br \/>\nDimensions ext\u00e9rieures (L x P x H) : 480 x 190 x 210 mm<br \/>\nPoids : 3,4 kg<br \/>\nCouleur : Marron<br \/>\nFabriqu\u00e9 en Allemagne<\/p>\n","protected":false},"excerpt":{"rendered":"<p>Compatible avec la console Behringer X Air XR18 Fabriqu\u00e9 en contreplaqu\u00e9 de 7 mm recouvert de r\u00e9sine ph\u00e9nolique Chambres en<\/p>\n","protected":false},"featured_media":292775,"template":"","meta":{"_acf_changed":false},"product_brand":[],"product_cat":[13828],"product_tag":[],"class_list":{"0":"post-296943","1":"product","2":"type-product","3":"status-publish","4":"has-post-thumbnail","6":"product_cat-mischpult-cases-fr","8":"first","9":"instock","10":"taxable","11":"shipping-taxable","12":"purchasable","13":"product-type-simple"},"acf":[],"_links":{"self":[{"href":"https:\/\/megacase.com\/fr\/wp-json\/wp\/v2\/product\/296943","targetHints":{"allow":["GET"]}}],"collection":[{"href":"https:\/\/megacase.com\/fr\/wp-json\/wp\/v2\/product"}],"about":[{"href":"https:\/\/megacase.com\/fr\/wp-json\/wp\/v2\/types\/product"}],"wp:featuredmedia":[{"embeddable":true,"href":"https:\/\/megacase.com\/fr\/wp-json\/wp\/v2\/media\/292775"}],"wp:attachment":[{"href":"https:\/\/megacase.com\/fr\/wp-json\/wp\/v2\/media?parent=296943"}],"wp:term":[{"taxonomy":"product_brand","embeddable":true,"href":"https:\/\/megacase.com\/fr\/wp-json\/wp\/v2\/product_brand?post=296943"},{"taxonomy":"product_cat","embeddable":true,"href":"https:\/\/megacase.com\/fr\/wp-json\/wp\/v2\/product_cat?post=296943"},{"taxonomy":"product_tag","embeddable":true,"href":"https:\/\/megacase.com\/fr\/wp-json\/wp\/v2\/product_tag?post=296943"}],"curies":[{"name":"wp","href":"https:\/\/api.w.org\/{rel}","templated":true}]}}