{"id":296809,"date":"2018-01-11T09:35:36","date_gmt":"2018-01-11T08:35:36","guid":{"rendered":"https:\/\/megacase.com\/product\/accessory-case-54x33x21-bk\/"},"modified":"2026-04-09T13:59:21","modified_gmt":"2026-04-09T11:59:21","slug":"accessory-case-54x33x21-bk","status":"publish","type":"product","link":"https:\/\/megacase.com\/fr\/produit\/accessory-case-54x33x21-bk\/","title":{"rendered":"Accessory Case 54x33x21 bk"},"content":{"rendered":"<p>Cette mallette \u00e0 accessoires est notre mod\u00e8le classique.<br \/>\nOutre les c\u00e2bles, les outils et les composants de structure, elle peut contenir toutes sortes d&rsquo;accessoires.<\/p>\n<p>Contreplaqu\u00e9 de peuplier gris de 7 mm,<br \/>\nChambres en aluminium 25 x 25 mm,<br \/>\n1 poign\u00e9e,<br \/>\n2 charni\u00e8res de verrouillage,<br \/>\nCoins \u00e0 billes en acier,<br \/>\n2 fermetures \u00e0 pression,<br \/>\nDimensions int\u00e9rieures (L x H x P) : 54,5 x 21 x 33,5 cm,<br \/>\nDimensions ext\u00e9rieures (L x P x H) : 585 x 375 x 245 mm,<br \/>\nPoids : 5,2 kg,<br \/>\nFabriqu\u00e9 en Allemagne<\/p>\n<p>&nbsp;<\/p>\n<p><span class=\"HwtZe\" lang=\"fr\"><span class=\"jCAhz ChMk0b\"><span class=\"ryNqvb\">\u00c9galement disponible : <a href=\"https:\/\/megacase.com\/fr\/produit\/trennwandset-fuer-kabelkoffer-54x33x21\/\">jeu de s\u00e9parateurs assortis<\/a><\/span><\/span><\/span><\/p>\n","protected":false},"excerpt":{"rendered":"<p>Cette mallette \u00e0 accessoires est notre mod\u00e8le classique. Outre les c\u00e2bles, les outils et les composants de structure, elle peut<\/p>\n","protected":false},"featured_media":265071,"template":"","meta":{"_acf_changed":false},"product_brand":[],"product_cat":[13691,13693,13755],"product_tag":[],"class_list":{"0":"post-296809","1":"product","2":"type-product","3":"status-publish","4":"has-post-thumbnail","6":"product_cat-koffer-cases-fr","7":"product_cat-truhen-cases-fr","8":"product_cat-universal-flightcases-fr","10":"first","11":"instock","12":"taxable","13":"shipping-taxable","14":"purchasable","15":"product-type-simple"},"acf":[],"_links":{"self":[{"href":"https:\/\/megacase.com\/fr\/wp-json\/wp\/v2\/product\/296809","targetHints":{"allow":["GET"]}}],"collection":[{"href":"https:\/\/megacase.com\/fr\/wp-json\/wp\/v2\/product"}],"about":[{"href":"https:\/\/megacase.com\/fr\/wp-json\/wp\/v2\/types\/product"}],"wp:featuredmedia":[{"embeddable":true,"href":"https:\/\/megacase.com\/fr\/wp-json\/wp\/v2\/media\/265071"}],"wp:attachment":[{"href":"https:\/\/megacase.com\/fr\/wp-json\/wp\/v2\/media?parent=296809"}],"wp:term":[{"taxonomy":"product_brand","embeddable":true,"href":"https:\/\/megacase.com\/fr\/wp-json\/wp\/v2\/product_brand?post=296809"},{"taxonomy":"product_cat","embeddable":true,"href":"https:\/\/megacase.com\/fr\/wp-json\/wp\/v2\/product_cat?post=296809"},{"taxonomy":"product_tag","embeddable":true,"href":"https:\/\/megacase.com\/fr\/wp-json\/wp\/v2\/product_tag?post=296809"}],"curies":[{"name":"wp","href":"https:\/\/api.w.org\/{rel}","templated":true}]}}