{"id":296794,"date":"2026-03-19T09:31:01","date_gmt":"2026-03-19T08:31:01","guid":{"rendered":"https:\/\/megacase.com\/product\/rack-case-5u-12ra\/"},"modified":"2026-03-19T09:31:01","modified_gmt":"2026-03-19T08:31:01","slug":"rack-case-5u-12ra","status":"publish","type":"product","link":"https:\/\/megacase.com\/fr\/produit\/rack-case-5u-12ra\/","title":{"rendered":"Rack Case 5U 12RA"},"content":{"rendered":"<p>Ce rack 19&Prime; compact et robuste, d&rsquo;une profondeur de montage de 5U, est id\u00e9al pour l&rsquo;installation de consoles de mixage et autres \u00e9quipements 19&Prime;.<\/p>\n<p>Gr\u00e2ce \u00e0 sa conception soign\u00e9e, il convient parfaitement \u00e0 une utilisation mobile comme \u00e0 une installation fixe.<\/p>\n<p>Le rail de rack r\u00e9glable en continu permet une position de travail confortable pour l&rsquo;\u00e9quipement install\u00e9.<\/p>\n<p>Le couvercle amovible assure un acc\u00e8s rapide et une manipulation ais\u00e9e.<\/p>\n<p>Caract\u00e9ristiques :<\/p>\n<p>Contreplaqu\u00e9 de 6,8 mm recouvert de r\u00e9sine ph\u00e9nolique brune<br \/>\nCh\u00e2ssis en aluminium 22 \u00d7 22 mm<br \/>\n4 coins en L<br \/>\n2 fermetures \u00e0 clip avec \u0153illets<br \/>\n1 poign\u00e9e de transport<br \/>\n4 pieds en caoutchouc<br \/>\nRail de rack r\u00e9glable en continu avec visserie de montage<br \/>\nProfondeur d&rsquo;installation depuis le rail de rack : 12 cm<br \/>\nCouvercle amovible<br \/>\nFabriqu\u00e9 en Allemagne<br \/>\nDimensions ext\u00e9rieures (L \u00d7 H \u00d7 P) : 55,0 \u00d7 27,0 \u00d7 19,7 cm<br \/>\nPoids : env. 4,5 kg<\/p>\n<p>Remarque\u00a0:<br \/>\nPour les bo\u00eetiers 19 pouces, il est recommand\u00e9 de choisir un bo\u00eetier 2U plus grand afin de pr\u00e9voir suffisamment d\u2019espace pour les connexions et le c\u00e2blage de la console de mixage.<br \/>\nExemple\u00a0: Console de mixage 3U \u2192 Bo\u00eetier 5U<\/p>\n","protected":false},"excerpt":{"rendered":"<p>Ce rack 19&Prime; compact et robuste, d&rsquo;une profondeur de montage de 5U, est id\u00e9al pour l&rsquo;installation de consoles de mixage<\/p>\n","protected":false},"featured_media":293659,"template":"","meta":{"_acf_changed":false},"product_brand":[],"product_cat":[13691],"product_tag":[],"class_list":{"0":"post-296794","1":"product","2":"type-product","3":"status-publish","4":"has-post-thumbnail","6":"product_cat-koffer-cases-fr","8":"first","9":"instock","10":"taxable","11":"shipping-taxable","12":"purchasable","13":"product-type-simple"},"acf":[],"_links":{"self":[{"href":"https:\/\/megacase.com\/fr\/wp-json\/wp\/v2\/product\/296794","targetHints":{"allow":["GET"]}}],"collection":[{"href":"https:\/\/megacase.com\/fr\/wp-json\/wp\/v2\/product"}],"about":[{"href":"https:\/\/megacase.com\/fr\/wp-json\/wp\/v2\/types\/product"}],"wp:featuredmedia":[{"embeddable":true,"href":"https:\/\/megacase.com\/fr\/wp-json\/wp\/v2\/media\/293659"}],"wp:attachment":[{"href":"https:\/\/megacase.com\/fr\/wp-json\/wp\/v2\/media?parent=296794"}],"wp:term":[{"taxonomy":"product_brand","embeddable":true,"href":"https:\/\/megacase.com\/fr\/wp-json\/wp\/v2\/product_brand?post=296794"},{"taxonomy":"product_cat","embeddable":true,"href":"https:\/\/megacase.com\/fr\/wp-json\/wp\/v2\/product_cat?post=296794"},{"taxonomy":"product_tag","embeddable":true,"href":"https:\/\/megacase.com\/fr\/wp-json\/wp\/v2\/product_tag?post=296794"}],"curies":[{"name":"wp","href":"https:\/\/api.w.org\/{rel}","templated":true}]}}