{"id":296581,"date":"2026-03-30T12:30:06","date_gmt":"2026-03-30T10:30:06","guid":{"rendered":"https:\/\/megacase.com\/product\/flight-case-renforce-pour-consoles-allen-heath-qu-7-qu-7d\/"},"modified":"2026-03-31T12:01:57","modified_gmt":"2026-03-31T10:01:57","slug":"flight-case-renforce-pour-consoles-allen-heath-qu-7-qu-7d","status":"publish","type":"product","link":"https:\/\/megacase.com\/fr\/produit\/flight-case-renforce-pour-consoles-allen-heath-qu-7-qu-7d\/","title":{"rendered":"Flight case renforc\u00e9 pour consoles Allen &amp; Heath QU-7 \/ QU-7D"},"content":{"rendered":"<p>Flight case renforc\u00e9 pour console de mixage Allen &amp; Heath QU-7 \/ QU-7D avec plateau int\u00e9gr\u00e9<\/p>\n<p>Ce flight case renforc\u00e9, extr\u00eamement robuste et con\u00e7u pour les tourn\u00e9es, est sp\u00e9cialement adapt\u00e9 aux consoles de mixage Allen &amp; Heath QU-7 et QU-7D. Il est id\u00e9al pour une utilisation intensive lors de tourn\u00e9es professionnelles et d&rsquo;\u00e9v\u00e9nements en direct.<\/p>\n<p>Le flight case est dot\u00e9 d&rsquo;un plateau int\u00e9gr\u00e9 offrant une flexibilit\u00e9 maximale. La console de mixage peut \u00eatre utilis\u00e9e en toute s\u00e9curit\u00e9 \u00e0 l&rsquo;int\u00e9rieur et retir\u00e9e rapidement.<\/p>\n<p>Un compartiment spacieux et verrouillable de 15 cm de profondeur pour la gestion des c\u00e2bles est int\u00e9gr\u00e9 \u00e0 l&rsquo;arri\u00e8re. \u00c9quip\u00e9 d&rsquo;orifices de ventilation et de passages de c\u00e2bles lat\u00e9raux, il garantit un c\u00e2blage propre et une circulation d&rsquo;air optimale, id\u00e9ale pour une utilisation continue en direct.<\/p>\n<p>Pour une manipulation ais\u00e9e, le flight case est \u00e9quip\u00e9 de poign\u00e9es encastr\u00e9es et de huit grandes poign\u00e9es rabattables, permettant un transport s\u00e9curis\u00e9 m\u00eame lorsque le flight case est lourd. De plus, le couvercle est dot\u00e9 d&rsquo;un porte-\u00e9tiquette pour une identification facile lors des tourn\u00e9es.<\/p>\n<p>Chaque porte est \u00e9quip\u00e9e de compartiments pratiques pour accessoires, offrant un espace de rangement suppl\u00e9mentaire pour les c\u00e2bles, adaptateurs ou autres accessoires. Des roulettes pivotantes robustes de 100 mm, dont deux avec freins, garantissent une mobilit\u00e9 et une stabilit\u00e9 optimales sur le lieu de performance.<\/p>\n<p>L&rsquo;int\u00e9rieur est \u00e9quip\u00e9 de panneaux lat\u00e9raux sur mesure et d&rsquo;une mousse moul\u00e9e avec pr\u00e9cision, assurant un maintien optimal de la console de mixage et la prot\u00e9geant efficacement des chocs, des vibrations et des dommages pendant le transport. Il est \u00e9galement pr\u00e9c\u00e2bl\u00e9 pour les modules t.racks Power 3 USB et K&amp;M 49302.<\/p>\n<p>Cette valise \u00e0 rabat ultra-r\u00e9sistante est la solution id\u00e9ale pour les professionnels exigeants qui recherchent un niveau maximal de protection, de fonctionnalit\u00e9 et de durabilit\u00e9.<\/p>\n<p>Caract\u00e9ristiques :<br \/>\nContreplaqu\u00e9 multiplex noir 9 mm RAL 9004<br \/>\nProfil\u00e9 aluminium 35 x 35 mm<br \/>\n10 \u00e9querres de renfort<br \/>\n4 grands loquets papillon<br \/>\n2 charni\u00e8res robustes en L<br \/>\n6 charni\u00e8res \u00e0 6 trous<br \/>\n8 grandes poign\u00e9es pliantes \u00e0 ressort<br \/>\n2 poign\u00e9es de bord<br \/>\n1 porte-\u00e9tiquettes<br \/>\n8 coins \u00e0 rotule \u00e9tag\u00e9s<br \/>\n2 loquets + plaques de recouvrement<br \/>\n4 charni\u00e8res viss\u00e9es<br \/>\n4 roulettes pivotantes, dont 2 avec frein<br \/>\nRembourrage en mousse<\/p>\n<p>Fabriqu\u00e9 en Allemagne<br \/>\nDimensions ext\u00e9rieures (L x P x H) : env. 1020 x 545 x 1147 mm<br \/>\nPoids : env. 80,1 kg<\/p>\n","protected":false},"excerpt":{"rendered":"<p>Flight case renforc\u00e9 pour console de mixage Allen &amp; Heath QU-7 \/ QU-7D avec plateau int\u00e9gr\u00e9 Ce flight case renforc\u00e9,<\/p>\n","protected":false},"featured_media":296466,"template":"","meta":{"_acf_changed":false},"product_brand":[],"product_cat":[13828],"product_tag":[],"class_list":{"0":"post-296581","1":"product","2":"type-product","3":"status-publish","4":"has-post-thumbnail","6":"product_cat-mischpult-cases-fr","8":"first","9":"instock","10":"taxable","11":"shipping-taxable","12":"purchasable","13":"product-type-simple"},"acf":[],"_links":{"self":[{"href":"https:\/\/megacase.com\/fr\/wp-json\/wp\/v2\/product\/296581","targetHints":{"allow":["GET"]}}],"collection":[{"href":"https:\/\/megacase.com\/fr\/wp-json\/wp\/v2\/product"}],"about":[{"href":"https:\/\/megacase.com\/fr\/wp-json\/wp\/v2\/types\/product"}],"wp:featuredmedia":[{"embeddable":true,"href":"https:\/\/megacase.com\/fr\/wp-json\/wp\/v2\/media\/296466"}],"wp:attachment":[{"href":"https:\/\/megacase.com\/fr\/wp-json\/wp\/v2\/media?parent=296581"}],"wp:term":[{"taxonomy":"product_brand","embeddable":true,"href":"https:\/\/megacase.com\/fr\/wp-json\/wp\/v2\/product_brand?post=296581"},{"taxonomy":"product_cat","embeddable":true,"href":"https:\/\/megacase.com\/fr\/wp-json\/wp\/v2\/product_cat?post=296581"},{"taxonomy":"product_tag","embeddable":true,"href":"https:\/\/megacase.com\/fr\/wp-json\/wp\/v2\/product_tag?post=296581"}],"curies":[{"name":"wp","href":"https:\/\/api.w.org\/{rel}","templated":true}]}}