{"id":296323,"date":"2026-03-26T12:44:57","date_gmt":"2026-03-26T11:44:57","guid":{"rendered":"https:\/\/megacase.com\/product\/etui-a-rabat-robuste-pour-tascam-sonicview-24\/"},"modified":"2026-03-27T11:39:36","modified_gmt":"2026-03-27T10:39:36","slug":"etui-a-rabat-robuste-pour-tascam-sonicview-24","status":"publish","type":"product","link":"https:\/\/megacase.com\/fr\/produit\/etui-a-rabat-robuste-pour-tascam-sonicview-24\/","title":{"rendered":"\u00c9tui \u00e0 rabat robuste pour Tascam Sonicview 24"},"content":{"rendered":"<p>Ce flight case robuste et de haute qualit\u00e9 a \u00e9t\u00e9 sp\u00e9cialement con\u00e7u pour la console de mixage Tascam Sonicview 24 et impressionne par sa stabilit\u00e9 maximale, sa fonctionnalit\u00e9 bien pens\u00e9e et sa finition professionnelle. Id\u00e9al pour les tourn\u00e9es et les concerts exigeants.<\/p>\n<p>Les supports lat\u00e9raux int\u00e9gr\u00e9s assurent un maintien optimal de la console. Gr\u00e2ce aux v\u00e9rins \u00e0 gaz int\u00e9gr\u00e9s, le flight case s&rsquo;ouvre et se ferme en douceur. Une vis de verrouillage suppl\u00e9mentaire garantit un maintien s\u00fbr pendant le transport.<\/p>\n<p>Pour une maniabilit\u00e9 maximale, le flight case est \u00e9quip\u00e9 de huit grandes poign\u00e9es pliantes et de deux poign\u00e9es lat\u00e9rales. Quatre roulettes pivotantes de 100 mm, dont deux avec frein, permettent un transport facile et s\u00fbr.<\/p>\n<p>Sa conception soign\u00e9e comprend \u00e9galement des compartiments avant avec fermetures \u00e0 loquet et un compartiment principal avec quatre fermetures (dont une verrouillable) pour ranger en toute s\u00e9curit\u00e9 accessoires et c\u00e2bles.<\/p>\n<p>\u00c0 l&rsquo;int\u00e9rieur, un rembourrage en mousse sur mesure prot\u00e8ge efficacement le mat\u00e9riel des chocs et des dommages. Un porte-\u00e9tiquettes int\u00e9gr\u00e9 facilite l&rsquo;identification du mat\u00e9riel lors des tourn\u00e9es.<\/p>\n<p>Caract\u00e9ristiques :<br \/>\nPanneaux en contreplaqu\u00e9 noir 9 mm (RAL 9004)<br \/>\nProfil\u00e9 aluminium 35 x 35 mm<br \/>\n4 grands fermoirs papillon<br \/>\n8 grandes poign\u00e9es rabattables<br \/>\n12 grands coins en L<br \/>\n2 poign\u00e9es de bord<br \/>\n8 grands coins \u00e0 rotule<br \/>\n3 charni\u00e8res robustes (80 x 120 mm)<br \/>\n2 loquets (compartiments avant)<br \/>\n4 charni\u00e8res argent\u00e9es \u00e0 visser<br \/>\n4 roulettes pivotantes de 100 mm (dont 2 avec freins)<br \/>\n1 porte-\u00e9tiquettes<br \/>\nVis de fixation<br \/>\n2 v\u00e9rins \u00e0 gaz<br \/>\n4 loquets Dockhouse (dont un verrouillable)<br \/>\nRembourrage en mousse<\/p>\n<p>**Remarque : L&rsquo;\u00e9quipement pr\u00e9sent\u00e9 est \u00e0 titre indicatif uniquement et n&rsquo;est PAS inclus dans l&rsquo;offre.<\/p>\n<p>Fabriqu\u00e9 en Allemagne<br \/>\nDimensions ext\u00e9rieures : L x P x H 915 x 545 x 1045 mm<br \/>\nPoids : env. 71,1 kg<\/p>\n","protected":false},"excerpt":{"rendered":"<p>Ce flight case robuste et de haute qualit\u00e9 a \u00e9t\u00e9 sp\u00e9cialement con\u00e7u pour la console de mixage Tascam Sonicview 24<\/p>\n","protected":false},"featured_media":296296,"template":"","meta":{"_acf_changed":false},"product_brand":[],"product_cat":[13828],"product_tag":[],"class_list":{"0":"post-296323","1":"product","2":"type-product","3":"status-publish","4":"has-post-thumbnail","6":"product_cat-mischpult-cases-fr","8":"first","9":"instock","10":"taxable","11":"shipping-taxable","12":"purchasable","13":"product-type-simple"},"acf":[],"_links":{"self":[{"href":"https:\/\/megacase.com\/fr\/wp-json\/wp\/v2\/product\/296323","targetHints":{"allow":["GET"]}}],"collection":[{"href":"https:\/\/megacase.com\/fr\/wp-json\/wp\/v2\/product"}],"about":[{"href":"https:\/\/megacase.com\/fr\/wp-json\/wp\/v2\/types\/product"}],"wp:featuredmedia":[{"embeddable":true,"href":"https:\/\/megacase.com\/fr\/wp-json\/wp\/v2\/media\/296296"}],"wp:attachment":[{"href":"https:\/\/megacase.com\/fr\/wp-json\/wp\/v2\/media?parent=296323"}],"wp:term":[{"taxonomy":"product_brand","embeddable":true,"href":"https:\/\/megacase.com\/fr\/wp-json\/wp\/v2\/product_brand?post=296323"},{"taxonomy":"product_cat","embeddable":true,"href":"https:\/\/megacase.com\/fr\/wp-json\/wp\/v2\/product_cat?post=296323"},{"taxonomy":"product_tag","embeddable":true,"href":"https:\/\/megacase.com\/fr\/wp-json\/wp\/v2\/product_tag?post=296323"}],"curies":[{"name":"wp","href":"https:\/\/api.w.org\/{rel}","templated":true}]}}