{"id":296239,"date":"2026-03-26T12:12:22","date_gmt":"2026-03-26T11:12:22","guid":{"rendered":"https:\/\/megacase.com\/product\/etui-miroir-de-maquillage-avec-eclairage\/"},"modified":"2026-03-31T12:41:17","modified_gmt":"2026-03-31T10:41:17","slug":"etui-miroir-de-maquillage-avec-eclairage","status":"publish","type":"product","link":"https:\/\/megacase.com\/fr\/produit\/etui-miroir-de-maquillage-avec-eclairage\/","title":{"rendered":"\u00c9tui miroir de maquillage avec \u00e9clairage"},"content":{"rendered":"<p>Ce coffret de maquillage pliable de haute qualit\u00e9 est la solution id\u00e9ale pour les applications professionnelles en maquillage, coiffure et coulisses. Sa construction robuste et ses fonctionnalit\u00e9s bien pens\u00e9es le rendent parfait pour une utilisation nomade.<\/p>\n<p>Le miroir int\u00e9gr\u00e9 est mont\u00e9 sur un m\u00e9canisme pivotant et se positionne facilement, garantissant un angle de vision optimal en toutes circonstances. L&rsquo;\u00e9clairage LED \u00e0 intensit\u00e9 variable (4000-6000K), compos\u00e9 de deux puissantes bandes LED, offre une illumination uniforme et naturelle, id\u00e9ale pour un travail pr\u00e9cis dans diverses conditions d&rsquo;\u00e9clairage.<\/p>\n<p>Pour une alimentation pratique, le coffret est \u00e9quip\u00e9 de deux prises 220V et d&rsquo;un interrupteur central pour une utilisation simplifi\u00e9e de l&rsquo;\u00e9clairage. Une prise double NEUTRIK robuste (IP67) est int\u00e9gr\u00e9e au centre du panneau arri\u00e8re, assurant une alimentation \u00e9lectrique s\u00fbre et professionnelle.<\/p>\n<p>Le coffret est \u00e9quip\u00e9 de deux prises 220V et d&rsquo;un interrupteur central pour une utilisation simplifi\u00e9e de l&rsquo;\u00e9clairage. <\/p>\n<p>Caract\u00e9ristiques :<br \/>\nPanneau noir multicouche 6,8 mm (RAL 9004)<br \/>\nProfil\u00e9 aluminium 25 x 25 mm<br \/>\n12 \u00e9querres moyennes<br \/>\n4 verrous \u00e0 clip<br \/>\n1 poign\u00e9e de transport<br \/>\n4 pieds en caoutchouc (25 x 15 mm)<br \/>\n8 \u00e9querres plates en acier<br \/>\n1 miroir (608 x 551 x 5 mm)<br \/>\n1 interrupteur<br \/>\n2 prises 220 V<br \/>\n2 bandes LED<br \/>\n1 bo\u00eetier d&rsquo;encastrement double NEUTRIK NAC3PX-True1 IP67<br \/>\n1 c\u00e2ble d&rsquo;alimentation Schuko True1 1,5 m, 3 x 1,5 mm\u00b2<\/p>\n<p>Fabriqu\u00e9 en Allemagne<br \/>\nDimensions ext\u00e9rieures : L x P x H 670 x 725 x 190 mm<br \/>\nPoids : 17,3 kg<\/p>\n","protected":false},"excerpt":{"rendered":"<p>Ce coffret de maquillage pliable de haute qualit\u00e9 est la solution id\u00e9ale pour les applications professionnelles en maquillage, coiffure et<\/p>\n","protected":false},"featured_media":296204,"template":"","meta":{"_acf_changed":false},"product_brand":[],"product_cat":[13793],"product_tag":[],"class_list":{"0":"post-296239","1":"product","2":"type-product","3":"status-publish","4":"has-post-thumbnail","6":"product_cat-make-up-artist-case-fr","8":"first","9":"instock","10":"taxable","11":"shipping-taxable","12":"purchasable","13":"product-type-simple"},"acf":[],"_links":{"self":[{"href":"https:\/\/megacase.com\/fr\/wp-json\/wp\/v2\/product\/296239","targetHints":{"allow":["GET"]}}],"collection":[{"href":"https:\/\/megacase.com\/fr\/wp-json\/wp\/v2\/product"}],"about":[{"href":"https:\/\/megacase.com\/fr\/wp-json\/wp\/v2\/types\/product"}],"wp:featuredmedia":[{"embeddable":true,"href":"https:\/\/megacase.com\/fr\/wp-json\/wp\/v2\/media\/296204"}],"wp:attachment":[{"href":"https:\/\/megacase.com\/fr\/wp-json\/wp\/v2\/media?parent=296239"}],"wp:term":[{"taxonomy":"product_brand","embeddable":true,"href":"https:\/\/megacase.com\/fr\/wp-json\/wp\/v2\/product_brand?post=296239"},{"taxonomy":"product_cat","embeddable":true,"href":"https:\/\/megacase.com\/fr\/wp-json\/wp\/v2\/product_cat?post=296239"},{"taxonomy":"product_tag","embeddable":true,"href":"https:\/\/megacase.com\/fr\/wp-json\/wp\/v2\/product_tag?post=296239"}],"curies":[{"name":"wp","href":"https:\/\/api.w.org\/{rel}","templated":true}]}}