{"id":296178,"date":"2026-03-26T11:30:40","date_gmt":"2026-03-26T10:30:40","guid":{"rendered":"https:\/\/megacase.com\/product\/etui-a-rabat-pour-moyeu-arriere-renforce-yamaha-dm7-extension\/"},"modified":"2026-03-27T11:39:36","modified_gmt":"2026-03-27T10:39:36","slug":"etui-a-rabat-pour-moyeu-arriere-renforce-yamaha-dm7-extension","status":"publish","type":"product","link":"https:\/\/megacase.com\/fr\/produit\/etui-a-rabat-pour-moyeu-arriere-renforce-yamaha-dm7-extension\/","title":{"rendered":"\u00c9tui \u00e0 rabat pour moyeu arri\u00e8re renforc\u00e9 Yamaha DM7 + extension"},"content":{"rendered":"<p>Flight case robuste et ergonomique pour la console de mixage Yamaha DM7, avec extension \u2013 id\u00e9al pour les tourn\u00e9es et \u00e9v\u00e9nements professionnels. Fabriqu\u00e9 en contreplaqu\u00e9 noir de 9 mm, ce flight case offre une stabilit\u00e9 exceptionnelle, une grande facilit\u00e9 d&rsquo;utilisation et un syst\u00e8me de levage \u00e9lectrique int\u00e9gr\u00e9 \u00e0 hauteur r\u00e9glable.<\/p>\n<p>Le plateau amovible de la console permet un acc\u00e8s rapide et facile. La hauteur de travail est r\u00e9glable \u00e9lectriquement de 848 mm environ \u00e0 1198 mm gr\u00e2ce \u00e0 la colonne de levage int\u00e9gr\u00e9e, garantissant une utilisation ergonomique dans tous les environnements.<\/p>\n<p>Derri\u00e8re la console se trouve un compartiment de 20 cm de profondeur, offrant un espace suppl\u00e9mentaire pour les c\u00e2bles et accessoires. Deux supports adaptateurs pour bras d&rsquo;ordinateur portable (300 mm de longueur) sont pr\u00e9install\u00e9s. Pour une ventilation optimale, deux ventilateurs PWM 12 V silencieux (120 mm, 18,9 dB) sont int\u00e9gr\u00e9s \u00e0 la porte verticale du compartiment.<\/p>\n<p>Un plateau pratique pour clavier (60 x 25 cm) sous la console et un syst\u00e8me de compartiments internes bien con\u00e7u offrent un espace pour deux moniteurs positionn\u00e9s verticalement et d&rsquo;autres accessoires.<\/p>\n<p>Quatre roulettes pivotantes de 100 mm, dont deux avec freins, assurent une mobilit\u00e9 optimale. Plusieurs poign\u00e9es rabattables et encastr\u00e9es garantissent une prise en main confortable au quotidien.<\/p>\n<p>Caract\u00e9ristiques :<\/p>\n<p>Panneaux en aluminium noir 9 mm (RAL 9004)<\/p>\n<p>Profil\u00e9s aluminium 35 x 35 mm<\/p>\n<p>12 \u00e9querres d&rsquo;angle en L<br \/>\n6 fermoirs papillon<br \/>\n8 poign\u00e9es rabattables<br \/>\n2 poign\u00e9es encastr\u00e9es<br \/>\n1 porte-\u00e9tiquettes<br \/>\n8 \u00e9querres d&rsquo;angle \u00e0 bille<br \/>\n4 roulettes pivotantes de 100 mm, dont 2 avec freins<br \/>\nRembourrage en mousse<\/p>\n<p>**Remarque : Le mat\u00e9riel pr\u00e9sent\u00e9 est \u00e0 titre indicatif uniquement et n&rsquo;est PAS inclus dans l&rsquo;offre.<\/p>\n<p>Fabriqu\u00e9 en Allemagne<br \/>\nDimensions ext\u00e9rieures (L x P x H) : env. 1365 x 613 x 983 mm<br \/>\nPoids : env. 140 kg<\/p>\n","protected":false},"excerpt":{"rendered":"<p>Flight case robuste et ergonomique pour la console de mixage Yamaha DM7, avec extension \u2013 id\u00e9al pour les tourn\u00e9es et<\/p>\n","protected":false},"featured_media":295971,"template":"","meta":{"_acf_changed":false},"product_brand":[],"product_cat":[13828],"product_tag":[],"class_list":{"0":"post-296178","1":"product","2":"type-product","3":"status-publish","4":"has-post-thumbnail","6":"product_cat-mischpult-cases-fr","8":"first","9":"instock","10":"taxable","11":"shipping-taxable","12":"purchasable","13":"product-type-simple"},"acf":[],"_links":{"self":[{"href":"https:\/\/megacase.com\/fr\/wp-json\/wp\/v2\/product\/296178","targetHints":{"allow":["GET"]}}],"collection":[{"href":"https:\/\/megacase.com\/fr\/wp-json\/wp\/v2\/product"}],"about":[{"href":"https:\/\/megacase.com\/fr\/wp-json\/wp\/v2\/types\/product"}],"wp:featuredmedia":[{"embeddable":true,"href":"https:\/\/megacase.com\/fr\/wp-json\/wp\/v2\/media\/295971"}],"wp:attachment":[{"href":"https:\/\/megacase.com\/fr\/wp-json\/wp\/v2\/media?parent=296178"}],"wp:term":[{"taxonomy":"product_brand","embeddable":true,"href":"https:\/\/megacase.com\/fr\/wp-json\/wp\/v2\/product_brand?post=296178"},{"taxonomy":"product_cat","embeddable":true,"href":"https:\/\/megacase.com\/fr\/wp-json\/wp\/v2\/product_cat?post=296178"},{"taxonomy":"product_tag","embeddable":true,"href":"https:\/\/megacase.com\/fr\/wp-json\/wp\/v2\/product_tag?post=296178"}],"curies":[{"name":"wp","href":"https:\/\/api.w.org\/{rel}","templated":true}]}}