{"id":295669,"date":"2026-03-26T07:26:38","date_gmt":"2026-03-26T06:26:38","guid":{"rendered":"https:\/\/megacase.com\/?post_type=product&#038;p=295669"},"modified":"2026-03-26T13:41:39","modified_gmt":"2026-03-26T12:41:39","slug":"mallette-de-transport-pour-plancher-de-stade-line-6-helix","status":"publish","type":"product","link":"https:\/\/megacase.com\/fr\/produit\/mallette-de-transport-pour-plancher-de-stade-line-6-helix\/","title":{"rendered":"Mallette de transport pour plancher de stade Line 6 Helix"},"content":{"rendered":"<p>Mallette de transport compacte et robuste, sp\u00e9cialement con\u00e7ue pour le plancher de stade Line 6 Helix. Elle permet d&rsquo;utiliser l&rsquo;unit\u00e9 directement depuis sa base, pour une installation simple et rapide.<\/p>\n<p>Le syst\u00e8me de gestion des c\u00e2bles int\u00e9gr\u00e9 \u00e0 l&rsquo;arri\u00e8re assure un c\u00e2blage propre et prot\u00e8ge les connexions pendant l&rsquo;utilisation et le transport. Les pieds en caoutchouc garantissent la stabilit\u00e9 et prot\u00e8gent l&rsquo;unit\u00e9 des chocs.<\/p>\n<p>Caract\u00e9ristiques :<br \/>\nPanneau en polypropyl\u00e8ne noir de 6,5 mm<br \/>\nProfil\u00e9s en aluminium 22 x 22 mm<br \/>\n4 pi\u00e8ces d&rsquo;angle moyennes en forme de L<br \/>\n1 poign\u00e9e de transport robuste<br \/>\n2 mini-fermoirs papillon<br \/>\n8 petites pi\u00e8ces d&rsquo;angle \u00e0 billes en acier<br \/>\nRembourrage en mousse dans la base et le couvercle pour une protection optimale de l&rsquo;unit\u00e9<\/p>\n<p>Fabriqu\u00e9 en Allemagne<br \/>\nDimensions ext\u00e9rieures (L x P x H) : 475 x 390 x 151 mm<br \/>\nPoids : 4,2 kg<\/p>\n","protected":false},"excerpt":{"rendered":"<p>Mallette de transport compacte et robuste, sp\u00e9cialement con\u00e7ue pour le plancher de stade Line 6 Helix. Elle permet d&rsquo;utiliser l&rsquo;unit\u00e9<\/p>\n","protected":false},"featured_media":295650,"template":"","meta":{"_acf_changed":false},"product_brand":[],"product_cat":[16365],"product_tag":[],"class_list":{"0":"post-295669","1":"product","2":"type-product","3":"status-publish","4":"has-post-thumbnail","6":"product_cat-pedalcase-fr","8":"first","9":"instock","10":"taxable","11":"shipping-taxable","12":"purchasable","13":"product-type-simple"},"acf":[],"_links":{"self":[{"href":"https:\/\/megacase.com\/fr\/wp-json\/wp\/v2\/product\/295669","targetHints":{"allow":["GET"]}}],"collection":[{"href":"https:\/\/megacase.com\/fr\/wp-json\/wp\/v2\/product"}],"about":[{"href":"https:\/\/megacase.com\/fr\/wp-json\/wp\/v2\/types\/product"}],"wp:featuredmedia":[{"embeddable":true,"href":"https:\/\/megacase.com\/fr\/wp-json\/wp\/v2\/media\/295650"}],"wp:attachment":[{"href":"https:\/\/megacase.com\/fr\/wp-json\/wp\/v2\/media?parent=295669"}],"wp:term":[{"taxonomy":"product_brand","embeddable":true,"href":"https:\/\/megacase.com\/fr\/wp-json\/wp\/v2\/product_brand?post=295669"},{"taxonomy":"product_cat","embeddable":true,"href":"https:\/\/megacase.com\/fr\/wp-json\/wp\/v2\/product_cat?post=295669"},{"taxonomy":"product_tag","embeddable":true,"href":"https:\/\/megacase.com\/fr\/wp-json\/wp\/v2\/product_tag?post=295669"}],"curies":[{"name":"wp","href":"https:\/\/api.w.org\/{rel}","templated":true}]}}