{"id":295589,"date":"2026-03-26T07:26:38","date_gmt":"2026-03-26T06:26:38","guid":{"rendered":"https:\/\/megacase.com\/?post_type=product&#038;p=295589"},"modified":"2026-03-26T13:41:39","modified_gmt":"2026-03-26T12:41:39","slug":"boite-a-accessoires-rako-euronorm-e2-600-x-400-x-120-mm","status":"publish","type":"product","link":"https:\/\/megacase.com\/fr\/produit\/boite-a-accessoires-rako-euronorm-e2-600-x-400-x-120-mm\/","title":{"rendered":"Bo\u00eete \u00e0 accessoires Rako Euronorm E2 (600 \u00d7 400 \u00d7 120 mm)"},"content":{"rendered":"<p>Bo\u00eete \u00e0 accessoires robuste et empilable au format Euronorm, id\u00e9ale pour le rangement organis\u00e9 et le transport s\u00e9curis\u00e9 d&rsquo;\u00e9quipements et de petites pi\u00e8ces.<\/p>\n<p>Caract\u00e9ristiques techniques :<br \/>\nDimensions ext\u00e9rieures : 600 \u00d7 400 \u00d7 120 mm<br \/>\nVolume : 20 litres<br \/>\nPoids : 1,38 kg<br \/>\nCouleur : Gris<\/p>\n<p>Avantages :<br \/>\nParois lat\u00e9rales ferm\u00e9es pour une protection optimale du contenu<br \/>\nFond ferm\u00e9 pour une grande stabilit\u00e9 et un chargement s\u00e9curis\u00e9<br \/>\n2 poign\u00e9es encastr\u00e9es int\u00e9gr\u00e9es pour une manipulation ais\u00e9e<\/p>\n","protected":false},"excerpt":{"rendered":"<p>Bo\u00eete \u00e0 accessoires robuste et empilable au format Euronorm, id\u00e9ale pour le rangement organis\u00e9 et le transport s\u00e9curis\u00e9 d&rsquo;\u00e9quipements et<\/p>\n","protected":false},"featured_media":295586,"template":"","meta":{"_acf_changed":false},"product_brand":[],"product_cat":[16336],"product_tag":[],"class_list":{"0":"post-295589","1":"product","2":"type-product","3":"status-publish","4":"has-post-thumbnail","6":"product_cat-uncategorized-fr","8":"first","9":"instock","10":"taxable","11":"shipping-taxable","12":"purchasable","13":"product-type-simple"},"acf":[],"_links":{"self":[{"href":"https:\/\/megacase.com\/fr\/wp-json\/wp\/v2\/product\/295589","targetHints":{"allow":["GET"]}}],"collection":[{"href":"https:\/\/megacase.com\/fr\/wp-json\/wp\/v2\/product"}],"about":[{"href":"https:\/\/megacase.com\/fr\/wp-json\/wp\/v2\/types\/product"}],"wp:featuredmedia":[{"embeddable":true,"href":"https:\/\/megacase.com\/fr\/wp-json\/wp\/v2\/media\/295586"}],"wp:attachment":[{"href":"https:\/\/megacase.com\/fr\/wp-json\/wp\/v2\/media?parent=295589"}],"wp:term":[{"taxonomy":"product_brand","embeddable":true,"href":"https:\/\/megacase.com\/fr\/wp-json\/wp\/v2\/product_brand?post=295589"},{"taxonomy":"product_cat","embeddable":true,"href":"https:\/\/megacase.com\/fr\/wp-json\/wp\/v2\/product_cat?post=295589"},{"taxonomy":"product_tag","embeddable":true,"href":"https:\/\/megacase.com\/fr\/wp-json\/wp\/v2\/product_tag?post=295589"}],"curies":[{"name":"wp","href":"https:\/\/api.w.org\/{rel}","templated":true}]}}