{"id":295580,"date":"2026-03-25T07:53:24","date_gmt":"2026-03-25T06:53:24","guid":{"rendered":"https:\/\/megacase.com\/?post_type=product&#038;p=295580"},"modified":"2026-03-26T13:41:39","modified_gmt":"2026-03-26T12:41:39","slug":"etui-a-rabat-avec-systeme-de-levage-pour-grandma3-light","status":"publish","type":"product","link":"https:\/\/megacase.com\/fr\/produit\/etui-a-rabat-avec-systeme-de-levage-pour-grandma3-light\/","title":{"rendered":"\u00c9tui \u00e0 rabat avec syst\u00e8me de levage pour GrandMA3 Light"},"content":{"rendered":"<p>\u00c9tui \u00e0 rabat professionnel avec syst\u00e8me de levage int\u00e9gr\u00e9, con\u00e7u pour la GrandMA3 Light. Le plateau de la table de mixage est r\u00e9glable en hauteur gr\u00e2ce \u00e0 une colonne de levage et amovible pour une flexibilit\u00e9 maximale.<\/p>\n<p>Le couvercle est enti\u00e8rement amovible \u00e0 l&rsquo;avant et sur le dessus, permettant un acc\u00e8s rapide et facile. Deux adaptateurs pour moniteurs sont inclus. Une station d&rsquo;accueil int\u00e9gr\u00e9e derri\u00e8re la table de mixage assure une gestion optimale des c\u00e2bles.<\/p>\n<p>Un plateau robuste pour clavier (58 \u00d7 25 cm) est int\u00e9gr\u00e9 sous le plateau de la table de mixage. L&rsquo;int\u00e9rieur pr\u00e9sente un agencement compartiment\u00e9 bien pens\u00e9, avec de la place pour deux moniteurs orient\u00e9s verticalement et un compartiment s\u00e9par\u00e9 pour les accessoires.<\/p>\n<p>Deux grandes poign\u00e9es rabattables de chaque c\u00f4t\u00e9 et deux poign\u00e9es encastr\u00e9es sur le couvercle facilitent le transport. Quatre roulettes pivotantes de 100 mm, dont deux avec frein, assurent un d\u00e9placement ais\u00e9.<\/p>\n<p>Caract\u00e9ristiques :<br \/>\nContreplaqu\u00e9 multiplex noir 9 mm RAL 9004<br \/>\nProfil\u00e9 aluminium 35 x 35 mm<br \/>\n10 \u00e9querres d&rsquo;angle en L \u00e0 gradins<br \/>\n6 grands loquets papillon<br \/>\n8 grandes poign\u00e9es rabattables<br \/>\n2 poign\u00e9es de bord<br \/>\n1 porte-\u00e9tiquettes<br \/>\n8 \u00e9querres d&rsquo;angle \u00e0 rotule<br \/>\n4 roulettes pivotantes de 100 mm, dont 2 avec frein<br \/>\nAm\u00e9nagements int\u00e9rieurs<br \/>\nRembourrage en mousse<\/p>\n<p>** Remarque : L&rsquo;\u00e9quipement pr\u00e9sent\u00e9 est \u00e0 titre indicatif uniquement et n&rsquo;est PAS inclus dans l&rsquo;offre.<\/p>\n<p>Fabriqu\u00e9 en Allemagne<br \/>\nDimensions ext\u00e9rieures approximatives (L x P x H) : 1137 x 612 x 970 mm<br \/>\nPoids approximatif : 152,1 kg<\/p>\n","protected":false},"excerpt":{"rendered":"<p>\u00c9tui \u00e0 rabat professionnel avec syst\u00e8me de levage int\u00e9gr\u00e9, con\u00e7u pour la GrandMA3 Light. Le plateau de la table de<\/p>\n","protected":false},"featured_media":295529,"template":"","meta":{"_acf_changed":false},"product_brand":[],"product_cat":[13828],"product_tag":[],"class_list":{"0":"post-295580","1":"product","2":"type-product","3":"status-publish","4":"has-post-thumbnail","6":"product_cat-mischpult-cases-fr","8":"first","9":"instock","10":"taxable","11":"shipping-taxable","12":"purchasable","13":"product-type-simple"},"acf":[],"_links":{"self":[{"href":"https:\/\/megacase.com\/fr\/wp-json\/wp\/v2\/product\/295580","targetHints":{"allow":["GET"]}}],"collection":[{"href":"https:\/\/megacase.com\/fr\/wp-json\/wp\/v2\/product"}],"about":[{"href":"https:\/\/megacase.com\/fr\/wp-json\/wp\/v2\/types\/product"}],"wp:featuredmedia":[{"embeddable":true,"href":"https:\/\/megacase.com\/fr\/wp-json\/wp\/v2\/media\/295529"}],"wp:attachment":[{"href":"https:\/\/megacase.com\/fr\/wp-json\/wp\/v2\/media?parent=295580"}],"wp:term":[{"taxonomy":"product_brand","embeddable":true,"href":"https:\/\/megacase.com\/fr\/wp-json\/wp\/v2\/product_brand?post=295580"},{"taxonomy":"product_cat","embeddable":true,"href":"https:\/\/megacase.com\/fr\/wp-json\/wp\/v2\/product_cat?post=295580"},{"taxonomy":"product_tag","embeddable":true,"href":"https:\/\/megacase.com\/fr\/wp-json\/wp\/v2\/product_tag?post=295580"}],"curies":[{"name":"wp","href":"https:\/\/api.w.org\/{rel}","templated":true}]}}