{"id":295515,"date":"2026-03-26T09:02:44","date_gmt":"2026-03-26T08:02:44","guid":{"rendered":"https:\/\/megacase.com\/?post_type=product&#038;p=295515"},"modified":"2026-03-26T13:41:38","modified_gmt":"2026-03-26T12:41:38","slug":"coffret-professionnel-avec-2x13-boites-a-accessoires-600x400x120-mm","status":"publish","type":"product","link":"https:\/\/megacase.com\/fr\/produit\/coffret-professionnel-avec-2x13-boites-a-accessoires-600x400x120-mm\/","title":{"rendered":"Coffret professionnel avec 2&#215;13 bo\u00eetes \u00e0 accessoires, 600x400x120 mm"},"content":{"rendered":"<p>Ce coffret professionnel haut de gamme a \u00e9t\u00e9 con\u00e7u pour une efficacit\u00e9 et une mobilit\u00e9 optimales dans les applications professionnelles. Gr\u00e2ce \u00e0 sa conception ing\u00e9nieuse, il peut accueillir 13 bo\u00eetes Euro de chaque c\u00f4t\u00e9, soit un total de 26 bo\u00eetes \u00e0 accessoires.<\/p>\n<p>Le coffret repose sur huit roulettes pivotantes robustes de 100 mm, dont quatre avec frein, pour une maniabilit\u00e9 ais\u00e9e et un verrouillage s\u00e9curis\u00e9. Tous les composants sont noirs, assurant une apparence uniforme et professionnelle. Pour une manipulation ais\u00e9e, le coffret est \u00e9quip\u00e9 de dix poign\u00e9es rabattables (moyennes, anodis\u00e9es noires). Six fermetures papillon (moyennes, anodis\u00e9es noires) garantissent une fermeture s\u00e9curis\u00e9e, m\u00eame dans des conditions de transport difficiles.<\/p>\n<p>Les bo\u00eetes Euro Rako (dimensions ext\u00e9rieures 600 x 400 x 120 mm) coulissent en douceur sur des bords en aluminium robustes de 3 mm, permettant une insertion et un retrait faciles \u2013 id\u00e9al pour un acc\u00e8s rapide au quotidien.<\/p>\n<p>Caract\u00e9ristiques :<br \/>\nContreplaqu\u00e9 de bouleau 9 mm, rev\u00eatement PVC<br \/>\n&#8211; Coloris au choix parmi notre nuancier<br \/>\nProfil\u00e9 en aluminium anodis\u00e9 noir 30 x 30 mm<br \/>\nProfil\u00e9 hybride de verrouillage 9 mm, anodis\u00e9 noir<br \/>\n6 loquets papillon moyens, anodis\u00e9s noirs<br \/>\n10 poign\u00e9es pliantes moyennes, anodis\u00e9es noires<br \/>\n8 coins \u00e0 billes \u00e9tag\u00e9s, anodis\u00e9s noirs<br \/>\n26 bacs Rako 600 x 400 x 120 mm<br \/>\n8 roulettes pivotantes noires, dont 4 avec frein<\/p>\n<p>Fabriqu\u00e9 en Allemagne<br \/>\nDimensions ext\u00e9rieures : L x P x H 849 x 662 x 1852 mm<br \/>\nPoids approximatif : 83,9 kg \/ avec bacs : 117,7 kg<\/p>\n","protected":false},"excerpt":{"rendered":"<p>Ce coffret professionnel haut de gamme a \u00e9t\u00e9 con\u00e7u pour une efficacit\u00e9 et une mobilit\u00e9 optimales dans les applications professionnelles.<\/p>\n","protected":false},"featured_media":295488,"template":"","meta":{"_acf_changed":false},"product_brand":[],"product_cat":[13818],"product_tag":[],"class_list":{"0":"post-295515","1":"product","2":"type-product","3":"status-publish","4":"has-post-thumbnail","6":"product_cat-case-zubehoer-fr","8":"first","9":"instock","10":"taxable","11":"shipping-taxable","12":"purchasable","13":"product-type-simple"},"acf":[],"_links":{"self":[{"href":"https:\/\/megacase.com\/fr\/wp-json\/wp\/v2\/product\/295515","targetHints":{"allow":["GET"]}}],"collection":[{"href":"https:\/\/megacase.com\/fr\/wp-json\/wp\/v2\/product"}],"about":[{"href":"https:\/\/megacase.com\/fr\/wp-json\/wp\/v2\/types\/product"}],"wp:featuredmedia":[{"embeddable":true,"href":"https:\/\/megacase.com\/fr\/wp-json\/wp\/v2\/media\/295488"}],"wp:attachment":[{"href":"https:\/\/megacase.com\/fr\/wp-json\/wp\/v2\/media?parent=295515"}],"wp:term":[{"taxonomy":"product_brand","embeddable":true,"href":"https:\/\/megacase.com\/fr\/wp-json\/wp\/v2\/product_brand?post=295515"},{"taxonomy":"product_cat","embeddable":true,"href":"https:\/\/megacase.com\/fr\/wp-json\/wp\/v2\/product_cat?post=295515"},{"taxonomy":"product_tag","embeddable":true,"href":"https:\/\/megacase.com\/fr\/wp-json\/wp\/v2\/product_tag?post=295515"}],"curies":[{"name":"wp","href":"https:\/\/api.w.org\/{rel}","templated":true}]}}