{"id":295455,"date":"2026-03-26T09:02:44","date_gmt":"2026-03-26T08:02:44","guid":{"rendered":"https:\/\/megacase.com\/?post_type=product&#038;p=295455"},"modified":"2026-03-26T13:41:37","modified_gmt":"2026-03-26T12:41:37","slug":"valise-inclinee-pour-machine-a-expresso-bezzera-mitica-et-moulin-a-cafe-eureka-mignon","status":"publish","type":"product","link":"https:\/\/megacase.com\/fr\/produit\/valise-inclinee-pour-machine-a-expresso-bezzera-mitica-et-moulin-a-cafe-eureka-mignon\/","title":{"rendered":"Valise inclin\u00e9e pour machine \u00e0 expresso Bezzera Mitica et moulin \u00e0 caf\u00e9 Eureka Mignon"},"content":{"rendered":"<p>Cette valise trolley inclin\u00e9e de haute qualit\u00e9 a \u00e9t\u00e9 sp\u00e9cialement con\u00e7ue pour le transport et l&rsquo;utilisation en toute s\u00e9curit\u00e9 d&rsquo;une machine \u00e0 expresso Bezzera Mitica et d&rsquo;un moulin \u00e0 caf\u00e9 Eureka Mignon.<\/p>\n<p>Personnalisable et r\u00e9sistante aux chocs ! Id\u00e9ale pour les \u00e9v\u00e9nements, les traiteurs ou les baristas mobiles.<\/p>\n<p>Fabriqu\u00e9e en contreplaqu\u00e9 laqu\u00e9 robuste de 6,8 mm, la valise impressionne par sa stabilit\u00e9 et sa durabilit\u00e9. Choisissez votre couleur parmi notre nuancier pour un style unique.<\/p>\n<p>Gr\u00e2ce \u00e0 sa conception inclin\u00e9e, la valise permet un acc\u00e8s rapide et facile \u00e0 la machine pendant son utilisation. La poign\u00e9e trolley renforc\u00e9e int\u00e9gr\u00e9e et la combinaison de roues et de pieds assurent une mobilit\u00e9 et une stabilit\u00e9 optimales.<\/p>\n<p>L&rsquo;int\u00e9rieur, avec sa mousse sur mesure, prot\u00e8ge efficacement la machine et le moulin des chocs et des contraintes li\u00e9es au transport.<\/p>\n<p>Caract\u00e9ristiques :<br \/>\nContreplaqu\u00e9 laqu\u00e9 de 6,8 mm<br \/>\nCouleur au choix parmi notre nuancier<br \/>\nProfil\u00e9 aluminium 25 x 25 mm<br \/>\n4 \u00e9querres moyennes<br \/>\n6 poign\u00e9es pliantes moyennes<br \/>\n5 fermetures papillon moyennes<br \/>\n8 coins \u00e0 billes en acier moyens<br \/>\n1 mini-fermoir papillon<br \/>\n1 poign\u00e9e t\u00e9lescopique robuste<br \/>\n2 roulettes d&rsquo;angle de 48 mm<br \/>\n4 pieds en caoutchouc de 38 x 25 mm<br \/>\nRembourrage en mousse<\/p>\n<p>** Remarque : L&rsquo;\u00e9quipement pr\u00e9sent\u00e9 est \u00e0 titre indicatif uniquement et n&rsquo;est PAS inclus dans l&rsquo;offre.<\/p>\n<p>Fabriqu\u00e9 en Allemagne<br \/>\nDimensions ext\u00e9rieures approximatives (L x P x H) : 545 x 595 x 663 mm<br \/>\nPoids approximatif : 16 kg<\/p>\n","protected":false},"excerpt":{"rendered":"<p>Cette valise trolley inclin\u00e9e de haute qualit\u00e9 a \u00e9t\u00e9 sp\u00e9cialement con\u00e7ue pour le transport et l&rsquo;utilisation en toute s\u00e9curit\u00e9 d&rsquo;une<\/p>\n","protected":false},"featured_media":295382,"template":"","meta":{"_acf_changed":false},"product_brand":[],"product_cat":[13745],"product_tag":[],"class_list":{"0":"post-295455","1":"product","2":"type-product","3":"status-publish","4":"has-post-thumbnail","6":"product_cat-catering-und-event-cases-fr","8":"first","9":"instock","10":"taxable","11":"shipping-taxable","12":"purchasable","13":"product-type-simple"},"acf":[],"_links":{"self":[{"href":"https:\/\/megacase.com\/fr\/wp-json\/wp\/v2\/product\/295455","targetHints":{"allow":["GET"]}}],"collection":[{"href":"https:\/\/megacase.com\/fr\/wp-json\/wp\/v2\/product"}],"about":[{"href":"https:\/\/megacase.com\/fr\/wp-json\/wp\/v2\/types\/product"}],"wp:featuredmedia":[{"embeddable":true,"href":"https:\/\/megacase.com\/fr\/wp-json\/wp\/v2\/media\/295382"}],"wp:attachment":[{"href":"https:\/\/megacase.com\/fr\/wp-json\/wp\/v2\/media?parent=295455"}],"wp:term":[{"taxonomy":"product_brand","embeddable":true,"href":"https:\/\/megacase.com\/fr\/wp-json\/wp\/v2\/product_brand?post=295455"},{"taxonomy":"product_cat","embeddable":true,"href":"https:\/\/megacase.com\/fr\/wp-json\/wp\/v2\/product_cat?post=295455"},{"taxonomy":"product_tag","embeddable":true,"href":"https:\/\/megacase.com\/fr\/wp-json\/wp\/v2\/product_tag?post=295455"}],"curies":[{"name":"wp","href":"https:\/\/api.w.org\/{rel}","templated":true}]}}