{"id":295328,"date":"2026-03-26T09:02:45","date_gmt":"2026-03-26T08:02:45","guid":{"rendered":"https:\/\/megacase.com\/?post_type=product&#038;p=295328"},"modified":"2026-03-26T13:41:36","modified_gmt":"2026-03-26T12:41:36","slug":"baie-double-professionnelle-14u-19-pouces-avec-rails-de-montage","status":"publish","type":"product","link":"https:\/\/megacase.com\/fr\/produit\/baie-double-professionnelle-14u-19-pouces-avec-rails-de-montage\/","title":{"rendered":"Baie double professionnelle 14U 19 pouces avec rails de montage"},"content":{"rendered":"<p>Cette baie double 14U 19 pouces de haute qualit\u00e9 impressionne par sa construction robuste et ses fonctionnalit\u00e9s pratiques.<\/p>\n<p>Avec une profondeur d&rsquo;installation de 500 mm et une profondeur d&rsquo;armoire de 595 mm, elle offre un espace g\u00e9n\u00e9reux pour une grande vari\u00e9t\u00e9 d&rsquo;\u00e9quipements.<\/p>\n<p>Ses portes avant en plexiglas permettent une visibilit\u00e9 directe et permanente des \u00e9quipements install\u00e9s.<\/p>\n<p>Des poign\u00e9es rabattables int\u00e9gr\u00e9es sur les c\u00f4t\u00e9s facilitent sa manipulation. Des grilles de ventilation sont install\u00e9es \u00e0 gauche et \u00e0 droite pour une circulation d&rsquo;air optimale.<\/p>\n<p>L&rsquo;arri\u00e8re est \u00e9quip\u00e9 de deux grandes portes de service et d&rsquo;une sortie de c\u00e2bles pratique pour une gestion propre des c\u00e2bles.<\/p>\n<p>Les rails de montage perfor\u00e9s \u00e0 l&rsquo;avant et \u00e0 l&rsquo;arri\u00e8re sont \u00e9quip\u00e9s d&rsquo;\u00e9crous cage et permettent un montage flexible des \u00e9quipements.<\/p>\n<p>Gr\u00e2ce \u00e0 ses quatre roulettes pivotantes robustes de 100 mm, dont deux avec frein, la baie est \u00e0 la fois mobile et stable.<\/p>\n<p>Caract\u00e9ristiques :<br \/>\nContreplaqu\u00e9 ph\u00e9nolique brun de 9 mm<br \/>\nProfil\u00e9 aluminium 30 x 30 mm<br \/>\n4 \u00e9querres moyennes<br \/>\n4 grandes charni\u00e8res en L<br \/>\n2 poign\u00e9es pliantes moyennes<br \/>\n6 charni\u00e8res papillon moyennes<br \/>\n2 charni\u00e8res \u00e0 6 trous<br \/>\n8 grandes rotules d&rsquo;angle<br \/>\n2 plateaux de ventilation<br \/>\nRails de baie informatique avant et arri\u00e8re<br \/>\n4 roulettes pivotantes de 100 mm, dont 2 avec freins<\/p>\n<p>Fabriqu\u00e9 en Allemagne<br \/>\nDimensions ext\u00e9rieures approximatives (L x P x H) : 1050 x 695 x 815 mm<br \/>\nPoids approximatif : 50 kg<\/p>\n","protected":false},"excerpt":{"rendered":"<p>Cette baie double 14U 19 pouces de haute qualit\u00e9 impressionne par sa construction robuste et ses fonctionnalit\u00e9s pratiques. Avec une<\/p>\n","protected":false},"featured_media":295301,"template":"","meta":{"_acf_changed":false},"product_brand":[],"product_cat":[13593],"product_tag":[],"class_list":{"0":"post-295328","1":"product","2":"type-product","3":"status-publish","4":"has-post-thumbnail","6":"product_cat-racks-fr","8":"first","9":"instock","10":"taxable","11":"shipping-taxable","12":"purchasable","13":"product-type-simple"},"acf":[],"_links":{"self":[{"href":"https:\/\/megacase.com\/fr\/wp-json\/wp\/v2\/product\/295328","targetHints":{"allow":["GET"]}}],"collection":[{"href":"https:\/\/megacase.com\/fr\/wp-json\/wp\/v2\/product"}],"about":[{"href":"https:\/\/megacase.com\/fr\/wp-json\/wp\/v2\/types\/product"}],"wp:featuredmedia":[{"embeddable":true,"href":"https:\/\/megacase.com\/fr\/wp-json\/wp\/v2\/media\/295301"}],"wp:attachment":[{"href":"https:\/\/megacase.com\/fr\/wp-json\/wp\/v2\/media?parent=295328"}],"wp:term":[{"taxonomy":"product_brand","embeddable":true,"href":"https:\/\/megacase.com\/fr\/wp-json\/wp\/v2\/product_brand?post=295328"},{"taxonomy":"product_cat","embeddable":true,"href":"https:\/\/megacase.com\/fr\/wp-json\/wp\/v2\/product_cat?post=295328"},{"taxonomy":"product_tag","embeddable":true,"href":"https:\/\/megacase.com\/fr\/wp-json\/wp\/v2\/product_tag?post=295328"}],"curies":[{"name":"wp","href":"https:\/\/api.w.org\/{rel}","templated":true}]}}