{"id":295212,"date":"2026-03-19T14:42:56","date_gmt":"2026-03-19T13:42:56","guid":{"rendered":"https:\/\/megacase.com\/product\/pedalcase-g66-eu-fractal-vp4-am4-2x-ev-2\/"},"modified":"2026-03-26T13:41:40","modified_gmt":"2026-03-26T12:41:40","slug":"pedalcase-g66-eu-fractal-vp4-am4-2x-ev-2","status":"publish","type":"product","link":"https:\/\/megacase.com\/fr\/produit\/pedalcase-g66-eu-fractal-vp4-am4-2x-ev-2\/","title":{"rendered":"Pedalcase G66.eu Fractal VP4 \/ AM4 + 2x EV-2"},"content":{"rendered":"<p>\u00c9tui pour p\u00e9dales G66.eu \u2013 con\u00e7u pour un Fractal VP4 ou un Fractal AM4 avec deux p\u00e9dales d&rsquo;expression EV-2. Un espace g\u00e9n\u00e9reux derri\u00e8re le p\u00e9dalier assure une gestion propre des c\u00e2bles. Les p\u00e9dales du compartiment inf\u00e9rieur restent facilement accessibles et utilisables en permanence. Vis de fixation incluses \u2013 finition avec logo G66.eu.<\/p>\n<p>Caract\u00e9ristiques\u00a0:<br \/>\nMix\u00e9 orange 6,8 mm (RAL 2008)<br \/>\nBordures en aluminium 22\/22<br \/>\n4 \u00e9querres moyennes en L<br \/>\n4 mini pieds papillon<br \/>\n1 poign\u00e9e en cuir<br \/>\n4 petites \u00e9querres sph\u00e9riques<br \/>\n4 petites \u00e9querres sph\u00e9riques en L<br \/>\n4 pieds en caoutchouc (38 x 10 mm)<br \/>\nInsert en mousse<br \/>\nFabriqu\u00e9 en Allemagne<\/p>\n<p>Dimensions ext\u00e9rieures (L x P x H)\u00a0: 642 x 380 x 156 mm<br \/>\nPoids\u00a0: 6,9 kg<\/p>\n","protected":false},"excerpt":{"rendered":"<p>\u00c9tui pour p\u00e9dales G66.eu \u2013 con\u00e7u pour un Fractal VP4 ou un Fractal AM4 avec deux p\u00e9dales d&rsquo;expression EV-2. Un<\/p>\n","protected":false},"featured_media":295204,"template":"","meta":{"_acf_changed":false},"product_brand":[],"product_cat":[16365],"product_tag":[],"class_list":{"0":"post-295212","1":"product","2":"type-product","3":"status-publish","4":"has-post-thumbnail","6":"product_cat-pedalcase-fr","8":"first","9":"instock","10":"taxable","11":"shipping-taxable","12":"purchasable","13":"product-type-simple"},"acf":[],"_links":{"self":[{"href":"https:\/\/megacase.com\/fr\/wp-json\/wp\/v2\/product\/295212","targetHints":{"allow":["GET"]}}],"collection":[{"href":"https:\/\/megacase.com\/fr\/wp-json\/wp\/v2\/product"}],"about":[{"href":"https:\/\/megacase.com\/fr\/wp-json\/wp\/v2\/types\/product"}],"wp:featuredmedia":[{"embeddable":true,"href":"https:\/\/megacase.com\/fr\/wp-json\/wp\/v2\/media\/295204"}],"wp:attachment":[{"href":"https:\/\/megacase.com\/fr\/wp-json\/wp\/v2\/media?parent=295212"}],"wp:term":[{"taxonomy":"product_brand","embeddable":true,"href":"https:\/\/megacase.com\/fr\/wp-json\/wp\/v2\/product_brand?post=295212"},{"taxonomy":"product_cat","embeddable":true,"href":"https:\/\/megacase.com\/fr\/wp-json\/wp\/v2\/product_cat?post=295212"},{"taxonomy":"product_tag","embeddable":true,"href":"https:\/\/megacase.com\/fr\/wp-json\/wp\/v2\/product_tag?post=295212"}],"curies":[{"name":"wp","href":"https:\/\/api.w.org\/{rel}","templated":true}]}}