{"id":294991,"date":"2026-03-19T14:21:19","date_gmt":"2026-03-19T13:21:19","guid":{"rendered":"https:\/\/megacase.com\/product\/pedalcase-g66-eu-fractal-2x-vp4-am4-2x-ev-2\/"},"modified":"2026-03-26T13:41:40","modified_gmt":"2026-03-26T12:41:40","slug":"pedalcase-g66-eu-fractal-2x-vp4-am4-2x-ev-2","status":"publish","type":"product","link":"https:\/\/megacase.com\/fr\/produit\/pedalcase-g66-eu-fractal-2x-vp4-am4-2x-ev-2\/","title":{"rendered":"Pedalcase G66.eu Fractal 2x VP4 \/ AM4 + 2x EV-2"},"content":{"rendered":"<p>\u00c9tui pour p\u00e9daliers G66.eu \u2013 con\u00e7u pour deux p\u00e9daliers Fractal VP4 ou Fractal AM4, chacun \u00e9quip\u00e9 d&rsquo;une p\u00e9dale d&rsquo;expression EV-2. Gestion des c\u00e2bles int\u00e9gr\u00e9e derri\u00e8re les p\u00e9daliers. Les p\u00e9dales du compartiment inf\u00e9rieur restent accessibles et utilisables en permanence. Rembourrage en mousse et logo G66.eu imprim\u00e9.<\/p>\n<p>Tissu orange multiplex 6,8 mm (RAL 2008)<\/p>\n<p>Bordures en aluminium 22\/22<\/p>\n<p>4 coins en L moyens<br \/>\n4 coins papillon mini<br \/>\n1 poign\u00e9e en cuir<br \/>\n4 coins sph\u00e9riques petits<br \/>\n4 coins sph\u00e9riques en L petits<br \/>\n4 pieds en caoutchouc (38 x 10 mm)<br \/>\nMousse<\/p>\n<p>Fabriqu\u00e9 en Allemagne<br \/>\nDimensions ext\u00e9rieures (L x P x H) : 912 x 383 x 156 mm<br \/>\nPoids : 9,2 kg<\/p>\n","protected":false},"excerpt":{"rendered":"<p>\u00c9tui pour p\u00e9daliers G66.eu \u2013 con\u00e7u pour deux p\u00e9daliers Fractal VP4 ou Fractal AM4, chacun \u00e9quip\u00e9 d&rsquo;une p\u00e9dale d&rsquo;expression EV-2.<\/p>\n","protected":false},"featured_media":295031,"template":"","meta":{"_acf_changed":false},"product_brand":[],"product_cat":[16365],"product_tag":[],"class_list":{"0":"post-294991","1":"product","2":"type-product","3":"status-publish","4":"has-post-thumbnail","6":"product_cat-pedalcase-fr","8":"first","9":"instock","10":"taxable","11":"shipping-taxable","12":"purchasable","13":"product-type-simple"},"acf":[],"_links":{"self":[{"href":"https:\/\/megacase.com\/fr\/wp-json\/wp\/v2\/product\/294991","targetHints":{"allow":["GET"]}}],"collection":[{"href":"https:\/\/megacase.com\/fr\/wp-json\/wp\/v2\/product"}],"about":[{"href":"https:\/\/megacase.com\/fr\/wp-json\/wp\/v2\/types\/product"}],"wp:featuredmedia":[{"embeddable":true,"href":"https:\/\/megacase.com\/fr\/wp-json\/wp\/v2\/media\/295031"}],"wp:attachment":[{"href":"https:\/\/megacase.com\/fr\/wp-json\/wp\/v2\/media?parent=294991"}],"wp:term":[{"taxonomy":"product_brand","embeddable":true,"href":"https:\/\/megacase.com\/fr\/wp-json\/wp\/v2\/product_brand?post=294991"},{"taxonomy":"product_cat","embeddable":true,"href":"https:\/\/megacase.com\/fr\/wp-json\/wp\/v2\/product_cat?post=294991"},{"taxonomy":"product_tag","embeddable":true,"href":"https:\/\/megacase.com\/fr\/wp-json\/wp\/v2\/product_tag?post=294991"}],"curies":[{"name":"wp","href":"https:\/\/api.w.org\/{rel}","templated":true}]}}